{"id":154,"date":"2020-05-01T11:34:20","date_gmt":"2020-05-01T11:34:20","guid":{"rendered":"http:\/\/blogs.uab.cat\/evot\/?page_id=154"},"modified":"2023-05-19T12:52:57","modified_gmt":"2023-05-19T10:52:57","slug":"implementacio-de-dades","status":"publish","type":"page","link":"https:\/\/webs.uab.cat\/evot\/implementacio-de-dades\/","title":{"rendered":"Implementaci\u00f3 de dades"},"content":{"rendered":"\n<h2 class=\"wp-block-heading\">El cens electoral i les candidatures per implementar a la plataforma eVot<\/h2>\n\n\n<p>Les dades del cens electoral i de les candidatures, necess\u00e0ries per a la plataforma de votaci\u00f3 electr\u00f2nica, les ha de complimentar el centre d&#8217;acord amb les codificacions i especificacions que es determinin per a cada elecci\u00f3.<\/p>\n<p>L&#8217;OCI s&#8217;encarregar\u00e0 de implementar aquesta informaci\u00f3 a la plataforma de votaci\u00f3 electr\u00f2nica a partir dels arxius que li trametr\u00e0 el centre corresponent.<\/p>\n<p>Els manuals i els documents es poden consultar i descarregar a les p\u00e0gines:<\/p>\n\n\n<ul class=\"has-blanc-coco-color has-verd-tropic-background-color has-text-color has-background wp-block-list\"><li><a href=\"https:\/\/webs.uab.cat\/evot\/implementacio-de-dades\/com-es-fa-el-cens\/\">Com es fa el cens<\/a><\/li><li><a href=\"https:\/\/webs.uab.cat\/evot\/implementacio-de-dades\/com-es-fan-les-candidatures\/\">Com es fan les candidatures<\/a><\/li><\/ul>\n","protected":false},"excerpt":{"rendered":"<p>El cens electoral i les candidatures per implementar a la plataforma eVot Les dades del cens electoral i de les candidatures, necess\u00e0ries per a la plataforma de votaci\u00f3 electr\u00f2nica, les ha de complimentar el centre d&#8217;acord amb les codificacions i especificacions que es determinin per a cada elecci\u00f3. L&#8217;OCI s&#8217;encarregar\u00e0 de implementar aquesta informaci\u00f3 a [&hellip;]<\/p>\n","protected":false},"author":26,"featured_media":0,"parent":0,"menu_order":50,"comment_status":"closed","ping_status":"closed","template":"","meta":{"footnotes":""},"class_list":["post-154","page","type-page","status-publish","hentry"],"_links":{"self":[{"href":"https:\/\/webs.uab.cat\/evot\/wp-json\/wp\/v2\/pages\/154","targetHints":{"allow":["GET"]}}],"collection":[{"href":"https:\/\/webs.uab.cat\/evot\/wp-json\/wp\/v2\/pages"}],"about":[{"href":"https:\/\/webs.uab.cat\/evot\/wp-json\/wp\/v2\/types\/page"}],"author":[{"embeddable":true,"href":"https:\/\/webs.uab.cat\/evot\/wp-json\/wp\/v2\/users\/26"}],"replies":[{"embeddable":true,"href":"https:\/\/webs.uab.cat\/evot\/wp-json\/wp\/v2\/comments?post=154"}],"version-history":[{"count":4,"href":"https:\/\/webs.uab.cat\/evot\/wp-json\/wp\/v2\/pages\/154\/revisions"}],"predecessor-version":[{"id":1663,"href":"https:\/\/webs.uab.cat\/evot\/wp-json\/wp\/v2\/pages\/154\/revisions\/1663"}],"wp:attachment":[{"href":"https:\/\/webs.uab.cat\/evot\/wp-json\/wp\/v2\/media?parent=154"}],"curies":[{"name":"wp","href":"https:\/\/api.w.org\/{rel}","templated":true}]}}