{"id":1566,"date":"2022-11-08T12:00:12","date_gmt":"2022-11-08T10:00:12","guid":{"rendered":"https:\/\/webs.uab.cat\/evot\/?page_id=1566"},"modified":"2026-04-16T14:03:47","modified_gmt":"2026-04-16T12:03:47","slug":"junta-electoral-meses-electorals","status":"publish","type":"page","link":"https:\/\/webs.uab.cat\/evot\/evot-centres\/junta-electoral-meses-electorals\/","title":{"rendered":"Junta Electoral i meses electorals electr\u00f2niques"},"content":{"rendered":"\n<h2 class=\"wp-block-heading\"><strong>La Junta Electoral de Centre<\/strong><\/h2>\n\n\n\n<p><a href=\"https:\/\/seuelectronica.uab.cat\/juntes-electorals-de-facultat-i-d-escola\">https:\/\/seuelectronica.uab.cat\/juntes-electorals-de-facultat-i-d-escola<\/a><\/p>\n\n\n\n<div class=\"wp-block-group has-accent-background-color has-background\"><div class=\"wp-block-group__inner-container is-layout-flow wp-block-group-is-layout-flow\">\n<p>La <strong>Junta Electoral de Centre<\/strong> \u00e9s l\u2019\u00f2rgan que decideix tot els temes referents al proc\u00e9s electoral. Tamb\u00e9 l\u2019aplicaci\u00f3 de la normativa i la composici\u00f3 de meses electorals i d\u2019administraci\u00f3 electr\u00f2nica.<\/p>\n<\/div><\/div>\n\n\n\n<p><\/p>\n\n\n\n<p><strong>La Junta Electoral Centre <\/strong>est\u00e0 formada per cinc membres i els seus respectius suplents:<\/p>\n\n\n\n<ul class=\"wp-block-list\">\n<li>el secretari de la facultat, que n&#8217;\u00e9s membre nat i la presideix,<\/li>\n\n\n\n<li>un professor funcionari, <\/li>\n\n\n\n<li>un professor contractat, <\/li>\n\n\n\n<li>un estudiant <\/li>\n\n\n\n<li>i un membre del personal d&#8217;administraci\u00f3 i serveis <\/li>\n<\/ul>\n\n\n\n<p>escollits mitjan\u00e7ant sorteig, que se celebrar\u00e0 cada dos anys, entre els membres de la facultat.<br><br>La Junta de Facultat o Escola t\u00e9 les mateixes compet\u00e8ncies que la Junta Electoral General en l&#8217;\u00e0mbit de la seva circumscripci\u00f3.<br><a href=\"https:\/\/seuelectronica.uab.cat\/junta-electoral-general\">https:\/\/seuelectronica.uab.cat\/junta-electoral-general<\/a><\/p>\n\n\n\n<p><br>Els acords de les juntes electorals de facultat i d&#8217;escola s\u00f3n recurribles en al\u00e7ada davant la Junta Electoral General.<br><\/p>\n\n\n\n<div style=\"height:34px\" aria-hidden=\"true\" class=\"wp-block-spacer\"><\/div>\n\n\n\n<h2 class=\"wp-block-heading\">Meses electorals electr\u00f2niques<\/h2>\n\n\n\n<div class=\"wp-block-group has-blanc-coco-color has-verd-tropic-background-color has-text-color has-background\"><div class=\"wp-block-group__inner-container is-layout-flow wp-block-group-is-layout-flow\">\n<p>Per a cada elecci\u00f3 cal constituir:<\/p>\n\n\n\n<ul class=\"wp-block-list\">\n<li>una <strong>mesa electoral electr\u00f2nica<\/strong> <\/li>\n\n\n\n<li>una <strong>mesa d\u2019administraci\u00f3 electr\u00f2nica.<\/strong><\/li>\n<\/ul>\n\n\n\n<p><strong>La mesa electoral i la mesa d\u2019administraci\u00f3 es reuneixen dos cops per a cada elecci\u00f3:<\/strong><\/p>\n\n\n\n<ul class=\"wp-block-list\">\n<li>Dia que es constitueix la mesa (com a m\u00ednim tres dies abans de l\u2019inici del per\u00edode de votaci\u00f3).<\/li>\n\n\n\n<li>Dia de l\u2019escrutini (normalment coincideix amb el dia i hora del final de la votaci\u00f3).<\/li>\n<\/ul>\n\n\n\n<p><strong>El sorteig dels membres de la mesa electoral  el fa la Junta Electoral de Facultat o Escola corresponent.<\/strong><\/p>\n<\/div><\/div>\n\n\n\n<div style=\"height:17px\" aria-hidden=\"true\" class=\"wp-block-spacer\"><\/div>\n\n\n\n<h2 class=\"wp-block-heading\">1. <strong>Mesa electoral electr\u00f2nica<\/strong><\/h2>\n\n\n\n<p>D\u2019acord amb el reglament electoral:<br><a href=\"https:\/\/seuelectronica.uab.cat\/reglament-electoral#ANNEX\">https:\/\/seuelectronica.uab.cat\/reglament-electoral#ANNEX<\/a><\/p>\n\n\n\n<p>S&#8217;ha de constituir <strong>una mesa electoral espec\u00edfica i \u00fanica per al vot electr\u00f2nic<\/strong>.<\/p>\n\n\n\n<p>La mesa electoral de votaci\u00f3 electr\u00f2nica <strong>est\u00e0 formada per cinc membres<\/strong>.<\/p>\n\n\n\n<p>En el cas que l&#8217;elecci\u00f3 sigui d&#8217;un <strong>\u00e0mbit territorial de la UAB<\/strong> la mesa electoral de votaci\u00f3 electr\u00f2nica estar\u00e0 formada:<\/p>\n\n\n\n<ul class=\"wp-block-list\">\n<li>per un membre de l&#8217;Equip de Govern corresponent, que actua com a president o presidenta,<\/li>\n\n\n\n<li>per un vocal que designi el membre de l&#8217;Equip de Govern de la UAB competent en mat\u00e8ria de la societat de la informaci\u00f3 (actualment, el membre de l&#8217;Equip de Govern de la UAB amb compet\u00e8ncies TIC ha delegat en que els equips de Govern territorials determinin la figura que ha de fer aquesta tasca en representaci\u00f3 seva). <\/li>\n\n\n\n<li>i tres vocals escollits mitjan\u00e7ant el mecanisme de sorteig regulat en el Reglament Electoral <a href=\"https:\/\/seuelectronica.uab.cat\/reglament-electoral#A16\" data-type=\"URL\" data-id=\"https:\/\/seuelectronica.uab.cat\/reglament-electoral#A16\">(https:\/\/seuelectronica.uab.cat\/reglament-electoral#A16<\/a>).<\/li>\n<\/ul>\n\n\n\n<p><strong>No poden ser incloses en el sorteig les persones que hagin presentat candidatura<\/strong>.<\/p>\n\n\n\n<p>Tamb\u00e9 han de ser designats dos suplents per cadascun dels membres de la mesa, els quals substituiran les vacants produ\u00efdes segons l&#8217;ordre del sorteig.<\/p>\n\n\n\n<div style=\"height:25px\" aria-hidden=\"true\" class=\"wp-block-spacer\"><\/div>\n\n\n\n<p><\/p>\n\n\n\n<p><strong>Les funcions de la mesa electoral de votaci\u00f3 electr\u00f2nica s\u00f3n les seg\u00fcents:<\/strong><\/p>\n\n\n\n<p>1. Estendre les actes corresponents.<br><br>2. Vetllar pel correcte desenvolupament del proc\u00e9s.<br><br>3. Custodiar la clau desxifradora que garanteix l&#8217;acc\u00e9s a l&#8217;ordinador que fa d&#8217;urna, sense la qual no \u00e9s possible accedir als vots emesos.<\/p>\n\n\n\n<p>4. Ordenar l&#8217;execuci\u00f3 de l&#8217;escrutini electr\u00f2nic fent servir la clau desxifradora..<br><br>5. Ordenar, previ assessorament, la resoluci\u00f3 de les incid\u00e8ncies o anomalies t\u00e8cniques que puguin sorgir durant el procediment, llevat les que siguin compet\u00e8ncia de la Junta Electoral General.<\/p>\n\n\n\n<p><\/p>\n\n\n\n<p><strong>Clau desxifradora i PIN personal<\/strong><\/p>\n\n\n\n<p>Les meses electorals es configuren amb una clau desxifradora repartida pels diferents membres i amb un pin personal.<\/p>\n\n\n\n<ul class=\"wp-block-list\">\n<li>La<strong> clau desxifradora<\/strong>, que reparteix autom\u00e0ticament la plataforma,<strong> <\/strong>es divideix en diverses targetes, una per a cada membre de la mesa. Aquesta clau no es podr\u00e0 reconstituir fins que es reuneixin tots els membres.<\/li>\n\n\n\n<li>Cada membre de la mesa codifica la targeta amb un <strong>PIN personal <\/strong>de 8 d\u00edgits per protegir la seva part de la clau desxifradora.<\/li>\n<\/ul>\n\n\n\n<figure class=\"wp-block-image size-full\"><img loading=\"lazy\" decoding=\"async\" width=\"698\" height=\"241\" src=\"https:\/\/webs.uab.cat\/evot\/wp-content\/uploads\/sites\/32\/2022\/11\/imatge.png\" alt=\"\" class=\"wp-image-1614\" srcset=\"https:\/\/webs.uab.cat\/evot\/wp-content\/uploads\/sites\/32\/2022\/11\/imatge.png 698w, https:\/\/webs.uab.cat\/evot\/wp-content\/uploads\/sites\/32\/2022\/11\/imatge-300x104.png 300w\" sizes=\"auto, (max-width: 698px) 100vw, 698px\" \/><\/figure>\n\n\n\n<div style=\"height:29px\" aria-hidden=\"true\" class=\"wp-block-spacer\"><\/div>\n\n\n\n<h2 class=\"wp-block-heading\">2. <strong>Mesa d\u2019administraci\u00f3 electr\u00f2nica<\/strong><\/h2>\n\n\n\n<p>Per facilitar tasques administratives, a les convocat\u00f2ries de les eleccions, es pot regular la creaci\u00f3 d\u2019una <strong>mesa d\u2019administraci\u00f3 electr\u00f2nica<\/strong>. <\/p>\n\n\n\n<p>Aquesta mesa no pot fer escrutinis i la seva funci\u00f3 es donar suport a la Junta Electoral corresponent per si cal fer actuacions administratives, en el sistema de votaci\u00f3 electr\u00f2nica, sense haver de convocar tota la <strong>mesa electoral electr\u00f2nica.<\/strong><\/p>\n\n\n\n<p>Normalment, aquesta mesa d\u2019administraci\u00f3 la formen 3 persones (amb un llindar d\u2019actuaci\u00f3 de dues). Habitualment, per a Junta de Facultat o Escola, la conformen:<\/p>\n\n\n\n<ul class=\"wp-block-list\">\n<li>el secretari o secret\u00e0ria de l\u2019equip de deganat del centre (o una persona en qui delegui del mateix equip)<\/li>\n\n\n\n<li>una persona de suport administratiu del deganat (normalment el secretari o secret\u00e0ria).<\/li>\n\n\n\n<li>una persona de l\u2019equip t\u00e8cnic de gesti\u00f3 eVot de l\u2019Oficina de Coordinaci\u00f3 Institucional.<\/li>\n<\/ul>\n\n\n\n<p>Es pot consultar el model de convocat\u00f2ria a: <a href=\"https:\/\/webs.uab.cat\/evot\/evot-centres\/convocatoria-eleccions\/\">https:\/\/webs.uab.cat\/evot\/evot-centres\/convocatoria-eleccions\/<\/a><\/p>\n\n\n\n<p>La configuraci\u00f3 de la mesa d&#8217;administraci\u00f3 electr\u00f2nica, amb la <strong>clau desxifradora<\/strong> i el <strong>PIN personal<\/strong>, funciona igual que el descrit per a la mesa electoral.<\/p>\n","protected":false},"excerpt":{"rendered":"<p>La Junta Electoral de Centre https:\/\/seuelectronica.uab.cat\/juntes-electorals-de-facultat-i-d-escola La Junta Electoral de Centre \u00e9s l\u2019\u00f2rgan que decideix tot els temes referents al proc\u00e9s electoral. Tamb\u00e9 l\u2019aplicaci\u00f3 de la normativa i la composici\u00f3 de meses electorals i d\u2019administraci\u00f3 electr\u00f2nica. La Junta Electoral Centre est\u00e0 formada per cinc membres i els seus respectius suplents: escollits mitjan\u00e7ant sorteig, que se [&hellip;]<\/p>\n","protected":false},"author":26,"featured_media":0,"parent":18,"menu_order":44,"comment_status":"closed","ping_status":"closed","template":"","meta":{"footnotes":""},"class_list":["post-1566","page","type-page","status-publish","hentry"],"_links":{"self":[{"href":"https:\/\/webs.uab.cat\/evot\/wp-json\/wp\/v2\/pages\/1566","targetHints":{"allow":["GET"]}}],"collection":[{"href":"https:\/\/webs.uab.cat\/evot\/wp-json\/wp\/v2\/pages"}],"about":[{"href":"https:\/\/webs.uab.cat\/evot\/wp-json\/wp\/v2\/types\/page"}],"author":[{"embeddable":true,"href":"https:\/\/webs.uab.cat\/evot\/wp-json\/wp\/v2\/users\/26"}],"replies":[{"embeddable":true,"href":"https:\/\/webs.uab.cat\/evot\/wp-json\/wp\/v2\/comments?post=1566"}],"version-history":[{"count":19,"href":"https:\/\/webs.uab.cat\/evot\/wp-json\/wp\/v2\/pages\/1566\/revisions"}],"predecessor-version":[{"id":1834,"href":"https:\/\/webs.uab.cat\/evot\/wp-json\/wp\/v2\/pages\/1566\/revisions\/1834"}],"up":[{"embeddable":true,"href":"https:\/\/webs.uab.cat\/evot\/wp-json\/wp\/v2\/pages\/18"}],"wp:attachment":[{"href":"https:\/\/webs.uab.cat\/evot\/wp-json\/wp\/v2\/media?parent=1566"}],"curies":[{"name":"wp","href":"https:\/\/api.w.org\/{rel}","templated":true}]}}