{"id":163,"date":"2020-05-01T11:46:33","date_gmt":"2020-05-01T11:46:33","guid":{"rendered":"http:\/\/blogs.uab.cat\/evot\/?page_id=163"},"modified":"2024-11-14T17:09:52","modified_gmt":"2024-11-14T15:09:52","slug":"com-es-fa-el-cens","status":"publish","type":"page","link":"https:\/\/webs.uab.cat\/evot\/implementacio-de-dades\/com-es-fa-el-cens\/","title":{"rendered":"Com es fa el cens"},"content":{"rendered":"\n<h2 class=\"wp-block-heading\">Eleccions a deg\u00e0 o degana de facultat o director o directora d&#8217;escola<\/h2>\n\n\n\n<p>La configuraci\u00f3 del cens per les <strong>eleccions a deg\u00e0 o degana de facultat o director o directora d&#8217;escola<\/strong> \u00e9s diferent al cens per a les eleccions a Junta de Facultat o Escola.<\/p>\n\n\n\n<p class=\"has-marro-stradivari-color has-text-color\"><strong>Per a la configuraci\u00f3 dels cens per a aquesta tipologia d&#8217;eleccions cal parlar directament amb l&#8217;Oficina de Coordinaci\u00f3 Institucional<\/strong>.<\/p>\n\n\n\n<div style=\"height:58px\" aria-hidden=\"true\" class=\"wp-block-spacer\"><\/div>\n\n\n\n<h2 class=\"wp-block-heading\"><strong>Eleccions a Junta de Facultat o Escola<\/strong><\/h2>\n\n\n\n<p><\/p>\n\n\n\n<ul class=\"wp-block-list\">\n<li>El cens electoral es confeccionar\u00e0 a partir dels diferents fitxers generats per a cada elecci\u00f3.<\/li>\n\n\n\n<li>En la data que determini cada calendari electoral, el centre demanar\u00e0 els llistats dels&nbsp; sectors A, B i D a l&#8217;OCI (que els treballar\u00e0 amb les \u00e0rees de RRHH) i el llistat del sector C a la gesti\u00f3 acad\u00e8mica del seu centre.<\/li>\n\n\n\n<li>Cada centre confeccionar\u00e0 el cens a partir dels llistats dels 4 sectors amb la codificaci\u00f3 de cada circumscripci\u00f3 electoral.<\/li>\n\n\n\n<li><a href=\"https:\/\/webs.uab.cat\/evot\/wp-content\/uploads\/sites\/32\/2021\/06\/CIRCUIT-PER-CONFECCIONAR-EL-CENS-ELECTORAL.pdf\">Diagrama del circuit de generaci\u00f3 de llistats del cens electoral (pdf).<\/a><\/li>\n<\/ul>\n\n\n\n<p><\/p>\n\n\n\n<p class=\"has-accent-background-color has-background\"><strong>Per l&#8217;elaboraci\u00f3 del cens electoral<\/strong>, que cal implementar a la plataforma de votaci\u00f3 electr\u00f2nica, es pot descarregar el document <strong>MsEXCEL<\/strong> del cens que hi ha en aquesta p\u00e0gina.<\/p>\n\n\n\n<p><strong>Cal triar un dels dos models: <span style=\"color: #800000\"><\/span><\/strong><\/p>\n\n\n\n<ul class=\"wp-block-list\">\n<li>Un<strong> (1)<\/strong> est\u00e0 preparat per posar els noms en un \u00fanic camp<br><span style=\"color: #808080\">(\/Cognom1 Cognom2, Nom\/)<\/span><\/li>\n\n\n\n<li>l&#8217;altre <strong>(2)<\/strong> en tres camps diferents<br><span style=\"color: #808080\">(\/Cognom1 \/ Cognom2 \/ Nom\/).<\/span><\/li>\n\n\n\n<li>El manual est\u00e0 en el document en pdf<\/li>\n<\/ul>\n\n\n\n<p class=\"has-blanc-coco-color has-text-color\"><strong>IMPORTANT:<\/strong> <\/p>\n\n\n\n<div class=\"wp-block-media-text is-stacked-on-mobile\" style=\"grid-template-columns:15% auto\"><figure class=\"wp-block-media-text__media\"><img loading=\"lazy\" decoding=\"async\" width=\"452\" height=\"452\" src=\"https:\/\/webs.uab.cat\/evot\/wp-content\/uploads\/sites\/32\/2021\/04\/ms-excel.png\" alt=\"\" class=\"wp-image-990 size-full\" srcset=\"https:\/\/webs.uab.cat\/evot\/wp-content\/uploads\/sites\/32\/2021\/04\/ms-excel.png 452w, https:\/\/webs.uab.cat\/evot\/wp-content\/uploads\/sites\/32\/2021\/04\/ms-excel-300x300.png 300w, https:\/\/webs.uab.cat\/evot\/wp-content\/uploads\/sites\/32\/2021\/04\/ms-excel-150x150.png 150w\" sizes=\"auto, (max-width: 452px) 100vw, 452px\" \/><\/figure><div class=\"wp-block-media-text__content\">\n<h5 class=\"wp-block-heading has-blanc-coco-color has-accent-background-color has-text-color has-background has-small-font-size\"><a href=\"https:\/\/webs.uab.cat\/evot\/wp-content\/uploads\/sites\/32\/2017\/09\/Model_Cens_Noms_1_Columna.xls\" target=\"_blank\" rel=\"noreferrer noopener\">(1) Model de cens (noms en 1 columna)<\/a><\/h5>\n<\/div><\/div>\n\n\n\n<div class=\"wp-block-media-text is-stacked-on-mobile\" style=\"grid-template-columns:15% auto\"><figure class=\"wp-block-media-text__media\"><img loading=\"lazy\" decoding=\"async\" width=\"452\" height=\"452\" src=\"https:\/\/webs.uab.cat\/evot\/wp-content\/uploads\/sites\/32\/2021\/04\/ms-excel.png\" alt=\"\" class=\"wp-image-990 size-full\" srcset=\"https:\/\/webs.uab.cat\/evot\/wp-content\/uploads\/sites\/32\/2021\/04\/ms-excel.png 452w, https:\/\/webs.uab.cat\/evot\/wp-content\/uploads\/sites\/32\/2021\/04\/ms-excel-300x300.png 300w, https:\/\/webs.uab.cat\/evot\/wp-content\/uploads\/sites\/32\/2021\/04\/ms-excel-150x150.png 150w\" sizes=\"auto, (max-width: 452px) 100vw, 452px\" \/><\/figure><div class=\"wp-block-media-text__content\">\n<p class=\"has-blanc-coco-color has-accent-background-color has-text-color has-background has-small-font-size\"><strong><a href=\"https:\/\/webs.uab.cat\/evot\/wp-content\/uploads\/sites\/32\/2017\/09\/Model_Cens_Noms_3_Columnes.xls\" target=\"_blank\" rel=\"noreferrer noopener\">(2) Model de cens (noms en 3 columnes)<\/a><\/strong><\/p>\n<\/div><\/div>\n\n\n\n<div class=\"wp-block-media-text is-stacked-on-mobile\" style=\"grid-template-columns:15% auto\"><figure class=\"wp-block-media-text__media\"><img loading=\"lazy\" decoding=\"async\" width=\"452\" height=\"452\" src=\"https:\/\/webs.uab.cat\/evot\/wp-content\/uploads\/sites\/32\/2021\/04\/pdf-2-v1.png\" alt=\"\" class=\"wp-image-1052 size-full\" srcset=\"https:\/\/webs.uab.cat\/evot\/wp-content\/uploads\/sites\/32\/2021\/04\/pdf-2-v1.png 452w, https:\/\/webs.uab.cat\/evot\/wp-content\/uploads\/sites\/32\/2021\/04\/pdf-2-v1-300x300.png 300w, https:\/\/webs.uab.cat\/evot\/wp-content\/uploads\/sites\/32\/2021\/04\/pdf-2-v1-150x150.png 150w\" sizes=\"auto, (max-width: 452px) 100vw, 452px\" \/><\/figure><div class=\"wp-block-media-text__content\">\n<p class=\"has-blanc-coco-color has-accent-background-color has-text-color has-background has-small-font-size\"><strong><a href=\"https:\/\/webs.uab.cat\/evot\/wp-content\/uploads\/sites\/32\/2017\/09\/Com_es_fa_EXCEL_CENS.pdf\" target=\"_blank\" rel=\"noreferrer noopener\">MANUAL:  Com es fa l&#8217;Excel del Cens<\/a><\/strong><\/p>\n<\/div><\/div>\n\n\n\n<h5 class=\"wp-block-heading\"><span style=\"color: #800000\"><strong><a href=\"https:\/\/webs.uab.cat\/evot\/wp-content\/uploads\/sites\/32\/2017\/09\/Model_Cens_Noms_3_Columnes.xls\"><\/a><\/strong><\/span><\/h5>\n\n\n\n<div style=\"height:100px\" aria-hidden=\"true\" class=\"wp-block-spacer\"><\/div>\n\n\n\n<div class=\"wp-block-media-text is-stacked-on-mobile\" style=\"grid-template-columns:15% auto\"><figure class=\"wp-block-media-text__media\"><img decoding=\"async\" src=\"https:\/\/static.thenounproject.com\/png\/371288-200.png\" alt=\"Info Icons - Download Free Vector Icons | Noun Project\" \/><\/figure><div class=\"wp-block-media-text__content\">\n<p class=\"has-small-font-size\"><strong>Per a dubtes contacteu amb nosaltres: <a href=\"mailto:eleccions@uab.cat\">eleccions@uab.cat <\/a>o truqueu per tel\u00e8fon o per TEAMS a l\u2019equip eVot de l\u2019OCI<\/strong><\/p>\n<\/div><\/div>\n\n\n\n<p><\/p>\n","protected":false},"excerpt":{"rendered":"<p>Eleccions a deg\u00e0 o degana de facultat o director o directora d&#8217;escola La configuraci\u00f3 del cens per les eleccions a deg\u00e0 o degana de facultat o director o directora d&#8217;escola \u00e9s diferent al cens per a les eleccions a Junta de Facultat o Escola. Per a la configuraci\u00f3 dels cens per a aquesta tipologia d&#8217;eleccions [&hellip;]<\/p>\n","protected":false},"author":26,"featured_media":0,"parent":154,"menu_order":10,"comment_status":"closed","ping_status":"closed","template":"","meta":{"footnotes":""},"class_list":["post-163","page","type-page","status-publish","hentry"],"_links":{"self":[{"href":"https:\/\/webs.uab.cat\/evot\/wp-json\/wp\/v2\/pages\/163","targetHints":{"allow":["GET"]}}],"collection":[{"href":"https:\/\/webs.uab.cat\/evot\/wp-json\/wp\/v2\/pages"}],"about":[{"href":"https:\/\/webs.uab.cat\/evot\/wp-json\/wp\/v2\/types\/page"}],"author":[{"embeddable":true,"href":"https:\/\/webs.uab.cat\/evot\/wp-json\/wp\/v2\/users\/26"}],"replies":[{"embeddable":true,"href":"https:\/\/webs.uab.cat\/evot\/wp-json\/wp\/v2\/comments?post=163"}],"version-history":[{"count":26,"href":"https:\/\/webs.uab.cat\/evot\/wp-json\/wp\/v2\/pages\/163\/revisions"}],"predecessor-version":[{"id":1768,"href":"https:\/\/webs.uab.cat\/evot\/wp-json\/wp\/v2\/pages\/163\/revisions\/1768"}],"up":[{"embeddable":true,"href":"https:\/\/webs.uab.cat\/evot\/wp-json\/wp\/v2\/pages\/154"}],"wp:attachment":[{"href":"https:\/\/webs.uab.cat\/evot\/wp-json\/wp\/v2\/media?parent=163"}],"curies":[{"name":"wp","href":"https:\/\/api.w.org\/{rel}","templated":true}]}}