{"id":18,"date":"2020-05-01T09:43:46","date_gmt":"2020-05-01T09:43:46","guid":{"rendered":"http:\/\/blogs.uab.cat\/evot\/?page_id=18"},"modified":"2026-04-16T14:38:43","modified_gmt":"2026-04-16T12:38:43","slug":"evot-centres","status":"publish","type":"page","link":"https:\/\/webs.uab.cat\/evot\/evot-centres\/","title":{"rendered":"Gesti\u00f3 als centres"},"content":{"rendered":"\n<h2 class=\"wp-block-heading\">Com es gestionen les eleccions amb votaci\u00f3 electr\u00f2nica als centres<\/h2>\n\n\n\n<p class=\"has-marro-stradivari-color has-text-color\">IMPORTANT<\/p>\n\n\n\n<p class=\"has-marro-stradivari-color has-text-color\">Les eleccions a <strong>deg\u00e0 o degana de facultat o director o directora d&#8217;escola<\/strong> estan regulades, de MANERA TRANSIT\u00d2RIA (a partir de l&#8217;entrada en vigor de la LOSU), pel <a href=\"https:\/\/seuelectronica.uab.cat\/reglament-electoral#A33\" target=\"_blank\" rel=\"noreferrer noopener\">T\u00edtol II del Reglament Electoral (eleccions a rector o rectora)<\/a><\/p>\n\n\n\n<p>Les <strong>eleccions a Consell de Centre<\/strong> estan regulades pel <a href=\"https:\/\/seuelectronica.uab.cat\/reglament-electoral#A51\" target=\"_blank\" rel=\"noopener\">T\u00edtol IV del Reglament Electoral<\/a> i pel <a href=\"https:\/\/www.uab.cat\/web\/coneix-la-uab-cei\/normatives\/facultats-i-escoles-1345668305717.html\" target=\"_blank\" rel=\"noopener\">reglament de cada centre.<\/a><\/p>\n\n\n\n<p class=\"has-blanc-coco-color has-verd-tropic-background-color has-text-color has-background\">El <a href=\"https:\/\/seuelectronica.uab.cat\/juntes-de-facultat-o-escola\" target=\"_blank\" rel=\"noopener\">proc\u00e9s electoral \u00e9s responsabilitat del centre corresponent<\/a> i de la seva <a href=\"https:\/\/seuelectronica.uab.cat\/juntes-electorals-de-centres\" target=\"_blank\" rel=\"noreferrer noopener\">junta electoral de centre<\/a>.<\/p>\n\n\n\n<ul class=\"wp-block-list\">\n<li>El sistema de <strong>votaci\u00f3 electr\u00f2nica a les eleccions als centres<\/strong> (Consell de Centre \/ Elecci\u00f3 de deg\u00e0 o degana de facultat o director o directora d&#8217;escola) <strong>\u00fanicament substitueix les urnes de votaci\u00f3 presencial i el sistema de consulta del cens.<\/strong><\/li>\n\n\n\n<li>L\u2019OCI incorpora les dades a la plataforma de votaci\u00f3 electr\u00f2nica i dona suport al centre en l\u2019elaboraci\u00f3 de les dades i en l\u2019escrutini.<\/li>\n\n\n\n<li>El centre convoca, publica i segueix tots els tr\u00e0mits que marca el calendari electoral i d\u2019acord amb el reglament electoral i el seu reglament de centre.<\/li>\n\n\n\n<li>Per a les r<strong>eclamacions al cens<\/strong> i els <strong>resultats<\/strong> i per a la p<strong>resentaci\u00f3 i reclamaci\u00f3 de candidatures<\/strong>, es recomanen l&#8217;eina:  <a href=\"https:\/\/www.uab.cat\/web\/serveis-dtic\/correu-i-eines-de-col-laboracio-1345826750494.html?detid=1345844944092\">MS Forms Office365<\/a> corporatiu de la UAB.<\/li>\n<\/ul>\n\n\n\n<p class=\"has-accent-color has-text-color\">CONTINGUTS<\/p>\n\n\n\n<ul class=\"wp-block-list has-blanc-coco-color has-verd-tropic-background-color has-text-color has-background\">\n<li><a rel=\"noreferrer noopener\" href=\"https:\/\/webs.uab.cat\/evot\/evot-centres\/organitzacio-i-tasques\/\" target=\"_blank\">Qu\u00e8 cal fer i qui ho fa<\/a><\/li>\n\n\n\n<li><a rel=\"noreferrer noopener\" href=\"https:\/\/webs.uab.cat\/evot\/evot-centres\/calendari-evot\/\" target=\"_blank\">Calendari electoral<\/a><\/li>\n\n\n\n<li><a rel=\"noreferrer noopener\" href=\"https:\/\/webs.uab.cat\/evot\/evot-centres\/convocatoria-eleccions\/\" target=\"_blank\">Convocat\u00f2ria d\u2019eleccions<\/a><\/li>\n\n\n\n<li><a href=\"https:\/\/webs.uab.cat\/evot\/evot-centres\/junta-electoral-meses-electorals\/\" data-type=\"URL\" data-id=\"https:\/\/webs.uab.cat\/evot\/evot-centres\/junta-electoral-meses-electorals\/\">Junta Electoral i meses electorals electr\u00f2niques<\/a><\/li>\n\n\n\n<li><a rel=\"noreferrer noopener\" href=\"https:\/\/webs.uab.cat\/evot\/evot-centres\/la-informacio-als-usuaris\/\" target=\"_blank\">La informaci\u00f3 als usuaris<\/a><\/li>\n<\/ul>\n","protected":false},"excerpt":{"rendered":"<p>Com es gestionen les eleccions amb votaci\u00f3 electr\u00f2nica als centres IMPORTANT Les eleccions a deg\u00e0 o degana de facultat o director o directora d&#8217;escola estan regulades, de MANERA TRANSIT\u00d2RIA (a partir de l&#8217;entrada en vigor de la LOSU), pel T\u00edtol II del Reglament Electoral (eleccions a rector o rectora) Les eleccions a Consell de Centre [&hellip;]<\/p>\n","protected":false},"author":26,"featured_media":0,"parent":0,"menu_order":20,"comment_status":"closed","ping_status":"closed","template":"","meta":{"footnotes":""},"class_list":["post-18","page","type-page","status-publish","hentry"],"_links":{"self":[{"href":"https:\/\/webs.uab.cat\/evot\/wp-json\/wp\/v2\/pages\/18","targetHints":{"allow":["GET"]}}],"collection":[{"href":"https:\/\/webs.uab.cat\/evot\/wp-json\/wp\/v2\/pages"}],"about":[{"href":"https:\/\/webs.uab.cat\/evot\/wp-json\/wp\/v2\/types\/page"}],"author":[{"embeddable":true,"href":"https:\/\/webs.uab.cat\/evot\/wp-json\/wp\/v2\/users\/26"}],"replies":[{"embeddable":true,"href":"https:\/\/webs.uab.cat\/evot\/wp-json\/wp\/v2\/comments?post=18"}],"version-history":[{"count":28,"href":"https:\/\/webs.uab.cat\/evot\/wp-json\/wp\/v2\/pages\/18\/revisions"}],"predecessor-version":[{"id":1842,"href":"https:\/\/webs.uab.cat\/evot\/wp-json\/wp\/v2\/pages\/18\/revisions\/1842"}],"wp:attachment":[{"href":"https:\/\/webs.uab.cat\/evot\/wp-json\/wp\/v2\/media?parent=18"}],"curies":[{"name":"wp","href":"https:\/\/api.w.org\/{rel}","templated":true}]}}