{"id":402,"date":"2020-05-01T10:28:40","date_gmt":"2020-05-01T10:28:40","guid":{"rendered":"http:\/\/blogs.uab.cat\/evot\/?page_id=402"},"modified":"2026-04-16T11:47:57","modified_gmt":"2026-04-16T09:47:57","slug":"que-es-el-vot-electronic","status":"publish","type":"page","link":"https:\/\/webs.uab.cat\/evot\/inici\/que-es-el-vot-electronic\/","title":{"rendered":"L&#8217;eVot a la UAB"},"content":{"rendered":"\n<p>La Universitat Aut\u00f2noma de Barcelona participa en el projecte de votaci\u00f3 electr\u00f2nica impulsat per les universitats p\u00fabliques catalanes.<\/p>\n\n\n\n<p><strong>La votaci\u00f3 electr\u00f2nica a la UAB <\/strong>es desenvolupa mitjan\u00e7ant una plataforma inform\u00e0tica, comuna a totes les <strong>universitats p\u00fabliques de Catalunya<\/strong>, promoguda des de l\u2019<a rel=\"noopener\" href=\"http:\/\/www.acup.cat\/\" target=\"_blank\">ACUP<\/a> i gestionada des del <a rel=\"noopener\" href=\"https:\/\/www.csuc.cat\/ca\/serveis\/vot-electronic-e-vot\" target=\"_blank\">CSUC<\/a>, la qual inclou els sistemes de seguretat que garanteixen l\u2019anonimat dels vots emesos i disposa de les eines necess\u00e0ries per tal que els votants puguin comprovar que el seu vot ha estat v\u00e0lidament em\u00e8s, sense que es pugui establir la connexi\u00f3 entre el votant i el seu vot. <\/p>\n\n\n\n<p>Aquesta plataforma s\u2019allotja en el\u00a0 <a href=\"https:\/\/www.csuc.cat\/ca\/serveis\/e-administracio\" target=\"_blank\" rel=\"noopener\">cl\u00faster d\u2019e-Administraci\u00f3<\/a> del <strong>CSUC<\/strong> amb alta disponibilitat. <\/p>\n\n\n\n<p><span lang=\"CA\">La implementaci\u00f3 del sistema de votaci\u00f3 electr\u00f2nica s\u2019est\u00e0 fent de forma progressiva en les diferents tipologies d\u2019eleccions de la universitat.<\/span><\/p>\n\n\n\n<p>La UAB est\u00e0 utilitzant aquest sistema des de l\u2019any 2010 i va ser una de les primeres universitats que el va implementar. <a rel=\"noreferrer noopener\" href=\"https:\/\/seuelectronica.uab.cat\/el-vot-electronic-a-la-uab\" target=\"_blank\">Veure les diferents eleccions que s&#8217;han realitzat amb eVot a la UAB<\/a>. <span style=\"color: #008000\"><\/span><\/p>\n\n\n\n<h2 class=\"wp-block-heading\">Actualment s\u2019est\u00e0 implementant en els seg\u00fcents comicis:<\/h2>\n\n\n\n<ul class=\"wp-block-list\">\n<li><strong>Eleccions de rector o rectora<br><\/strong>Gestionades per l\u2019Oficina de Coordinaci\u00f3 Institucional.<br>Regulades per la Junta Electoral General.<br><a href=\"https:\/\/seuelectronica.uab.cat\/rectora-o-rector\" target=\"_blank\" rel=\"noopener\">M\u00e9s informaci\u00f3 sobre eleccions a rector o rectora.<\/a><\/li>\n<\/ul>\n\n\n\n<ul class=\"wp-block-list\">\n<li><strong>Eleccions de membres electes del Claustre<br><\/strong>Gestionades per l\u2019Oficina de Coordinaci\u00f3 Institucional.<br>Regulades per la Junta Electoral General.<br><a rel=\"noopener\" href=\"https:\/\/seuelectronica.uab.cat\/claustre\" target=\"_blank\">M\u00e9s informaci\u00f3 sobre eleccions al Claustre.<\/a><br><\/li>\n\n\n\n<li><strong>Eleccions de deg\u00e0 o degana de facultat o director o directora d&#8217;escola<br><\/strong>Gestionades pel deganat o direcci\u00f3 del centre corresponent.<br>Regulades per la Junta Electoral Territorial corresponent.<br><strong><em>A partir de la LOSU, de manera transit\u00f2ria, aquestes eleccions es regulen a partir del que estableix el reglament electoral per a eleccions a rector o rectora<\/em><\/strong>.<br><\/li>\n<\/ul>\n\n\n\n<ul class=\"wp-block-list\">\n<li><strong>Eleccions de membres electes de Consell de Centre<br><\/strong>Gestionades pel deganat o direcci\u00f3 del centre corresponent.<br>Regulades per la Junta Electoral Territorial corresponent.<br><a href=\"https:\/\/seuelectronica.uab.cat\/juntes-de-facultat-o-escola\" target=\"_blank\" rel=\"noopener\">M\u00e9s informaci\u00f3 sobre eleccions a Consell de Centre.<\/a><\/li>\n<\/ul>\n\n\n\n<ul class=\"wp-block-list\">\n<li><strong>Eleccions sindicals del PDI i del PTGAS: Junta de personal i Comit\u00e8 d\u2019Empresa<br><\/strong>Gestionades per l&#8217;\u00c0rea de Gesti\u00f3 de les persones.<br>Impulsades pels agents socials.<br>Regulades pel Reial Decret 1846\/1994, de 9 de setembre.<br><a href=\"https:\/\/seuelectronica.uab.cat\/eleccions-sindicals\" target=\"_blank\" rel=\"noopener\" class=\"actual-page\">M\u00e9s informaci\u00f3 sobre eleccions sindicals.<\/a><\/li>\n<\/ul>\n\n\n\n<p class=\"has-accent-background-color has-background\">El suport t\u00e8cnic a totes aquestes eleccions amb votaci\u00f3 electr\u00f2nica \u00e9s a c\u00e0rrec de l&#8217;OCI (Oficina de Coordinaci\u00f3 Institucional) i de L&#8217;APSI (\u00c0rea de Planificaci\u00f3 de Sistemes d\u2019Informaci\u00f3).<\/p>\n\n\n\n<p>Est\u00e0 previst incorporar progressivament aquest sistema a les altres modalitats electorals per sufragi universal:<\/p>\n\n\n\n<ul class=\"wp-block-list\">\n<li><a href=\"https:\/\/seuelectronica.uab.cat\/consells-de-departament\" target=\"_blank\" rel=\"noreferrer noopener\">Eleccions de membres electes de Consell de Departament.<\/a><\/li>\n\n\n\n<li><a href=\"https:\/\/seuelectronica.uab.cat\/consells-instituts-investigacio-i-centres-recerca\" target=\"_blank\" rel=\"noreferrer noopener\">Eleccions de membres electes de Consell d\u2019Institut d\u2019Investigaci\u00f3 o de Centre de Recerca propis.<\/a><\/li>\n<\/ul>\n\n\n\n<h2 class=\"wp-block-heading\"><strong>M\u00e9s informaci\u00f3<\/strong><\/h2>\n\n\n\n<ul class=\"wp-block-list\">\n<li><a href=\"https:\/\/seuelectronica.uab.cat\/seu-electoral\" target=\"_blank\" rel=\"noopener\">Seu electoral electr\u00f2nica<\/a><\/li>\n\n\n\n<li><a href=\"https:\/\/seuelectronica.uab.cat\/el-vot-electronic-a-la-uab\" target=\"_blank\" rel=\"noopener\">El vot electr\u00f2nic a l&#8217;Aut\u00f2noma<\/a><\/li>\n\n\n\n<li><a href=\"https:\/\/seuelectronica.uab.cat\/ajuda-com-es-vota\" target=\"_blank\" rel=\"noopener\">Ajuda: votaci\u00f3 i consulta del cens<\/a><\/li>\n\n\n\n<li><a href=\"https:\/\/seuelectronica.uab.cat\/preguntes-frequents-sobre-evot\" target=\"_blank\" rel=\"noopener\">Preguntes freq\u00fcents<\/a><\/li>\n\n\n\n<li><a href=\"https:\/\/seuelectronica.uab.cat\/reglament-electoral\" target=\"_blank\" rel=\"noopener\">Reglament Electoral UAB<\/a><\/li>\n\n\n\n<li><a href=\"https:\/\/seuelectronica.uab.cat\/eleccions-uab\" target=\"_blank\" rel=\"noopener\">Processos electorals<\/a><\/li>\n\n\n\n<li><a href=\"https:\/\/seuelectronica.uab.cat\/junta-electoral-general\" target=\"_blank\" rel=\"noopener\">Junta Electoral General<\/a><\/li>\n\n\n\n<li><a href=\"https:\/\/seuelectronica.uab.cat\/juntes-electorals-de-facultat-i-d-escola\" target=\"_blank\" rel=\"noopener\">Juntes Electorals de Facultat i d&#8217;Escola<\/a><\/li>\n<\/ul>\n","protected":false},"excerpt":{"rendered":"<p>La Universitat Aut\u00f2noma de Barcelona participa en el projecte de votaci\u00f3 electr\u00f2nica impulsat per les universitats p\u00fabliques catalanes. La votaci\u00f3 electr\u00f2nica a la UAB es desenvolupa mitjan\u00e7ant una plataforma inform\u00e0tica, comuna a totes les universitats p\u00fabliques de Catalunya, promoguda des de l\u2019ACUP i gestionada des del CSUC, la qual inclou els sistemes de seguretat que [&hellip;]<\/p>\n","protected":false},"author":26,"featured_media":0,"parent":11,"menu_order":10,"comment_status":"closed","ping_status":"closed","template":"","meta":{"footnotes":""},"class_list":["post-402","page","type-page","status-publish","hentry"],"_links":{"self":[{"href":"https:\/\/webs.uab.cat\/evot\/wp-json\/wp\/v2\/pages\/402","targetHints":{"allow":["GET"]}}],"collection":[{"href":"https:\/\/webs.uab.cat\/evot\/wp-json\/wp\/v2\/pages"}],"about":[{"href":"https:\/\/webs.uab.cat\/evot\/wp-json\/wp\/v2\/types\/page"}],"author":[{"embeddable":true,"href":"https:\/\/webs.uab.cat\/evot\/wp-json\/wp\/v2\/users\/26"}],"replies":[{"embeddable":true,"href":"https:\/\/webs.uab.cat\/evot\/wp-json\/wp\/v2\/comments?post=402"}],"version-history":[{"count":14,"href":"https:\/\/webs.uab.cat\/evot\/wp-json\/wp\/v2\/pages\/402\/revisions"}],"predecessor-version":[{"id":1832,"href":"https:\/\/webs.uab.cat\/evot\/wp-json\/wp\/v2\/pages\/402\/revisions\/1832"}],"up":[{"embeddable":true,"href":"https:\/\/webs.uab.cat\/evot\/wp-json\/wp\/v2\/pages\/11"}],"wp:attachment":[{"href":"https:\/\/webs.uab.cat\/evot\/wp-json\/wp\/v2\/media?parent=402"}],"curies":[{"name":"wp","href":"https:\/\/api.w.org\/{rel}","templated":true}]}}