{"id":97,"date":"2020-05-01T13:26:20","date_gmt":"2020-05-01T13:26:20","guid":{"rendered":"http:\/\/blogs.uab.cat\/evot\/?page_id=97"},"modified":"2025-02-24T11:28:37","modified_gmt":"2025-02-24T09:28:37","slug":"la-informacio-als-usuaris","status":"publish","type":"page","link":"https:\/\/webs.uab.cat\/evot\/evot-centres\/la-informacio-als-usuaris\/","title":{"rendered":"La informaci\u00f3 als usuaris"},"content":{"rendered":"\n<p><strong>La informaci\u00f3 electoral \u00e9s responsabilitat del centre que organitza els comicis<\/strong>. <\/p>\n\n\n\n<ul class=\"wp-block-list\">\n<li>Cada centre inclour\u00e0 un espai electoral en el seu web institucional amb la informaci\u00f3 del proc\u00e9s electoral.<\/li>\n\n\n\n<li> L\u2019Oficina de Coordinaci\u00f3 Institucional informar\u00e0 dels accessos a la votaci\u00f3 electr\u00f2nica, la consulta del cens i la consulta del rebut de votaci\u00f3 a la <a href=\"https:\/\/seuelectronica.uab.cat\/ca\/votacio-e\" target=\"_blank\" rel=\"noopener\">seu electoral electr\u00f2nica de la seu electr\u00f2nica de la UAB<\/a>.<\/li>\n<\/ul>\n\n\n\n<p><\/p>\n\n\n\n<h2 class=\"wp-block-heading\"><strong>Esquema sobre la informaci\u00f3 b\u00e0sica del web electoral<\/strong><br><strong>i a la Seu Electoral Electr\u00f2nica<\/strong><\/h2>\n\n\n\n<figure class=\"wp-block-image\"><img loading=\"lazy\" decoding=\"async\" width=\"946\" height=\"665\" src=\"https:\/\/webs.uab.cat\/evot\/wp-content\/uploads\/sites\/32\/2020\/05\/wevSeu-verd-elec.png\" alt=\"\" class=\"wp-image-832\" srcset=\"https:\/\/webs.uab.cat\/evot\/wp-content\/uploads\/sites\/32\/2020\/05\/wevSeu-verd-elec.png 946w, https:\/\/webs.uab.cat\/evot\/wp-content\/uploads\/sites\/32\/2020\/05\/wevSeu-verd-elec-300x211.png 300w, https:\/\/webs.uab.cat\/evot\/wp-content\/uploads\/sites\/32\/2020\/05\/wevSeu-verd-elec-768x540.png 768w\" sizes=\"auto, (max-width: 946px) 100vw, 946px\" \/><\/figure>\n\n\n\n<h2 class=\"wp-block-heading\"><strong>El web electoral<\/strong><\/h2>\n\n\n\n<p><strong>Cada centre<\/strong> informar\u00e0 en el seu web electoral de tot el proc\u00e9s electoral corresponent a les seves eleccions i mantindr\u00e0 els enlla\u00e7os corresponents a la Seu Electoral Electr\u00f2nica.<\/p>\n\n\n\n<p><strong>Estructura de continguts del web electoral recomanada als centres o entitats que organitzen eleccions<\/strong><\/p>\n\n\n\n<ul class=\"wp-block-list\">\n<li><strong>Convocat\u00f2ria eleccions<\/strong><br>Calendari<br>Documentaci\u00f3<\/li>\n\n\n\n<li><strong>Cens electoral<\/strong><br>Publicaci\u00f3 de l\u2019enlla\u00e7 a la consulta del cens provisional<br>Terminis per reclamacions, documents i procediment<br>Publicaci\u00f3 de l\u2019enlla\u00e7 a la consulta del cens definitiu<\/li>\n\n\n\n<li><strong>Candidatures<\/strong><br>Terminis de presentaci\u00f3, documents i procediment<br>Publicaci\u00f3 provisional de candidatures<br>Terminis per reclamacions, documents i procediment<br>Publicaci\u00f3 definitiva de candidatures<\/li>\n\n\n\n<li><strong>Votaci\u00f3<\/strong><br>Informaci\u00f3 campanya electoral<br>Informaci\u00f3 mesa electoral<br>Publicaci\u00f3 de l\u2019enlla\u00e7 a l\u2019acc\u00e9s a la votaci\u00f3<\/li>\n\n\n\n<li><strong>Resultats<\/strong><br>Publicaci\u00f3 de resultats provisionals<br>Terminis per reclamacions, documents i procediment<br>Publicaci\u00f3 de resultats definitius<br>Publicaci\u00f3 de l\u2019enlla\u00e7 a la consulta del rebut<\/li>\n<\/ul>\n\n\n\n<h2 class=\"wp-block-heading\"><strong>Seu electoral electr\u00f2nica<\/strong><\/h2>\n\n\n\n<p>L\u2019Oficina de Coordinaci\u00f3 Institucional informa dels <strong>accessos a la votaci\u00f3 electr\u00f2nica<\/strong>, la <strong>consulta del cens<\/strong> i la <strong>consulta del rebut de votaci\u00f3<\/strong> mitjan\u00e7ant la Seu Electoral Electr\u00f2nica de la Seu Electr\u00f2nica de la UAB. En aquest espai tamb\u00e9 es poden consultar el <strong>manuals d&#8217;ajuda&nbsp;<\/strong>de tot proc\u00e9s de votaci\u00f3 i l&#8217;espai de <strong>preguntes freq\u00fcents<\/strong>.<\/p>\n\n\n\n<p><a rel=\"noopener\" href=\"https:\/\/seuelectronica.uab.cat\/seu-electoral\" target=\"_blank\"><strong>https:\/\/seuelectronica.uab.cat\/seu-electoral<\/strong><\/a><\/p>\n\n\n<div class=\"wp-block-image\">\n<figure class=\"aligncenter size-full\"><img loading=\"lazy\" decoding=\"async\" width=\"908\" height=\"725\" src=\"https:\/\/webs.uab.cat\/evot\/wp-content\/uploads\/sites\/32\/2025\/02\/imatge.png\" alt=\"\" class=\"wp-image-1776\" srcset=\"https:\/\/webs.uab.cat\/evot\/wp-content\/uploads\/sites\/32\/2025\/02\/imatge.png 908w, https:\/\/webs.uab.cat\/evot\/wp-content\/uploads\/sites\/32\/2025\/02\/imatge-300x240.png 300w, https:\/\/webs.uab.cat\/evot\/wp-content\/uploads\/sites\/32\/2025\/02\/imatge-768x613.png 768w\" sizes=\"auto, (max-width: 908px) 100vw, 908px\" \/><\/figure>\n<\/div>\n\n\n<ul class=\"wp-block-list\">\n<li><a href=\"https:\/\/seuelectronica.uab.cat\/votacio-e\" target=\"_blank\" rel=\"noopener\"><strong>https:\/\/seuelectronica.uab.cat\/votacio-e<\/strong><\/a><\/li>\n<\/ul>\n\n\n<div class=\"wp-block-image\">\n<figure class=\"aligncenter size-full\"><img loading=\"lazy\" decoding=\"async\" width=\"809\" height=\"215\" src=\"https:\/\/webs.uab.cat\/evot\/wp-content\/uploads\/sites\/32\/2025\/02\/imatge-2.png\" alt=\"\" class=\"wp-image-1779\" srcset=\"https:\/\/webs.uab.cat\/evot\/wp-content\/uploads\/sites\/32\/2025\/02\/imatge-2.png 809w, https:\/\/webs.uab.cat\/evot\/wp-content\/uploads\/sites\/32\/2025\/02\/imatge-2-300x80.png 300w, https:\/\/webs.uab.cat\/evot\/wp-content\/uploads\/sites\/32\/2025\/02\/imatge-2-768x204.png 768w\" sizes=\"auto, (max-width: 809px) 100vw, 809px\" \/><\/figure>\n<\/div>\n\n<div class=\"wp-block-image\">\n<figure class=\"aligncenter size-full\"><img loading=\"lazy\" decoding=\"async\" width=\"451\" height=\"562\" src=\"https:\/\/webs.uab.cat\/evot\/wp-content\/uploads\/sites\/32\/2025\/02\/imatge-1.png\" alt=\"\" class=\"wp-image-1778\" srcset=\"https:\/\/webs.uab.cat\/evot\/wp-content\/uploads\/sites\/32\/2025\/02\/imatge-1.png 451w, https:\/\/webs.uab.cat\/evot\/wp-content\/uploads\/sites\/32\/2025\/02\/imatge-1-241x300.png 241w\" sizes=\"auto, (max-width: 451px) 100vw, 451px\" \/><\/figure>\n<\/div>\n\n\n<div style=\"height:50px\" aria-hidden=\"true\" class=\"wp-block-spacer\"><\/div>\n\n\n\n<div class=\"wp-block-media-text is-stacked-on-mobile\" style=\"grid-template-columns:15% auto\"><figure class=\"wp-block-media-text__media\"><img decoding=\"async\" src=\"https:\/\/static.thenounproject.com\/png\/371288-200.png\" alt=\"Info Icons - Download Free Vector Icons | Noun Project\" \/><\/figure><div class=\"wp-block-media-text__content\">\n<p class=\"has-small-font-size\"><strong>Per a dubtes contacteu amb nosaltres: <a href=\"mailto:eleccions@uab.cat\">eleccions@uab.cat <\/a>o truqueu per tel\u00e8fon o per TEAMS a l\u2019equip eVot de l\u2019OCI<\/strong><\/p>\n<\/div><\/div>\n","protected":false},"excerpt":{"rendered":"<p>La informaci\u00f3 electoral \u00e9s responsabilitat del centre que organitza els comicis. Esquema sobre la informaci\u00f3 b\u00e0sica del web electorali a la Seu Electoral Electr\u00f2nica El web electoral Cada centre informar\u00e0 en el seu web electoral de tot el proc\u00e9s electoral corresponent a les seves eleccions i mantindr\u00e0 els enlla\u00e7os corresponents a la Seu Electoral Electr\u00f2nica. [&hellip;]<\/p>\n","protected":false},"author":26,"featured_media":0,"parent":18,"menu_order":45,"comment_status":"closed","ping_status":"closed","template":"","meta":{"footnotes":""},"class_list":["post-97","page","type-page","status-publish","hentry"],"_links":{"self":[{"href":"https:\/\/webs.uab.cat\/evot\/wp-json\/wp\/v2\/pages\/97","targetHints":{"allow":["GET"]}}],"collection":[{"href":"https:\/\/webs.uab.cat\/evot\/wp-json\/wp\/v2\/pages"}],"about":[{"href":"https:\/\/webs.uab.cat\/evot\/wp-json\/wp\/v2\/types\/page"}],"author":[{"embeddable":true,"href":"https:\/\/webs.uab.cat\/evot\/wp-json\/wp\/v2\/users\/26"}],"replies":[{"embeddable":true,"href":"https:\/\/webs.uab.cat\/evot\/wp-json\/wp\/v2\/comments?post=97"}],"version-history":[{"count":11,"href":"https:\/\/webs.uab.cat\/evot\/wp-json\/wp\/v2\/pages\/97\/revisions"}],"predecessor-version":[{"id":1780,"href":"https:\/\/webs.uab.cat\/evot\/wp-json\/wp\/v2\/pages\/97\/revisions\/1780"}],"up":[{"embeddable":true,"href":"https:\/\/webs.uab.cat\/evot\/wp-json\/wp\/v2\/pages\/18"}],"wp:attachment":[{"href":"https:\/\/webs.uab.cat\/evot\/wp-json\/wp\/v2\/media?parent=97"}],"curies":[{"name":"wp","href":"https:\/\/api.w.org\/{rel}","templated":true}]}}