{"id":147,"date":"2023-11-21T23:20:17","date_gmt":"2023-11-21T21:20:17","guid":{"rendered":"https:\/\/webs.uab.cat\/ewpc2024\/?page_id=147"},"modified":"2024-05-08T07:41:12","modified_gmt":"2024-05-08T05:41:12","slug":"location","status":"publish","type":"page","link":"https:\/\/webs.uab.cat\/ewpc2024\/location\/","title":{"rendered":"Location"},"content":{"rendered":"\n<p class=\"has-electric-grass-gradient-background has-background\"><strong>VENUE<\/strong><\/p>\n\n\n\n<figure class=\"wp-block-image size-large\"><img loading=\"lazy\" decoding=\"async\" width=\"1024\" height=\"383\" src=\"https:\/\/webs.uab.cat\/ewpc2024\/wp-content\/uploads\/sites\/398\/2023\/11\/51502360206_37ae08970e_h-copia-1024x383.jpg\" alt=\"\" class=\"wp-image-157\" srcset=\"https:\/\/webs.uab.cat\/ewpc2024\/wp-content\/uploads\/sites\/398\/2023\/11\/51502360206_37ae08970e_h-copia-1024x383.jpg 1024w, https:\/\/webs.uab.cat\/ewpc2024\/wp-content\/uploads\/sites\/398\/2023\/11\/51502360206_37ae08970e_h-copia-300x112.jpg 300w, https:\/\/webs.uab.cat\/ewpc2024\/wp-content\/uploads\/sites\/398\/2023\/11\/51502360206_37ae08970e_h-copia-768x287.jpg 768w, https:\/\/webs.uab.cat\/ewpc2024\/wp-content\/uploads\/sites\/398\/2023\/11\/51502360206_37ae08970e_h-copia-1536x574.jpg 1536w, https:\/\/webs.uab.cat\/ewpc2024\/wp-content\/uploads\/sites\/398\/2023\/11\/51502360206_37ae08970e_h-copia-1200x449.jpg 1200w, https:\/\/webs.uab.cat\/ewpc2024\/wp-content\/uploads\/sites\/398\/2023\/11\/51502360206_37ae08970e_h-copia.jpg 1600w\" sizes=\"auto, (max-width: 1024px) 100vw, 1024px\" \/><\/figure>\n\n\n\n<p><strong>UAB Casa Convalesc\u00e8ncia<\/strong><br>Carrer St. Antoni Maria Claret, 171<br>Barcelona &#8211; SPAIN<\/p>\n\n\n\n<div class=\"wp-block-group\"><div class=\"wp-block-group__inner-container is-layout-constrained wp-block-group-is-layout-constrained\">\n<p>Casa Convalesc\u00e8ncia, a monumental building situated within the Hospital de Santa Creu i Sant Pau complex, was constructed in the Modernista style in the late 19th century to enhance medical services in Barcelona.<\/p>\n\n\n\n<p class=\"has-small-font-size\">Combining the past and the present, Casa Convalesc\u00e8ncia holds the distinction of being a UNESCO World Heritage Site, and since the late 1960s, it has been an integral part of the Autonomous University of Barcelona (UAB), serving as an educational center.<\/p>\n<\/div><\/div>\n\n\n\n<div class=\"wp-block-buttons has-custom-font-size has-small-font-size is-horizontal is-content-justification-left is-layout-flex wp-container-core-buttons-is-layout-92fc3979 wp-block-buttons-is-layout-flex\">\n<div class=\"wp-block-button is-style-fill\"><a class=\"wp-block-button__link has-negre-eben-color has-text-color wp-element-button\" href=\"https:\/\/www.uab.cat\/web\/history-1345876239311.html\" style=\"border-radius:25px\" target=\"_blank\" rel=\"noreferrer noopener\">History<\/a><\/div>\n\n\n\n<div class=\"wp-block-button is-style-fill\"><a class=\"wp-block-button__link has-negre-eben-color has-text-color wp-element-button\" href=\"https:\/\/www.uab.cat\/web\/guided-tour-presentation-1345897835248.html\" style=\"border-radius:25px\">Guided tour<\/a><\/div>\n<\/div>\n\n\n\n<p class=\"has-electric-grass-gradient-background has-background\"><strong>TRANSPORT<\/strong><\/p>\n\n\n\n<p><strong>By plane<\/strong><\/p>\n\n\n\n<p>Barcelona\u2019s airport &#8211; El Prat de Llobregat, or just &#8220;BCN&#8221; \u2013 is about 15 kilometers outside of the city. There are two Terminals T1 and T2. There are free shuttle buses every 5 minutes between the terminal T1 and the terminal T2. <\/p>\n\n\n\n<p>There are several possibilities for a transfer from the airport to the inner city available: <\/p>\n\n\n\n<ul class=\"wp-block-list\">\n<li>Aerobus (shuttle bus that stops at the centrally located Pla\u00e7a Espanya and Pla\u00e7a Catalunya)<\/li>\n\n\n\n<li>The buses 46 and N17. They are the cheapest option but not so comfortable: there are no luggage racks and there are many bus stops.<\/li>\n\n\n\n<li>By train, opposite the T2-A \/ B Terminal. Trains run every 30 minutes between the airport and the city centre.&nbsp;From the station you have access to the Metro network in Barcelona.<\/li>\n\n\n\n<li>By Metro, the metro line L9 (special ticket) runs from both terminals into the city, where you have to change to a different metro line to reach the inner Barcelona.<\/li>\n\n\n\n<li>By taxi, the ranks are well signposted in the airport. You have to expect to pay \u20ac30-60, depending on luggage, time and route chosen. All&nbsp;official Barcelona taxis are black and yellow.<\/li>\n<\/ul>\n\n\n\n<p><strong>By train<\/strong><\/p>\n\n\n\n<p>The city&#8217;s two largest railway stations are Estaci\u00f3 de Sants, where all lines stop, including the AVE high-speed train, and Estaci\u00f3 de Fran\u00e7a.<\/p>\n\n\n\n<p>It&#8217;s easy to get into the&nbsp;Metro&nbsp;network from these stations.<\/p>\n\n\n\n<p>Approximate times of long distance journeys from European cities to Barcelona are: Paris, 12h; Milan, 21h; Tolouse, 4h; Berlin, 20h; Vienna, 21h; Prague, 19h; Cologne, 14h. <\/p>\n\n\n\n<p><strong>Transport in the city<\/strong><\/p>\n\n\n\n<p>The city has a transportation network that includes  metro, tram, bus, local trains, night buses and other means of transport. Metro and Tram trains go in a very fast pace, so you do not have to worry about timetables. <\/p>\n\n\n\n<p>Tickets for the transportation network can be purchased in ticket machines in metro and local train stations. In the bus you can only buy single tickets from the driver and can be used only to change to other buses. With the single ticket from the metro or train station you can change to tram or bus, you must put the ticket back in the access control or the validator.&nbsp;In addition to the single ticket, there is the 10-card, the so-called &#8220;T-casual&#8221;.<\/p>\n\n\n\n<div class=\"wp-block-buttons has-custom-font-size has-small-font-size is-horizontal is-content-justification-space-between is-layout-flex wp-container-core-buttons-is-layout-5e5b46d1 wp-block-buttons-is-layout-flex\">\n<div class=\"wp-block-button is-style-fill\"><a class=\"wp-block-button__link has-verd-tropic-color has-text-color wp-element-button\" href=\"https:\/\/com-shi-va.barcelona.cat\/en\/plan_your_route?desde=&amp;hasta=41.41379174747705,2.176910232352591&amp;hasta_txt=Casa+Convalesc%C3%A8ncia+(UAB)\" style=\"border-radius:25px\" target=\"_blank\" rel=\"noreferrer noopener\">Getting there<\/a><\/div>\n<\/div>\n\n\n\n<p class=\"has-electric-grass-gradient-background has-background\"><strong>ACCOMODATION<\/strong><\/p>\n\n\n\n<p>As an important tourist destination, there are numerous hotels with different budget types in Barcelona. We recommend booking in advance as many events do happen in May in Barcelona.<\/p>\n\n\n\n<p>Just in front of the venue entrance you can find the Hotel Amrey Sant Pau, highly recommended.<\/p>\n\n\n\n<p class=\"has-electric-grass-gradient-background has-background\"><strong>ABOUT THE AREA<\/strong><\/p>\n\n\n\n<p>Barcelona is a city rich in culture, history, and architectural marvels. This Mediterranean metropolis offers a unique blend of Gothic and Modernist structures. From the Sagrada Familia to the historic Gothic Quarter&#8217;s narrow streets, Barcelona invites visitors to explore its diverse neighborhoods, each with its own character and charm. The city boasts a lively atmosphere, with bustling markets, world-class restaurants serving Catalan cuisine, and a thriving arts scene. Whether strolling along the famous La Rambla or enjoying the beachfront at Barceloneta, the city&#8217;s dynamic energy and distinctive identity make it a must-visit destination.<\/p>\n","protected":false},"excerpt":{"rendered":"<p>VENUE UAB Casa Convalesc\u00e8nciaCarrer St. Antoni Maria Claret, 171Barcelona &#8211; SPAIN Casa Convalesc\u00e8ncia, a monumental building situated within the Hospital de Santa Creu i Sant Pau complex, was constructed in the Modernista style in the late 19th century to enhance medical services in Barcelona. Combining the past and the present, Casa Convalesc\u00e8ncia holds the distinction [&hellip;]<\/p>\n","protected":false},"author":2616,"featured_media":0,"parent":0,"menu_order":0,"comment_status":"closed","ping_status":"closed","template":"","meta":{"footnotes":""},"class_list":["post-147","page","type-page","status-publish","hentry"],"_links":{"self":[{"href":"https:\/\/webs.uab.cat\/ewpc2024\/wp-json\/wp\/v2\/pages\/147","targetHints":{"allow":["GET"]}}],"collection":[{"href":"https:\/\/webs.uab.cat\/ewpc2024\/wp-json\/wp\/v2\/pages"}],"about":[{"href":"https:\/\/webs.uab.cat\/ewpc2024\/wp-json\/wp\/v2\/types\/page"}],"author":[{"embeddable":true,"href":"https:\/\/webs.uab.cat\/ewpc2024\/wp-json\/wp\/v2\/users\/2616"}],"replies":[{"embeddable":true,"href":"https:\/\/webs.uab.cat\/ewpc2024\/wp-json\/wp\/v2\/comments?post=147"}],"version-history":[{"count":21,"href":"https:\/\/webs.uab.cat\/ewpc2024\/wp-json\/wp\/v2\/pages\/147\/revisions"}],"predecessor-version":[{"id":282,"href":"https:\/\/webs.uab.cat\/ewpc2024\/wp-json\/wp\/v2\/pages\/147\/revisions\/282"}],"wp:attachment":[{"href":"https:\/\/webs.uab.cat\/ewpc2024\/wp-json\/wp\/v2\/media?parent=147"}],"curies":[{"name":"wp","href":"https:\/\/api.w.org\/{rel}","templated":true}]}}