{"id":25,"date":"2009-05-08T11:22:32","date_gmt":"2009-05-08T09:22:32","guid":{"rendered":"https:\/\/webs.uab.cat\/exitoeducativo\/catalogo-de-actividades\/"},"modified":"2023-03-10T21:55:11","modified_gmt":"2023-03-10T19:55:11","slug":"catalogo-de-actividades","status":"publish","type":"page","link":"https:\/\/webs.uab.cat\/exitoeducativo\/catalogo-de-actividades\/","title":{"rendered":"Cat\u00e1logo de actividades"},"content":{"rendered":"\n<p>El Cat\u00e1logo de Actividades es un&nbsp;<strong>recurso \u00fatil<\/strong>&nbsp;para la puesta en marcha del Programa, sobre todo en las etapas m\u00e1s tempranas, ya que contiene actividades que han sido validadas en diferentes centros educativos y que, por tanto, cuentan con un aval de calidad. Concretamente, el Cat\u00e1logo que os presentamos a continuaci\u00f3n, contiene<strong>&nbsp;29 actividades<\/strong>&nbsp;organizadas en torno a 4 ejes tem\u00e1ticos que se han evidenciado \u00fatiles para la mejora de la implicaci\u00f3n familiar:<\/p>\n\n\n<div class=\"wp-block-image\">\n<figure class=\"aligncenter size-full\"><img loading=\"lazy\" decoding=\"async\" width=\"495\" height=\"440\" src=\"https:\/\/webs.uab.cat\/exitoeducativo\/wp-content\/uploads\/sites\/385\/2016\/07\/Ambitos-Exito-Educativo_2.png\" alt=\"Ambitos Exito Educativo_2\" class=\"wp-image-201\" srcset=\"https:\/\/webs.uab.cat\/exitoeducativo\/wp-content\/uploads\/sites\/385\/2016\/07\/Ambitos-Exito-Educativo_2.png 495w, https:\/\/webs.uab.cat\/exitoeducativo\/wp-content\/uploads\/sites\/385\/2016\/07\/Ambitos-Exito-Educativo_2-300x267.png 300w\" sizes=\"auto, (max-width: 495px) 100vw, 495px\" \/><\/figure>\n<\/div>\n\n\n<p>Para cada uno de los ejes se han identificado diferentes tem\u00e1ticas, y para cada tem\u00e1tica se proponen 2 actividades que se recomienda llevar a cabo respetando el orden establecido, ya que los contenidos de estas dos actividades est\u00e1n interrelacionados y est\u00e1n planteados de manera progresiva.<\/p>\n\n\n\n<p>Las actividades del Programa han sido dise\u00f1adas para que puedan ser&nbsp;<strong>f\u00e1cilmente replicables<\/strong>&nbsp;por cualquiera de las personas involucrada con el Programa (padres y madres de la AMPA, profesionales del centro escolar, t\u00e9cnicos de una entidad educativa, etc.). Por este motivo, cada actividad va acompa\u00f1ada de una ficha en la que no s\u00f3lo se describen los objetivos a alcanzar, sino que tambi\u00e9n ofrece informaci\u00f3n detallada sobre c\u00f3mo llevar a cabo la actividad, qu\u00e9 materiales son necesarios, cu\u00e1les son los conceptos clave a trabajar, qu\u00e9 recursos adicionales pueden utilizarse, etc. Todo ello, con el fin de facilitar la preparaci\u00f3n y puesta en marcha de las actividades y contribuir, as\u00ed, al \u00e9xito del Programa.<\/p>\n\n\n<div class=\"wp-block-image\">\n<figure class=\"aligncenter size-full\"><img loading=\"lazy\" decoding=\"async\" width=\"573\" height=\"475\" src=\"https:\/\/webs.uab.cat\/exitoeducativo\/wp-content\/uploads\/sites\/385\/2016\/07\/Estructura-ficha-actividad.png\" alt=\"Estructura ficha actividad\" class=\"wp-image-169\" srcset=\"https:\/\/webs.uab.cat\/exitoeducativo\/wp-content\/uploads\/sites\/385\/2016\/07\/Estructura-ficha-actividad.png 573w, https:\/\/webs.uab.cat\/exitoeducativo\/wp-content\/uploads\/sites\/385\/2016\/07\/Estructura-ficha-actividad-300x249.png 300w\" sizes=\"auto, (max-width: 573px) 100vw, 573px\" \/><\/figure>\n<\/div>\n\n\n<p>Aunque el Cat\u00e1logo de Actividades, se ha evidenciado como un recurso muy \u00fatil, no es exhaustivo en cuanto a las tem\u00e1ticas propuestas, por lo que, ponemos a vuestra disposici\u00f3n un Banco de recursos (que encontrar\u00e9is en la secci\u00f3n&nbsp;<a href=\"http:\/\/webs.uab.cat\/exitoeducativo\/materiales-y-recursos\">MATERIALES Y RECURSOS<\/a>), ordenados seg\u00fan los 4 mismos ejes tem\u00e1ticos que los del cat\u00e1logo de Actividades, que esperamos que os sean de utilidad para plantear nuevas actividades.<\/p>\n\n\n\n<div class=\"wp-block-media-text is-stacked-on-mobile\" style=\"grid-template-columns:15% auto\"><figure class=\"wp-block-media-text__media\"><img decoding=\"async\" src=\"http:\/\/pagines.uab.cat\/exitoeducativo\/sites\/pagines.uab.cat.exitoeducativo\/files\/images\/PDF-download.png\" alt=\"\"\/><\/figure><div class=\"wp-block-media-text__content\">\n<p class=\"has-small-font-size\"><strong><em><a href=\"https:\/\/webs.uab.cat\/exitoeducativo\/wp-content\/uploads\/sites\/385\/2009\/05\/catalogo_actividades_2017.pdf\" data-type=\"attachment\" data-id=\"24\" target=\"_blank\" rel=\"noreferrer noopener\">Cat\u00e1logo de Actividades<\/a><\/em><\/strong><\/p>\n<\/div><\/div>\n\n\n\n<p><\/p>\n","protected":false},"excerpt":{"rendered":"<p>El Cat\u00e1logo de Actividades es un&nbsp;recurso \u00fatil&nbsp;para la puesta en marcha del Programa, sobre todo en las etapas m\u00e1s tempranas, ya que contiene actividades que han sido validadas en diferentes centros educativos y que, por tanto, cuentan con un aval de calidad. Concretamente, el Cat\u00e1logo que os presentamos a continuaci\u00f3n, contiene&nbsp;29 actividades&nbsp;organizadas en torno a [&hellip;]<\/p>\n","protected":false},"author":20,"featured_media":0,"parent":0,"menu_order":0,"comment_status":"closed","ping_status":"closed","template":"","meta":{"footnotes":""},"class_list":["post-25","page","type-page","status-publish","hentry"],"_links":{"self":[{"href":"https:\/\/webs.uab.cat\/exitoeducativo\/wp-json\/wp\/v2\/pages\/25","targetHints":{"allow":["GET"]}}],"collection":[{"href":"https:\/\/webs.uab.cat\/exitoeducativo\/wp-json\/wp\/v2\/pages"}],"about":[{"href":"https:\/\/webs.uab.cat\/exitoeducativo\/wp-json\/wp\/v2\/types\/page"}],"author":[{"embeddable":true,"href":"https:\/\/webs.uab.cat\/exitoeducativo\/wp-json\/wp\/v2\/users\/20"}],"replies":[{"embeddable":true,"href":"https:\/\/webs.uab.cat\/exitoeducativo\/wp-json\/wp\/v2\/comments?post=25"}],"version-history":[{"count":2,"href":"https:\/\/webs.uab.cat\/exitoeducativo\/wp-json\/wp\/v2\/pages\/25\/revisions"}],"predecessor-version":[{"id":277,"href":"https:\/\/webs.uab.cat\/exitoeducativo\/wp-json\/wp\/v2\/pages\/25\/revisions\/277"}],"wp:attachment":[{"href":"https:\/\/webs.uab.cat\/exitoeducativo\/wp-json\/wp\/v2\/media?parent=25"}],"curies":[{"name":"wp","href":"https:\/\/api.w.org\/{rel}","templated":true}]}}