{"id":27,"date":"2009-05-08T11:23:04","date_gmt":"2009-05-08T09:23:04","guid":{"rendered":"https:\/\/webs.uab.cat\/exitoeducativo\/como-ponerlo-en-marcha\/"},"modified":"2023-03-10T21:52:06","modified_gmt":"2023-03-10T19:52:06","slug":"como-ponerlo-en-marcha","status":"publish","type":"page","link":"https:\/\/webs.uab.cat\/exitoeducativo\/como-ponerlo-en-marcha\/","title":{"rendered":"\u00bfC\u00f3mo ponerlo en marcha?"},"content":{"rendered":"<div class=\"wp-block-image\">\n<figure class=\"alignleft size-large is-resized\"><img loading=\"lazy\" decoding=\"async\" src=\"https:\/\/webs.uab.cat\/exitoeducativo\/wp-content\/uploads\/sites\/385\/2017\/04\/Infografia-10-passos_-Como-Ponerlo-en-Marcha-495x1024.png\" alt=\"Infografia 10 passos_ Como Ponerlo en Marcha\" class=\"wp-image-28\" width=\"333\" height=\"689\" srcset=\"https:\/\/webs.uab.cat\/exitoeducativo\/wp-content\/uploads\/sites\/385\/2017\/04\/Infografia-10-passos_-Como-Ponerlo-en-Marcha-495x1024.png 495w, https:\/\/webs.uab.cat\/exitoeducativo\/wp-content\/uploads\/sites\/385\/2017\/04\/Infografia-10-passos_-Como-Ponerlo-en-Marcha-145x300.png 145w, https:\/\/webs.uab.cat\/exitoeducativo\/wp-content\/uploads\/sites\/385\/2017\/04\/Infografia-10-passos_-Como-Ponerlo-en-Marcha-768x1588.png 768w, https:\/\/webs.uab.cat\/exitoeducativo\/wp-content\/uploads\/sites\/385\/2017\/04\/Infografia-10-passos_-Como-Ponerlo-en-Marcha-743x1536.png 743w, https:\/\/webs.uab.cat\/exitoeducativo\/wp-content\/uploads\/sites\/385\/2017\/04\/Infografia-10-passos_-Como-Ponerlo-en-Marcha.png 800w\" sizes=\"auto, (max-width: 333px) 100vw, 333px\" \/><\/figure>\n<\/div>\n\n\n<p>La experiencia llevada a cabo durante 7 cursos escolares, nos ha permitido crear y consolidar un&nbsp;<strong>modelo de intervenci\u00f3n propia<\/strong>&nbsp;para trabajar el \u00e9xito educativo desde una perspectiva comunitaria. Este modelo pretende ser un instrumento \u00fatil para ordenar y sistematizar procesos, siempre teniendo en cuenta la realidad de cada territorio as\u00ed como las iniciativas existentes. Por lo tanto, no se trata de un recetario pensado para aplicar de la a la z, sino de un instrumento que esperamos que inspire procesos de trabajo compartidos y, sobre todo, estimulantes que perduren en el tiempo.<\/p>\n\n\n\n<p>Este modelo se estructura en 10 pasos que \u2013\u00f3ptimamente\u2013 pueden llevarse a cabo en un per\u00edodo de 14 meses, inici\u00e1ndose el mes de mayo del primer a\u00f1o y finalizando el mes de junio del segundo a\u00f1o. A la pr\u00e1ctica, cada territorio deber\u00e1 establecer cu\u00e1l es la duraci\u00f3n y temporizaci\u00f3n que mejor se adecua a su realidad.<\/p>\n\n\n\n<p>Encontrar\u00e9is m\u00e1s informaci\u00f3n sobre este modelo al &#8220;Manual para poner en marcha el Programa&#8221; que se encuentra a continuaci\u00f3n y que puede consultar y descargar.<\/p>\n\n\n\n<div class=\"wp-block-media-text is-stacked-on-mobile\" style=\"grid-template-columns:15% auto\"><figure class=\"wp-block-media-text__media\"><img decoding=\"async\" src=\"http:\/\/pagines.uab.cat\/exitoeducativo\/sites\/pagines.uab.cat.exitoeducativo\/files\/images\/PDF-download.png\" alt=\"\"\/><\/figure><div class=\"wp-block-media-text__content\">\n<p class=\"has-small-font-size\"><strong>Desc\u00e1rgate el&nbsp;<\/strong><a href=\"https:\/\/webs.uab.cat\/exitoeducativo\/wp-content\/uploads\/sites\/385\/2018\/04\/manual_para_poner_en_marcha_el_programa_2018_0_0.pdf\" data-type=\"attachment\" data-id=\"31\" target=\"_blank\" rel=\"noreferrer noopener\"><strong>Manual para poner en marcha el programa<\/strong><\/a><\/p>\n<\/div><\/div>\n\n\n\n<p><\/p>\n\n\n\n<p><\/p>\n\n\n\n<p>Si dese\u00e1is conocer 10 estrategias que se han mostrado efectivas para la puesta en marcha y consolidaci\u00f3n del Programa en los diferentes territorios, pod\u00e9is consultar la siguiente presentaci\u00f3n. \u00a1Esperamos que os sea de utilidad!<\/p>\n\n\n\n<figure class=\"wp-block-embed\"><div class=\"wp-block-embed__wrapper\">\nhttps:\/\/prezi.com\/embed\/imxepl6hmx-b\/?bgcolor=ffffff&#038;lock_to_path=0&#038;autoplay=0&#038;autohide_ctrls=0&#038;landing_data=bHVZZmNaNDBIWnNjdEVENDRhZDFNZGNIUE43MHdLNWpsdFJLb2ZHanI0aTJwTGg2SkYrd0dSTXY5VHZzTis5bC93PT0&#038;landing_sign=9cgnWlJjDP6HLZdr4zC3NCgojr4mj75RqbQu4woOOKc\n<\/div><\/figure>\n","protected":false},"excerpt":{"rendered":"<p>La experiencia llevada a cabo durante 7 cursos escolares, nos ha permitido crear y consolidar un&nbsp;modelo de intervenci\u00f3n propia&nbsp;para trabajar el \u00e9xito educativo desde una perspectiva comunitaria. Este modelo pretende ser un instrumento \u00fatil para ordenar y sistematizar procesos, siempre teniendo en cuenta la realidad de cada territorio as\u00ed como las iniciativas existentes. Por lo [&hellip;]<\/p>\n","protected":false},"author":20,"featured_media":0,"parent":0,"menu_order":0,"comment_status":"closed","ping_status":"closed","template":"","meta":{"footnotes":""},"class_list":["post-27","page","type-page","status-publish","hentry"],"_links":{"self":[{"href":"https:\/\/webs.uab.cat\/exitoeducativo\/wp-json\/wp\/v2\/pages\/27","targetHints":{"allow":["GET"]}}],"collection":[{"href":"https:\/\/webs.uab.cat\/exitoeducativo\/wp-json\/wp\/v2\/pages"}],"about":[{"href":"https:\/\/webs.uab.cat\/exitoeducativo\/wp-json\/wp\/v2\/types\/page"}],"author":[{"embeddable":true,"href":"https:\/\/webs.uab.cat\/exitoeducativo\/wp-json\/wp\/v2\/users\/20"}],"replies":[{"embeddable":true,"href":"https:\/\/webs.uab.cat\/exitoeducativo\/wp-json\/wp\/v2\/comments?post=27"}],"version-history":[{"count":2,"href":"https:\/\/webs.uab.cat\/exitoeducativo\/wp-json\/wp\/v2\/pages\/27\/revisions"}],"predecessor-version":[{"id":274,"href":"https:\/\/webs.uab.cat\/exitoeducativo\/wp-json\/wp\/v2\/pages\/27\/revisions\/274"}],"wp:attachment":[{"href":"https:\/\/webs.uab.cat\/exitoeducativo\/wp-json\/wp\/v2\/media?parent=27"}],"curies":[{"name":"wp","href":"https:\/\/api.w.org\/{rel}","templated":true}]}}