{"id":34,"date":"2016-04-27T15:25:38","date_gmt":"2016-04-27T13:25:38","guid":{"rendered":"https:\/\/webs.uab.cat\/exitoeducativo\/que-es\/"},"modified":"2023-03-10T21:47:42","modified_gmt":"2023-03-10T19:47:42","slug":"que-es","status":"publish","type":"page","link":"https:\/\/webs.uab.cat\/exitoeducativo\/que-es\/","title":{"rendered":"\u00bfQu\u00e9 es?"},"content":{"rendered":"<div class=\"wp-block-image\">\n<figure class=\"aligncenter\"><a href=\"https:\/\/webs.uab.cat\/exitoeducativo\/wp-content\/uploads\/sites\/385\/2016\/04\/infografia_fap_2017_esp.png\" target=\"_blank\" rel=\"noopener\"><img loading=\"lazy\" decoding=\"async\" width=\"336\" height=\"1200\" src=\"https:\/\/webs.uab.cat\/exitoeducativo\/wp-content\/uploads\/sites\/385\/2016\/04\/infografia_fap_2017_esp.png\" alt=\"\" class=\"wp-image-33\" srcset=\"https:\/\/webs.uab.cat\/exitoeducativo\/wp-content\/uploads\/sites\/385\/2016\/04\/infografia_fap_2017_esp.png 336w, https:\/\/webs.uab.cat\/exitoeducativo\/wp-content\/uploads\/sites\/385\/2016\/04\/infografia_fap_2017_esp-84x300.png 84w, https:\/\/webs.uab.cat\/exitoeducativo\/wp-content\/uploads\/sites\/385\/2016\/04\/infografia_fap_2017_esp-287x1024.png 287w\" sizes=\"auto, (max-width: 336px) 100vw, 336px\" \/><\/a><figcaption>Resultados del programa<br>&#8211; haz clic para ampliar &#8211;<\/figcaption><\/figure>\n<\/div>\n\n\n<p>El Programa Social para el Apoyo Familiar en el \u00c9xito Educativo (en adelante, el Programa) es un proyecto de innovaci\u00f3n que pretende&nbsp;<strong>mejorar el \u00e9xito educativo<\/strong>&nbsp;de ni\u00f1os y j\u00f3venes mediante el trabajo con sus&nbsp;<strong>familias.<\/strong><\/p>\n\n\n\n<p>El Programa parte de la premisa que la mejora de las relaciones entre la escuela y la familia favorece la implicaci\u00f3n de las familias con la educaci\u00f3n de sus hijos lo que, a medio y largo plazo,&nbsp; repercute positivamente en el &nbsp;\u00e9xito educativo de los ni\u00f1os y j\u00f3venes. Para ello, el Programa propone la realizaci\u00f3n de un conjunto de<strong>&nbsp;actividades para las familias&nbsp;<\/strong>a lo largo de un curso acad\u00e9mico, organizadas en torno a cuatro \u00e1mbitos &nbsp;que se han evidenciado \u00fatiles para la mejora de las relaciones entre la familia y la escuela: crianza positiva, aprendizaje en casa, comunicaci\u00f3n y participaci\u00f3n.<\/p>\n\n\n\n<p>La singularidad de este Programa, con relaci\u00f3n a otros programas para familias, radica en su&nbsp;<strong>enfoque comunitario,<\/strong>&nbsp;lo que supone que desde un principio se involucra activamente a las familias y se promueve el trabajo en red con otros agentes educativos del territorio -profesionales del centro educativo, t\u00e9cnicos de las entidades del barrio, responsables de los equipamientos municipales, etc.- para trabajar colectivamente para poder llevar a cabo las actividades aprovechando los recursos existentes en el territorio.&nbsp;<\/p>\n\n\n\n<p>El Programa se puso en marcha el curso 2013-14 y desde entonces se ha desarrollado en m\u00e1s de 50 centros de educaci\u00f3n infantil, primaria y secundaria, tanto p\u00fablicos como concertados, as\u00ed como en entidades educativas de base comunitaria. Durante este periodo, se han llevado a cabo&nbsp;<strong>147 actividades en las que han participado 10.500 personas,<\/strong>&nbsp;lo que ha generado una serie de impactos positivos tanto en las familias y sus ni\u00f1os como en el resto de agentes y de entramado de relaciones de la comunidad. Estos resultados est\u00e1n recogidos en la siguiente infograf\u00eda:<\/p>\n\n\n\n<p>A continuaci\u00f3n encontrar\u00e9is la &#8220;Gu\u00eda b\u00e1sica del Programa&#8221;, que os aportar\u00e1 una serie de claves para comprender m\u00e1s y mejor las singularidades de este Programa.<\/p>\n\n\n\n<div class=\"wp-block-media-text is-stacked-on-mobile\" style=\"grid-template-columns:15% auto\"><figure class=\"wp-block-media-text__media\"><img decoding=\"async\" src=\"http:\/\/pagines.uab.cat\/exitoeducativo\/sites\/pagines.uab.cat.exitoeducativo\/files\/images\/PDF-download.png\" alt=\"\"\/><\/figure><div class=\"wp-block-media-text__content\">\n<p class=\"has-small-font-size\"><a href=\"https:\/\/webs.uab.cat\/exitoeducativo\/wp-content\/uploads\/sites\/385\/2018\/04\/guia_basica_del_programa_2018_1.pdf\" data-type=\"attachment\" data-id=\"38\" target=\"_blank\" rel=\"noreferrer noopener\"><em><strong>Desc\u00e1rgate la Gu\u00eda b\u00e1sica del Programa<\/strong><\/em><\/a><\/p>\n<\/div><\/div>\n\n\n\n<p><\/p>\n","protected":false},"excerpt":{"rendered":"<p>El Programa Social para el Apoyo Familiar en el \u00c9xito Educativo (en adelante, el Programa) es un proyecto de innovaci\u00f3n que pretende&nbsp;mejorar el \u00e9xito educativo&nbsp;de ni\u00f1os y j\u00f3venes mediante el trabajo con sus&nbsp;familias. El Programa parte de la premisa que la mejora de las relaciones entre la escuela y la familia favorece la implicaci\u00f3n de [&hellip;]<\/p>\n","protected":false},"author":20,"featured_media":0,"parent":0,"menu_order":0,"comment_status":"closed","ping_status":"closed","template":"","meta":{"footnotes":""},"class_list":["post-34","page","type-page","status-publish","hentry"],"_links":{"self":[{"href":"https:\/\/webs.uab.cat\/exitoeducativo\/wp-json\/wp\/v2\/pages\/34","targetHints":{"allow":["GET"]}}],"collection":[{"href":"https:\/\/webs.uab.cat\/exitoeducativo\/wp-json\/wp\/v2\/pages"}],"about":[{"href":"https:\/\/webs.uab.cat\/exitoeducativo\/wp-json\/wp\/v2\/types\/page"}],"author":[{"embeddable":true,"href":"https:\/\/webs.uab.cat\/exitoeducativo\/wp-json\/wp\/v2\/users\/20"}],"replies":[{"embeddable":true,"href":"https:\/\/webs.uab.cat\/exitoeducativo\/wp-json\/wp\/v2\/comments?post=34"}],"version-history":[{"count":2,"href":"https:\/\/webs.uab.cat\/exitoeducativo\/wp-json\/wp\/v2\/pages\/34\/revisions"}],"predecessor-version":[{"id":271,"href":"https:\/\/webs.uab.cat\/exitoeducativo\/wp-json\/wp\/v2\/pages\/34\/revisions\/271"}],"wp:attachment":[{"href":"https:\/\/webs.uab.cat\/exitoeducativo\/wp-json\/wp\/v2\/media?parent=34"}],"curies":[{"name":"wp","href":"https:\/\/api.w.org\/{rel}","templated":true}]}}