{"id":50,"date":"2016-06-07T17:19:18","date_gmt":"2016-06-07T15:19:18","guid":{"rendered":"https:\/\/webs.uab.cat\/exitoeducativo\/contacto\/"},"modified":"2023-03-10T22:11:39","modified_gmt":"2023-03-10T20:11:39","slug":"contacto","status":"publish","type":"page","link":"https:\/\/webs.uab.cat\/exitoeducativo\/contacto\/","title":{"rendered":"Contacto"},"content":{"rendered":"\n<p class=\"has-text-align-center\"><strong>DIRECCI\u00d3N GENERAL DEL PROYECTO<\/strong><\/p>\n\n\n\n<p class=\"has-text-align-center\"><strong>Miquel \u00c0ngel Essomba Gelabert<br><a href=\"mailto:MiquelAngel.Essomba@uab.cat\">MiquelAngel.Essomba@uab.cat<\/a><\/strong><\/p>\n\n\n\n<p class=\"has-text-align-center\">&nbsp;<\/p>\n\n\n\n<p class=\"has-text-align-center\"><strong>COORDINACI\u00d3N DEL PROYECTO<\/strong><\/p>\n\n\n\n<p class=\"has-text-align-center\">Txell Argelagu\u00e9s Besson<br><strong><a href=\"mailto:Meritxell.Argelagues@uab.cat\">Meritxell.Argelagues@uab.cat<\/a><\/strong><\/p>\n\n\n\n<p class=\"has-text-align-center\">Anna Tarr\u00e8s Vallespi<br><a href=\"mailto:Anna.Tarres@uab.cat\"><strong>Anna.Tarres@uab.cat<\/strong><\/a><\/p>\n\n\n\n<p class=\"has-text-align-center\">&nbsp;<\/p>\n\n\n\n<p class=\"has-text-align-center\"><strong>EQUIPO T\u00c9CNICO<\/strong><\/p>\n\n\n\n<p class=\"has-text-align-center\">Katia V. Pozos P\u00e9rez &#8211;&nbsp;<em>Dise\u00f1o y maquetaci\u00f3n de los materiales audiovisuales<\/em><\/p>\n\n\n\n<p class=\"has-text-align-center\">Yusef Quadura Izquierdo &#8211; <em>Programaci\u00f3n y maquetaci\u00f3n de la web<\/em><\/p>\n\n\n\n<p>&nbsp;<\/p>\n\n\n\n<p>&nbsp;<\/p>\n\n\n<div class=\"wp-block-image\">\n<figure class=\"aligncenter\"><img decoding=\"async\" src=\"http:\/\/pagines.uab.cat\/exitoeducativo\/sites\/pagines.uab.cat.exitoeducativo\/files\/images\/CATEDRA_EC_ERDISC_ch.jpg\" alt=\"\" title=\"\"\/><\/figure>\n<\/div>\n\n\n<p class=\"has-text-align-center\"><\/p>\n\n\n\n<p class=\"has-text-align-center\"><strong><a href=\"http:\/\/www.uab.cat\/departament\/pedagogia-aplicada\/\" target=\"_blank\" rel=\"noopener\">Universitat Aut\u00f2noma de Barcelona<br>Departamento de Pedagog\u00eda Aplicada<\/a><br>Edificio G6\/257 &#8211; Campus UAB<\/strong><br><span style=\"font-family: arial,helvetica,sans-serif;\"><strong>Pla\u00e7a del Coneixement, s\/n<\/strong><\/span><br>08193 Bellaterra, Barcelona<\/p>\n\n\n\n<p class=\"has-text-align-center\">Tel: 93 581 4074<br><strong><a href=\"http:\/\/centresderecerca.uab.cat\/erdisc\/content\/parent.addSender%28%22gr.erdisc@uab.cat%22%29\">gr.erdisc@uab.cat<\/a><\/strong><br>&nbsp;<\/p>\n\n\n\n<p class=\"has-text-align-center\">&nbsp;<\/p>\n\n\n\n<p class=\"has-text-align-center\"><span style=\"font-size: 20px;\"><a href=\"http:\/\/webs.uab.cat\/erdisc\/\">http:\/\/webs.uab.cat\/erdisc\/<\/a><\/span><br>\u00a0<\/p>\n\n\n\n<p class=\"has-text-align-center\"><span style=\"font-size: 18px;\">ERDISC @Facebook<\/span><\/p>\n\n\n<div class=\"wp-block-image\">\n<figure class=\"aligncenter\"><a href=\"https:\/\/www.facebook.com\/UABerdisc\/\" target=\"_blank\" rel=\"noopener\"><img loading=\"lazy\" decoding=\"async\" width=\"90\" height=\"90\" src=\"https:\/\/webs.uab.cat\/exitoeducativo\/wp-content\/uploads\/sites\/385\/2016\/06\/small_fb_erdisc.png\" alt=\"\" class=\"wp-image-48\"\/><\/a><\/figure>\n<\/div>\n\n\n<p class=\"has-text-align-center\"><\/p>\n\n\n\n<p class=\"has-text-align-center\"><span style=\"font-size: 18px;\">ERDISC @Twitter<\/span><\/p>\n\n\n<div class=\"wp-block-image\">\n<figure class=\"aligncenter\"><a href=\"https:\/\/twitter.com\/erdisc_uab\" target=\"_blank\" rel=\"noopener\"><img loading=\"lazy\" decoding=\"async\" width=\"90\" height=\"90\" src=\"https:\/\/webs.uab.cat\/exitoeducativo\/wp-content\/uploads\/sites\/385\/2016\/06\/small_twitter_erdisc_copia.png\" alt=\"\" class=\"wp-image-49\"\/><\/a><\/figure>\n<\/div>\n\n\n<p>&nbsp;<\/p>\n\n\n\n<p class=\"has-text-align-center\"><span style=\"font-size: 18px;\"><a href=\"http:\/\/webs.uab.cat\/catedraeducomunitaria\/\">http:\/\/webs.uab.cat\/catedraeducomunitaria\/<\/a><\/span><\/p>\n\n\n\n<div id=\"block-block-3\" class=\"block block-block clearfix\">\n<h2 class=\"title rtecenter\">La C\u00e0tedra @Twitter<\/h2>\n<div class=\"content\">\n<figure><a href=\"https:\/\/twitter.com\/ed_comunitaria\" target=\"_blank\" rel=\"noopener\"><img loading=\"lazy\" decoding=\"async\" src=\"https:\/\/pagines.uab.cat\/catedraeducomunitaria\/sites\/pagines.uab.cat.catedraeducomunitaria\/files\/vinilos-decorativos-segueix-nos-a-twitter.png\" alt=\"\" width=\"163\" height=\"81\"><\/a><\/figure><p class=\"rtecenter\"><\/p>\n<p class=\"rtecenter\"><a class=\"twitter-follow-button\" href=\"https:\/\/twitter.com\/ed_comunitaria\" data-show-count=\"false\">Segueix-nos @ed_comunitaria<\/a><\/p>\n<div id=\"block-block-5\" class=\"block block-block clearfix\">\n<h2 class=\"title rtecenter\">La C\u00e0tedra @Instagram<\/h2>\n<div class=\"content\">\n<figure><a href=\"https:\/\/www.instagram.com\/aprender_en_familia\/\" target=\"_blank\" rel=\"noopener\"><img loading=\"lazy\" decoding=\"async\" src=\"https:\/\/pagines.uab.cat\/catedraeducomunitaria\/sites\/pagines.uab.cat.catedraeducomunitaria\/files\/instagram_fami_0.png\" alt=\"\" width=\"194\" height=\"188\"><\/a><\/figure><p style=\"text-align: center;\"><\/p>\n<\/div>\n<\/div>\n<\/div>\n<\/div>\n\n\n\n<aside class=\"col-md-4 fix-sidebar-second\">\n<section id=\"sidebar-second\" class=\"sidebar clearfix\">\n<div class=\"region region-sidebar-second\">\n<div id=\"block-block-4\" class=\"block block-block clearfix\">\n<h2 class=\"title rtecenter\">La C\u00e0tedra @YouTube<\/h2>\n<div class=\"content\">\n<figure><a href=\"https:\/\/www.youtube.com\/channel\/UCOW2kHCbSgvU2FfIU5Wdyhw\/featured\" target=\"_blank\" rel=\"noopener\"><img loading=\"lazy\" decoding=\"async\" src=\"https:\/\/pagines.uab.cat\/catedraeducomunitaria\/sites\/pagines.uab.cat.catedraeducomunitaria\/files\/youtube_fami.png\" alt=\"\" width=\"199\" height=\"138\"><\/a><\/figure><p class=\"rtecenter\"><\/p>\n<\/div>\n<\/div>\n<\/div>\n<\/section>\n<\/aside>\n\n\n\n<h3 class=\"wp-block-heading\">&nbsp;<\/h3>\n","protected":false},"excerpt":{"rendered":"<p>DIRECCI\u00d3N GENERAL DEL PROYECTO Miquel \u00c0ngel Essomba GelabertMiquelAngel.Essomba@uab.cat &nbsp; COORDINACI\u00d3N DEL PROYECTO Txell Argelagu\u00e9s BessonMeritxell.Argelagues@uab.cat Anna Tarr\u00e8s VallespiAnna.Tarres@uab.cat &nbsp; EQUIPO T\u00c9CNICO Katia V. Pozos P\u00e9rez &#8211;&nbsp;Dise\u00f1o y maquetaci\u00f3n de los materiales audiovisuales Yusef Quadura Izquierdo &#8211; Programaci\u00f3n y maquetaci\u00f3n de la web &nbsp; &nbsp; Universitat Aut\u00f2noma de BarcelonaDepartamento de Pedagog\u00eda AplicadaEdificio G6\/257 &#8211; Campus UABPla\u00e7a [&hellip;]<\/p>\n","protected":false},"author":20,"featured_media":0,"parent":0,"menu_order":0,"comment_status":"closed","ping_status":"closed","template":"","meta":{"footnotes":""},"class_list":["post-50","page","type-page","status-publish","hentry"],"_links":{"self":[{"href":"https:\/\/webs.uab.cat\/exitoeducativo\/wp-json\/wp\/v2\/pages\/50","targetHints":{"allow":["GET"]}}],"collection":[{"href":"https:\/\/webs.uab.cat\/exitoeducativo\/wp-json\/wp\/v2\/pages"}],"about":[{"href":"https:\/\/webs.uab.cat\/exitoeducativo\/wp-json\/wp\/v2\/types\/page"}],"author":[{"embeddable":true,"href":"https:\/\/webs.uab.cat\/exitoeducativo\/wp-json\/wp\/v2\/users\/20"}],"replies":[{"embeddable":true,"href":"https:\/\/webs.uab.cat\/exitoeducativo\/wp-json\/wp\/v2\/comments?post=50"}],"version-history":[{"count":1,"href":"https:\/\/webs.uab.cat\/exitoeducativo\/wp-json\/wp\/v2\/pages\/50\/revisions"}],"predecessor-version":[{"id":291,"href":"https:\/\/webs.uab.cat\/exitoeducativo\/wp-json\/wp\/v2\/pages\/50\/revisions\/291"}],"wp:attachment":[{"href":"https:\/\/webs.uab.cat\/exitoeducativo\/wp-json\/wp\/v2\/media?parent=50"}],"curies":[{"name":"wp","href":"https:\/\/api.w.org\/{rel}","templated":true}]}}