{"id":59,"date":"2016-07-05T10:47:27","date_gmt":"2016-07-05T08:47:27","guid":{"rendered":"https:\/\/webs.uab.cat\/exitoeducativo\/inicio\/"},"modified":"2023-03-10T21:42:50","modified_gmt":"2023-03-10T19:42:50","slug":"inicio","status":"publish","type":"page","link":"https:\/\/webs.uab.cat\/exitoeducativo\/","title":{"rendered":"Inicio"},"content":{"rendered":"\n<div class=\"wp-block-media-text is-stacked-on-mobile has-accent-background-color has-background\" style=\"grid-template-columns:38% auto\"><figure class=\"wp-block-media-text__media\"><img loading=\"lazy\" decoding=\"async\" width=\"567\" height=\"799\" src=\"https:\/\/webs.uab.cat\/exitoeducativo\/wp-content\/uploads\/sites\/385\/2017\/05\/imatge_inici.jpg\" alt=\"\" class=\"wp-image-68 size-full\" srcset=\"https:\/\/webs.uab.cat\/exitoeducativo\/wp-content\/uploads\/sites\/385\/2017\/05\/imatge_inici.jpg 567w, https:\/\/webs.uab.cat\/exitoeducativo\/wp-content\/uploads\/sites\/385\/2017\/05\/imatge_inici-213x300.jpg 213w\" sizes=\"auto, (max-width: 567px) 100vw, 567px\" \/><\/figure><div class=\"wp-block-media-text__content\">\n<p class=\"has-larger-font-size\">\u00a1Bienvenidos al portal del Programa Social Para el Apoyo Familiar al \u00c9xito Educativo!<\/p>\n<\/div><\/div>\n\n\n\n<p>En esta p\u00e1gina web encontrar\u00e9is un conjunto de recursos (gu\u00edas, manuales, fichas de actividades, etc.) que os permitir\u00e1n impulsar estrategias de trabajo colaborativo entre familias, profesorado y agentes de la comunidad con el objetivo \u00faltimo de mejorar la \u00e9xito educativo de los ni\u00f1os y j\u00f3venes de vuestro centro, barrio o ciudad.<\/p>\n\n\n<div class=\"wp-block-image\">\n<figure class=\"aligncenter size-large\"><img loading=\"lazy\" decoding=\"async\" width=\"433\" height=\"1024\" src=\"https:\/\/webs.uab.cat\/exitoeducativo\/wp-content\/uploads\/sites\/385\/2016\/07\/infoges-433x1024.jpeg\" alt=\"\" class=\"wp-image-53\" srcset=\"https:\/\/webs.uab.cat\/exitoeducativo\/wp-content\/uploads\/sites\/385\/2016\/07\/infoges-433x1024.jpeg 433w, https:\/\/webs.uab.cat\/exitoeducativo\/wp-content\/uploads\/sites\/385\/2016\/07\/infoges-127x300.jpeg 127w, https:\/\/webs.uab.cat\/exitoeducativo\/wp-content\/uploads\/sites\/385\/2016\/07\/infoges.jpeg 508w\" sizes=\"auto, (max-width: 433px) 100vw, 433px\" \/><\/figure>\n<\/div>\n\n\n<p>Los contenidos de esta p\u00e1gina web han sido elaborados por el equipo de investigaci\u00f3n&nbsp;<a href=\"https:\/\/webs.uab.cat\/erdisc\/\">ERDISC&nbsp;<\/a>de la Universidad Aut\u00f3noma de Barcelona (UAB) en el marco del&nbsp;<strong>&#8220;Programa Social para el Apoyo Familiar al \u00c9xito Educativo\u201d,<\/strong>&nbsp;un proyecto liderado por este grupo de investigaci\u00f3n desde el a\u00f1o 2013 a trav\u00e9s de la&nbsp;<a href=\"https:\/\/webs.uab.cat\/catedraeducomunitaria\/\">C\u00e1tedra de Educaci\u00f3n Comunitaria<\/a>&nbsp;de la UAB y financiado por la Obra Social &#8220;la Caixa&#8221;, que pretende<strong>&nbsp;fortalecer los v\u00ednculos entre las familias, la escuela y la comunidad para mejorar la \u00e9xito educativo de los ni\u00f1os y j\u00f3venes&nbsp;<\/strong>y que cuenta con una amplia experiencia en m\u00e1s de 50 centros educativos de 9 comunidades aut\u00f3nomas del estado espa\u00f1ol.<\/p>\n\n\n\n<p>Esta p\u00e1gina web est\u00e1 especialmente dise\u00f1ada para que os pod\u00e1is familiarizar con el Programa Social para el Apoyo Familiar en el \u00c9xito Educativo de manera gradual. En este sentido, y con el fin de tener un primer contacto con el Programa, os proponemos que os le\u00e1is el folleto que encontrar\u00e9is a continuaci\u00f3n para tener una visi\u00f3n general del Programa. Seguidamente, os animamos a que ech\u00e9is un vistazo a alguno de los v\u00eddeos que se encuentra al final de todo de esta secci\u00f3n. Estos v\u00eddeos recogen las voces de las personas implicadas en diferentes ediciones del Programa.<\/p>\n\n\n\n<p>Una vez hecha la primera toma de contacto con el Programa, os sugerimos que explor\u00e9is la secci\u00f3n&nbsp;<a href=\"https:\/\/webs.uab.cat\/exitoeducativo\/que-es\/\" data-type=\"page\" data-id=\"34\">QU\u00c9 ES<\/a>&nbsp;de esta p\u00e1gina web, donde encontrar\u00e9is la&nbsp;<strong>&#8220;Gu\u00eda b\u00e1sica del Programa&#8221;,<\/strong>&nbsp;un documento breve pero muy \u00fatil para conocer m\u00e1s a fondo c\u00f3mo es el Programa y qu\u00e9 lo diferencia de otras propuestas de intervenci\u00f3n con familias.<\/p>\n\n\n\n<p>Si la propuesta que le planteamos os interesa, y dese\u00e1is seguir conociendo m\u00e1s a fondo el Programa, os proponemos que explor\u00e9is la secci\u00f3n &#8220;<a href=\"http:\/\/webs.uab.cat\/exitoeducativo\/como-ponerlo-en-marcha\">C\u00d3MO PONERLO EN MARCHA<\/a>&#8221; donde encontrar\u00e9is el&nbsp;<a href=\"https:\/\/webs.uab.cat\/exitoeducativo\/wp-content\/uploads\/sites\/385\/2018\/04\/manual_para_poner_en_marcha_el_programa_2018_0_0.pdf\" data-type=\"attachment\" data-id=\"31\" target=\"_blank\" rel=\"noreferrer noopener\"><strong>&#8220;Manual para poner en marcha el Programa&#8221;,<\/strong><\/a>&nbsp;una gu\u00eda muy completa donde se proponen 10 pasos para poner en marcha el Programa en vuestro centro, barrio, ciudad, etc.<\/p>\n\n\n\n<p>Y en caso de que os anim\u00e9is a poner en marcha el Programa, ponemos a vuestra disposici\u00f3n un <a href=\"http:\/\/pagines.uab.cat\/exitoeducativo\/es\/content\/cat%C3%A1logo-de-actividades\">CAT\u00c1LOGO DE ACTIVIDADES<\/a>, que se encuentra en la secci\u00f3n del mismo nombre, y que contiene una recopilaci\u00f3n de 29 actividades que han sido especialmente dise\u00f1adas en el marco de este Programa y testadas a lo largo de los cursos 2013-14 a 2019-20. Por otra parte, tambi\u00e9n ponemos a vuestra disposici\u00f3n en la secci\u00f3n <a href=\"http:\/\/pagines.uab.cat\/exitoeducativo\/es\/content\/materiales-y-recursos\">MATERIALES Y RECURSOS<\/a>, un banco de recursos (visuales, audiovisuales, etc.) que pueden ser \u00fatiles para complementar las actividades del Cat\u00e1logo o como base para elaborar nuevas actividades.<\/p>\n\n\n\n<h2 class=\"wp-block-heading\">Programa Social para el Apoyo Familiar al \u00c9xito Educativo. Experiencias 2018<\/h2>\n\n\n\n<figure class=\"wp-block-embed is-type-video is-provider-youtube wp-block-embed-youtube wp-embed-aspect-16-9 wp-has-aspect-ratio\"><div class=\"wp-block-embed__wrapper\">\n<iframe loading=\"lazy\" title=\"Erdisc FAP 2018\" width=\"580\" height=\"326\" src=\"https:\/\/www.youtube.com\/embed\/k1OsYpSj_JE?feature=oembed\" frameborder=\"0\" allow=\"accelerometer; autoplay; clipboard-write; encrypted-media; gyroscope; picture-in-picture; web-share\" referrerpolicy=\"strict-origin-when-cross-origin\" allowfullscreen><\/iframe>\n<\/div><\/figure>\n\n\n\n<h2 class=\"wp-block-heading\">Programa Social para el Apoyo Familiar al \u00c9xito Educativo. Experiencias 2016<\/h2>\n\n\n\n<p><iframe loading=\"lazy\" src=\"https:\/\/www.youtube.com\/embed\/CxnmfYcCaAU?rel=0&amp;controls=0&amp;showinfo=0\" width=\"560\" height=\"315\" frameborder=\"0\" allowfullscreen=\"allowfullscreen\"><\/iframe><\/p>\n\n\n\n<h2 class=\"wp-block-heading\">Programa Social para el Apoyo Familiar al \u00c9xito Educativo. Experiencias 2015<\/h2>\n\n\n\n<p><iframe loading=\"lazy\" src=\"https:\/\/www.youtube.com\/embed\/u3jkffmAWpw?rel=0&amp;controls=0&amp;showinfo=0\" width=\"560\" height=\"315\" frameborder=\"0\" allowfullscreen=\"allowfullscreen\"><\/iframe><\/p>\n\n\n\n<h2 class=\"wp-block-heading\">Programa Social para el Apoyo Familiar al \u00c9xito Educativo. Experiencias 2014<\/h2>\n\n\n\n<p><iframe loading=\"lazy\" src=\"https:\/\/www.youtube.com\/embed\/ToxyCrMdWVo?rel=0&amp;controls=0&amp;showinfo=0\" name=\"dfgdfg\" width=\"560\" height=\"315\" frameborder=\"0\" scrolling=\"no\" allowfullscreen=\"allowfullscreen\"><\/iframe><\/p>\n\n\n\n<figure class=\"wp-block-image\"><img loading=\"lazy\" decoding=\"async\" width=\"800\" height=\"150\" src=\"https:\/\/webs.uab.cat\/exitoeducativo\/wp-content\/uploads\/sites\/385\/2016\/07\/logos_uab_copia.png\" alt=\"\" class=\"wp-image-58\" srcset=\"https:\/\/webs.uab.cat\/exitoeducativo\/wp-content\/uploads\/sites\/385\/2016\/07\/logos_uab_copia.png 800w, https:\/\/webs.uab.cat\/exitoeducativo\/wp-content\/uploads\/sites\/385\/2016\/07\/logos_uab_copia-300x56.png 300w, https:\/\/webs.uab.cat\/exitoeducativo\/wp-content\/uploads\/sites\/385\/2016\/07\/logos_uab_copia-768x144.png 768w\" sizes=\"auto, (max-width: 800px) 100vw, 800px\" \/><\/figure>\n\n\n\n<p class=\"has-text-align-center\"><\/p>\n","protected":false},"excerpt":{"rendered":"<p>\u00a1Bienvenidos al portal del Programa Social Para el Apoyo Familiar al \u00c9xito Educativo! En esta p\u00e1gina web encontrar\u00e9is un conjunto de recursos (gu\u00edas, manuales, fichas de actividades, etc.) que os permitir\u00e1n impulsar estrategias de trabajo colaborativo entre familias, profesorado y agentes de la comunidad con el objetivo \u00faltimo de mejorar la \u00e9xito educativo de los [&hellip;]<\/p>\n","protected":false},"author":20,"featured_media":0,"parent":0,"menu_order":0,"comment_status":"closed","ping_status":"closed","template":"","meta":{"footnotes":""},"class_list":["post-59","page","type-page","status-publish","hentry"],"_links":{"self":[{"href":"https:\/\/webs.uab.cat\/exitoeducativo\/wp-json\/wp\/v2\/pages\/59","targetHints":{"allow":["GET"]}}],"collection":[{"href":"https:\/\/webs.uab.cat\/exitoeducativo\/wp-json\/wp\/v2\/pages"}],"about":[{"href":"https:\/\/webs.uab.cat\/exitoeducativo\/wp-json\/wp\/v2\/types\/page"}],"author":[{"embeddable":true,"href":"https:\/\/webs.uab.cat\/exitoeducativo\/wp-json\/wp\/v2\/users\/20"}],"replies":[{"embeddable":true,"href":"https:\/\/webs.uab.cat\/exitoeducativo\/wp-json\/wp\/v2\/comments?post=59"}],"version-history":[{"count":2,"href":"https:\/\/webs.uab.cat\/exitoeducativo\/wp-json\/wp\/v2\/pages\/59\/revisions"}],"predecessor-version":[{"id":267,"href":"https:\/\/webs.uab.cat\/exitoeducativo\/wp-json\/wp\/v2\/pages\/59\/revisions\/267"}],"wp:attachment":[{"href":"https:\/\/webs.uab.cat\/exitoeducativo\/wp-json\/wp\/v2\/media?parent=59"}],"curies":[{"name":"wp","href":"https:\/\/api.w.org\/{rel}","templated":true}]}}