{"id":119,"date":"2016-07-22T14:12:35","date_gmt":"2016-07-22T14:12:35","guid":{"rendered":"https:\/\/webs.uab.cat\/eylbid\/inici-2\/"},"modified":"2023-03-10T21:45:19","modified_gmt":"2023-03-10T21:45:19","slug":"inici-2","status":"publish","type":"page","link":"https:\/\/webs.uab.cat\/eylbid\/de\/","title":{"rendered":"Home"},"content":{"rendered":"<p class=\"rtejustify\"><img loading=\"lazy\" decoding=\"async\" class=\" size-full wp-image-30\" style=\"float: right\" src=\"https:\/\/webs.uab.cat\/eylbid\/wp-content\/uploads\/sites\/160\/2016\/07\/div-libre_53876-2503_0.jpg\" alt=\"ejemploera.jpg\" width=\"320\" height=\"213\" \/>EYLBID (2020-2021) ist eine strategische Partnerschaft bestehend aus<a href=\"https:\/\/pagines.uab.cat\/eylbid\/de\/content\/consortium\"> f\u00fcnf Hochschuleinrichtungen <\/a>und einem sozialen Unternehmen. Ihr Fokus liegt auf einer der horizontalen Priorit\u00e4ten der europ\u00e4ischen Partnerschaft: der sozialen Eingliederung. Dabei wird ein besonderer Wert auf die interkulturelle Sprachmittlung und den sprachmittlerischen T\u00e4tigkeiten von Jugendlichen gelegt.<\/p>\n<p class=\"rtejustify\">Kinder und Jugendliche nehmen in Migrationsprozessen eine wesentliche Rolle ein. Durch deren Einschulung und die damit verbundene Teilnahme am sprachlichen Alltag innerhalb der neuen Gesellschaft f\u00e4llt ihnen das Erlernen der Amtssprache(n) des neuen Landes leichter als es bei ihren Eltern in der Regel der Fall ist. Aus diesem Grund sind die zweisprachigen Jugendlichen diejenigen, die innerhalb ihrer Familie \u00fcbersetzen und dolmetschen m\u00fcssen, um die Kommunikation zwischen ihnen und der Au\u00dfenwelt, also zwischen Mehrheit- und Minderheitsgesellschaften, zu schaffen.<\/p>\n<p class=\"rtejustify\">EYLBID setzt einen speziellen Schwerpunkt darauf, ein Bewusstsein f\u00fcr die Existenz des Ph\u00e4nomens der jungen Sprachmittler*innen in ganz Europa zu schaffen. EYLBID wird sich nicht nur f\u00fcr die Sichtbarkeit dieses Ph\u00e4nomens einsetzen, sondern auch f\u00fcr die F\u00f6rderung und St\u00e4rkung von jungen Sprachmittler*innen im schulischen Kontext. In zahlreichen Situationen innerhalb des schulischen Kontexts empfangen die Herkunftssprachen der Jugendlichen, die nicht der Amtssprache entsprechen, zu wenig Wertsch\u00e4tzung und Funktion. Dieses Projekt wird dazu beitragen, einerseits sprachliche Vielfalt und kulturellen Reichtum zu f\u00f6rdern und andererseits eine offenere Haltung gegen\u00fcber der kulturellen Vielfalt und Traditionen einzunehmen.<\/p>\n<p class=\"rtejustify\">Ziel von EYLBID ist die Entwicklung von <a href=\"https:\/\/pagines.uab.cat\/eylbid\/de\/content\/results\">Materialien<\/a> zur F\u00f6rderung von sprachlichen, sozialen und interkulturellen Kompetenzen. In Anlehnung an den von der Europ\u00e4sichen Komission gef\u00f6rderten Open-Access-Ansatz (COM2007\/56, C2012\/4890), werden die im Rahmen des Projektes konzipierten Materialien f\u00fcr die \u00f6ffentliche Nutzung zur Verf\u00fcgung gestellt. Der offene Charakter der Materialien soll dem Problem der sozialen Spaltung entgegenwirken und einen umfassenderen Ansatz der sozialen Eingliederung erm\u00f6glichen. Wie bereits aufgef\u00fchrt, werden die durch multikulturelle und multimodale Konzepte geschaffenen Ressourcen zur Steigerung des Ausbaus von sozialen und interkulturellen F\u00e4higkeiten behelfen. Die Ressourcen werden in unterschiedlichen Formaten angeboten. Dabei werden gleichzeitig die Inhalte der Amtssprachen folgender teilnehmenden L\u00e4nder generiert: Spanisch oder Katalanisch, Italienisch, Englisch und Deutsch.<\/p>\n<p class=\"rtejustify\">All dies wird durch das Zusammenwirken von komplement\u00e4ren Partnern erm\u00f6glicht, die Erfahrung und intensive Fachkenntnisse bez\u00fcglich Einwanderung, Bildung und Sprache vorweisen.<\/p>\n<p>***<\/p>\n<p>Dieses Projekt wurde mit Unterst\u00fctzung der Europ\u00e4ischen Kommission finanziert. Die Verantwortung f\u00fcr den Inhalt dieser Website tr\u00e4gt allein der Verfasser; die Kommission haftet nicht f\u00fcr die weitere Verwendung der darin enthaltenen Angaben.<\/p>\n","protected":false},"excerpt":{"rendered":"<p>EYLBID (2020-2021) ist eine strategische Partnerschaft bestehend aus f\u00fcnf Hochschuleinrichtungen und einem sozialen Unternehmen. Ihr Fokus liegt auf einer der horizontalen Priorit\u00e4ten der europ\u00e4ischen Partnerschaft: der sozialen Eingliederung. Dabei wird ein besonderer Wert auf die interkulturelle Sprachmittlung und den sprachmittlerischen T\u00e4tigkeiten von Jugendlichen gelegt. Kinder und Jugendliche nehmen in Migrationsprozessen eine wesentliche Rolle ein. Durch [&hellip;]<\/p>\n","protected":false},"author":20,"featured_media":30,"parent":0,"menu_order":0,"comment_status":"closed","ping_status":"closed","template":"","meta":{"footnotes":""},"class_list":["post-119","page","type-page","status-publish","has-post-thumbnail","hentry"],"_links":{"self":[{"href":"https:\/\/webs.uab.cat\/eylbid\/de\/wp-json\/wp\/v2\/pages\/119","targetHints":{"allow":["GET"]}}],"collection":[{"href":"https:\/\/webs.uab.cat\/eylbid\/de\/wp-json\/wp\/v2\/pages"}],"about":[{"href":"https:\/\/webs.uab.cat\/eylbid\/de\/wp-json\/wp\/v2\/types\/page"}],"author":[{"embeddable":true,"href":"https:\/\/webs.uab.cat\/eylbid\/de\/wp-json\/wp\/v2\/users\/20"}],"replies":[{"embeddable":true,"href":"https:\/\/webs.uab.cat\/eylbid\/de\/wp-json\/wp\/v2\/comments?post=119"}],"version-history":[{"count":2,"href":"https:\/\/webs.uab.cat\/eylbid\/de\/wp-json\/wp\/v2\/pages\/119\/revisions"}],"predecessor-version":[{"id":1304,"href":"https:\/\/webs.uab.cat\/eylbid\/de\/wp-json\/wp\/v2\/pages\/119\/revisions\/1304"}],"wp:featuredmedia":[{"embeddable":true,"href":"https:\/\/webs.uab.cat\/eylbid\/de\/wp-json\/wp\/v2\/media\/30"}],"wp:attachment":[{"href":"https:\/\/webs.uab.cat\/eylbid\/de\/wp-json\/wp\/v2\/media?parent=119"}],"curies":[{"name":"wp","href":"https:\/\/api.w.org\/{rel}","templated":true}]}}