{"id":123,"date":"2019-10-25T10:03:44","date_gmt":"2019-10-25T10:03:44","guid":{"rendered":"https:\/\/webs.uab.cat\/eylbid\/aktivitaten\/"},"modified":"2020-06-08T13:27:00","modified_gmt":"2020-06-08T13:27:00","slug":"aktivitaten","status":"publish","type":"page","link":"https:\/\/webs.uab.cat\/eylbid\/de\/aktivitaten\/","title":{"rendered":"Aktivit\u00e4ten"},"content":{"rendered":"<ul>\n<li>Auftaktveranstaltung der strategischen Partnerschaft von EYLBID: Bellaterra (Universitat Aut\u00f2noma de Barcelona, Spanien), 30.-31. Januar 2020: Institut f\u00fcr \u00dcbersetzen, Dolmetschen und Ostasienstudien (UAB) veranstaltete das erste Projekttreffen am 30. und 31. Januar 2020. An diesem Treffen waren alle Vertreter*innen der Partnerschaft anwesend. <a href=\"https:\/\/www.uab.cat\/web\/newsroom\/news-detail\/a-project-to-empower-young-interpreters-within-school-contexts-1345668003610.html?noticiaid=1345807258402\">Hier k\u00f6nnen Sie Pressemeldung der Veranstaltung<\/a> sowie einige Bilder sehen:<\/li>\n<\/ul>\n<table border=\"1\" cellpadding=\"1\" cellspacing=\"1\" style=\"height: 300px; width: 730px;\">\n<tbody>\n<tr>\n<td style=\"width: 371px;\">\n<p style=\"text-align:center\"><img loading=\"lazy\" decoding=\"async\" class=\" size-full wp-image-76\" alt=\"Team kick off meeting\" height=\"209\" src=\"https:\/\/webs.uab.cat\/eylbid\/wp-content\/uploads\/sites\/160\/2019\/10\/1tm_team.jpg\" width=\"352\" srcset=\"https:\/\/webs.uab.cat\/eylbid\/wp-content\/uploads\/sites\/160\/2019\/10\/1tm_team.jpg 2500w, https:\/\/webs.uab.cat\/eylbid\/wp-content\/uploads\/sites\/160\/2019\/10\/1tm_team-300x178.jpg 300w, https:\/\/webs.uab.cat\/eylbid\/wp-content\/uploads\/sites\/160\/2019\/10\/1tm_team-1024x606.jpg 1024w, https:\/\/webs.uab.cat\/eylbid\/wp-content\/uploads\/sites\/160\/2019\/10\/1tm_team-768x455.jpg 768w, https:\/\/webs.uab.cat\/eylbid\/wp-content\/uploads\/sites\/160\/2019\/10\/1tm_team-1536x909.jpg 1536w, https:\/\/webs.uab.cat\/eylbid\/wp-content\/uploads\/sites\/160\/2019\/10\/1tm_team-2048x1212.jpg 2048w, https:\/\/webs.uab.cat\/eylbid\/wp-content\/uploads\/sites\/160\/2019\/10\/1tm_team-1200x710.jpg 1200w, https:\/\/webs.uab.cat\/eylbid\/wp-content\/uploads\/sites\/160\/2019\/10\/1tm_team-1980x1172.jpg 1980w\" sizes=\"auto, (max-width: 352px) 100vw, 352px\" \/><\/p>\n<\/td>\n<td style=\"width: 347px;\">\n<p style=\"text-align:center\"><img loading=\"lazy\" decoding=\"async\" class=\" size-full wp-image-82\" alt=\"Eylbid Team working kick off meeting\" height=\"204\" src=\"https:\/\/webs.uab.cat\/eylbid\/wp-content\/uploads\/sites\/160\/2019\/10\/img_1862-scaled.jpg\" width=\"271\" srcset=\"https:\/\/webs.uab.cat\/eylbid\/wp-content\/uploads\/sites\/160\/2019\/10\/img_1862-scaled.jpg 2560w, https:\/\/webs.uab.cat\/eylbid\/wp-content\/uploads\/sites\/160\/2019\/10\/img_1862-300x225.jpg 300w, https:\/\/webs.uab.cat\/eylbid\/wp-content\/uploads\/sites\/160\/2019\/10\/img_1862-1024x768.jpg 1024w, https:\/\/webs.uab.cat\/eylbid\/wp-content\/uploads\/sites\/160\/2019\/10\/img_1862-768x576.jpg 768w, https:\/\/webs.uab.cat\/eylbid\/wp-content\/uploads\/sites\/160\/2019\/10\/img_1862-1536x1152.jpg 1536w, https:\/\/webs.uab.cat\/eylbid\/wp-content\/uploads\/sites\/160\/2019\/10\/img_1862-2048x1536.jpg 2048w, https:\/\/webs.uab.cat\/eylbid\/wp-content\/uploads\/sites\/160\/2019\/10\/img_1862-1200x900.jpg 1200w, https:\/\/webs.uab.cat\/eylbid\/wp-content\/uploads\/sites\/160\/2019\/10\/img_1862-1980x1485.jpg 1980w\" sizes=\"auto, (max-width: 271px) 100vw, 271px\" \/><\/p>\n<\/td>\n<\/tr>\n<\/tbody>\n<\/table>\n<ul>\n<li><strong>Zweites transnationale Treffen <\/strong>der strategischen Partnerschaft von EYLBID:<strong>&nbsp;<\/strong>online<strong>,<\/strong>&nbsp;18. und 19. September 2020.&nbsp;An diesem Treffen waren alle Vertreter*innen der Partnerschaft anwesend.<\/li>\n<li><strong>Drittes transnationale Treffen <\/strong>der strategischen Partnerschaft von EYLBID:<strong>&nbsp;<\/strong>online, 5. und 15. Juli&nbsp;&nbsp;2021<\/li>\n<li><strong>Viertes transnationale Treffen&nbsp;<\/strong>der strategischen Partnerschaft von EYLBID:<strong>&nbsp;<\/strong>online, 27. April 2022<\/li>\n<\/ul>\n<div style=\"text-align:center\">\n<figure class=\"image\" style=\"display:inline-block\"><img loading=\"lazy\" decoding=\"async\" class=\" size-full wp-image-88\" alt=\"picture of the online meeting corresponding to the 4th multiplier event\" height=\"363\" src=\"https:\/\/webs.uab.cat\/eylbid\/wp-content\/uploads\/sites\/160\/2019\/10\/picture.png\" width=\"566\" srcset=\"https:\/\/webs.uab.cat\/eylbid\/wp-content\/uploads\/sites\/160\/2019\/10\/picture.png 1610w, https:\/\/webs.uab.cat\/eylbid\/wp-content\/uploads\/sites\/160\/2019\/10\/picture-300x193.png 300w, https:\/\/webs.uab.cat\/eylbid\/wp-content\/uploads\/sites\/160\/2019\/10\/picture-1024x658.png 1024w, https:\/\/webs.uab.cat\/eylbid\/wp-content\/uploads\/sites\/160\/2019\/10\/picture-768x493.png 768w, https:\/\/webs.uab.cat\/eylbid\/wp-content\/uploads\/sites\/160\/2019\/10\/picture-1536x986.png 1536w, https:\/\/webs.uab.cat\/eylbid\/wp-content\/uploads\/sites\/160\/2019\/10\/picture-1200x771.png 1200w\" sizes=\"auto, (max-width: 566px) 100vw, 566px\" \/><figcaption><strong>Viertes transnationale Treffen (27.04.2022)<\/strong><\/figcaption><\/figure>\n<\/div>\n<p>&nbsp;<\/p>\n","protected":false},"excerpt":{"rendered":"<p>Auftaktveranstaltung der strategischen Partnerschaft von EYLBID: Bellaterra (Universitat Aut\u00f2noma de Barcelona, Spanien), 30.-31. Januar 2020: Institut f\u00fcr \u00dcbersetzen, Dolmetschen und Ostasienstudien (UAB) veranstaltete das erste Projekttreffen am 30. und 31. Januar 2020. An diesem Treffen waren alle Vertreter*innen der Partnerschaft anwesend. Hier k\u00f6nnen Sie Pressemeldung der Veranstaltung sowie einige Bilder sehen: Zweites transnationale Treffen der [&hellip;]<\/p>\n","protected":false},"author":20,"featured_media":0,"parent":0,"menu_order":0,"comment_status":"closed","ping_status":"closed","template":"","meta":{"footnotes":""},"class_list":["post-123","page","type-page","status-publish","hentry"],"_links":{"self":[{"href":"https:\/\/webs.uab.cat\/eylbid\/de\/wp-json\/wp\/v2\/pages\/123","targetHints":{"allow":["GET"]}}],"collection":[{"href":"https:\/\/webs.uab.cat\/eylbid\/de\/wp-json\/wp\/v2\/pages"}],"about":[{"href":"https:\/\/webs.uab.cat\/eylbid\/de\/wp-json\/wp\/v2\/types\/page"}],"author":[{"embeddable":true,"href":"https:\/\/webs.uab.cat\/eylbid\/de\/wp-json\/wp\/v2\/users\/20"}],"replies":[{"embeddable":true,"href":"https:\/\/webs.uab.cat\/eylbid\/de\/wp-json\/wp\/v2\/comments?post=123"}],"version-history":[{"count":0,"href":"https:\/\/webs.uab.cat\/eylbid\/de\/wp-json\/wp\/v2\/pages\/123\/revisions"}],"wp:attachment":[{"href":"https:\/\/webs.uab.cat\/eylbid\/de\/wp-json\/wp\/v2\/media?parent=123"}],"curies":[{"name":"wp","href":"https:\/\/api.w.org\/{rel}","templated":true}]}}