{"id":124,"date":"2020-06-08T13:29:07","date_gmt":"2020-06-08T13:29:07","guid":{"rendered":"https:\/\/webs.uab.cat\/eylbid\/kontakt\/"},"modified":"2020-06-08T13:29:07","modified_gmt":"2020-06-08T13:29:07","slug":"kontakt","status":"publish","type":"page","link":"https:\/\/webs.uab.cat\/eylbid\/de\/kontakt\/","title":{"rendered":"Kontakt"},"content":{"rendered":"<p>F\u00fcr ausf\u00fchrlichere Informationen zum Projekt kontaktieren Sie gerne die Koordinatorinnen:&nbsp;<\/p>\n<p>Marta Arum\u00ed (marta.arumi@uab.cat) und Mireia Vargas-Urp\u00ed (mireia.vargas@uab.cat)<br \/>\nInstitut f\u00fcr \u00dcbersetzen, Dolmetschen und Ostasienstudien (UAB)<br \/>\nUniversitat Aut\u00f2noma de Barcelona<br \/>\nEdifici K (1010)<br \/>\nCampus de la UAB \u00b7 08193 Bellaterra<br \/>\n(Cerdanyola del Vall\u00e8s) \u00b7 Barcelona<br \/>\n(0034) 93 5813368<br \/>\n&nbsp;<\/p>\n","protected":false},"excerpt":{"rendered":"<p>F\u00fcr ausf\u00fchrlichere Informationen zum Projekt kontaktieren Sie gerne die Koordinatorinnen:&nbsp; Marta Arum\u00ed (marta.arumi@uab.cat) und Mireia Vargas-Urp\u00ed (mireia.vargas@uab.cat) Institut f\u00fcr \u00dcbersetzen, Dolmetschen und Ostasienstudien (UAB) Universitat Aut\u00f2noma de Barcelona Edifici K (1010) Campus de la UAB \u00b7 08193 Bellaterra (Cerdanyola del Vall\u00e8s) \u00b7 Barcelona (0034) 93 5813368 &nbsp;<\/p>\n","protected":false},"author":20,"featured_media":0,"parent":0,"menu_order":0,"comment_status":"closed","ping_status":"closed","template":"","meta":{"footnotes":""},"class_list":["post-124","page","type-page","status-publish","hentry"],"_links":{"self":[{"href":"https:\/\/webs.uab.cat\/eylbid\/de\/wp-json\/wp\/v2\/pages\/124","targetHints":{"allow":["GET"]}}],"collection":[{"href":"https:\/\/webs.uab.cat\/eylbid\/de\/wp-json\/wp\/v2\/pages"}],"about":[{"href":"https:\/\/webs.uab.cat\/eylbid\/de\/wp-json\/wp\/v2\/types\/page"}],"author":[{"embeddable":true,"href":"https:\/\/webs.uab.cat\/eylbid\/de\/wp-json\/wp\/v2\/users\/20"}],"replies":[{"embeddable":true,"href":"https:\/\/webs.uab.cat\/eylbid\/de\/wp-json\/wp\/v2\/comments?post=124"}],"version-history":[{"count":0,"href":"https:\/\/webs.uab.cat\/eylbid\/de\/wp-json\/wp\/v2\/pages\/124\/revisions"}],"wp:attachment":[{"href":"https:\/\/webs.uab.cat\/eylbid\/de\/wp-json\/wp\/v2\/media?parent=124"}],"curies":[{"name":"wp","href":"https:\/\/api.w.org\/{rel}","templated":true}]}}