{"id":235,"date":"2022-05-03T19:39:02","date_gmt":"2022-05-03T19:39:02","guid":{"rendered":"https:\/\/webs.uab.cat\/eylbid\/veranstaltungen\/"},"modified":"2022-08-16T10:26:01","modified_gmt":"2022-08-16T10:26:01","slug":"veranstaltungen","status":"publish","type":"page","link":"https:\/\/webs.uab.cat\/eylbid\/de\/veranstaltungen\/","title":{"rendered":"Veranstaltungen"},"content":{"rendered":"\n<figure class=\"wp-block-image\"><img loading=\"lazy\" decoding=\"async\" width=\"723\" height=\"1021\" src=\"https:\/\/webs.uab.cat\/eylbid\/wp-content\/uploads\/sites\/160\/2022\/05\/poster_web_0.png\" alt=\"Poster with a summary of key dates\" class=\"wp-image-198\" srcset=\"https:\/\/webs.uab.cat\/eylbid\/wp-content\/uploads\/sites\/160\/2022\/05\/poster_web_0.png 723w, https:\/\/webs.uab.cat\/eylbid\/wp-content\/uploads\/sites\/160\/2022\/05\/poster_web_0-212x300.png 212w\" sizes=\"auto, (max-width: 723px) 100vw, 723px\" \/><\/figure>\n\n\n\n<p class=\"has-text-align-center\"><\/p>\n\n\n\n<p>The following multiplier events will be held to disseminate the intellectual outputs created by the consortium:<\/p>\n\n\n\n<ul class=\"wp-block-list\"><li><strong>&nbsp;May 16th&nbsp;2022:&nbsp;<\/strong><a href=\"https:\/\/webs.uab.cat\/eylbid\/wp-content\/uploads\/sites\/160\/2022\/05\/einladung_eylbid-schueler_innen_als_sprachmittler_innen.pdf\">Sch\u00fcler*innen als Sprachmittler*innen<\/a>. Vorstellung von Lehrmaterialinen zur F\u00f6rderung Sprachlicher und Kultureller Vielfalt im Klasszimmer. online Veranstaltung f\u00fcr Lehrer*innen der Sekundarstufe I-II und weitere Interessierte. Leibniz Universit\u00e4t Hannover.&nbsp;<\/li><li><strong>May 18th 2022:&nbsp;<\/strong><a href=\"https:\/\/webs.uab.cat\/eylbid\/wp-content\/uploads\/sites\/160\/2022\/05\/en_info_unibo.pdf\">Child Language Brokering &#8211; Multilinguismo e multiculturalismo a scuola<\/a>. Online (Zoom Meeting). Universit\u00e0 di Bologna.&nbsp;<\/li><li><strong>June 23rd 2022:&nbsp;<\/strong><a href=\"https:\/\/webs.uab.cat\/eylbid\/wp-content\/uploads\/sites\/160\/2022\/05\/eylbid_multilingualism_eal_and_child_language_brokering.pdf\">Child Language Brokering &#8211; Multilingualism and Multiculturalism at school<\/a>.&nbsp;Multiplier event hosted by the University of Northampton.&nbsp;<\/li><li><strong>June 27th 2022:&nbsp;<\/strong><a href=\"https:\/\/webs.uab.cat\/eylbid\/wp-content\/uploads\/sites\/160\/2022\/05\/programa_jornada_ilm_27_6.pdf\">Joves int\u00e8rprets: La intermediaci\u00f3 ling\u00fc\u00edstica com a eina d&#8217;inclusi\u00f3 en la diversitat<\/a>. On-site. Room 004, Translation &amp; Interpreting Faculty. Universitat Aut\u00f2noma de Barcelona.&nbsp;<\/li><\/ul>\n","protected":false},"excerpt":{"rendered":"<p>The following multiplier events will be held to disseminate the intellectual outputs created by the consortium: &nbsp;May 16th&nbsp;2022:&nbsp;Sch\u00fcler*innen als Sprachmittler*innen. Vorstellung von Lehrmaterialinen zur F\u00f6rderung Sprachlicher und Kultureller Vielfalt im Klasszimmer. online Veranstaltung f\u00fcr Lehrer*innen der Sekundarstufe I-II und weitere Interessierte. Leibniz Universit\u00e4t Hannover.&nbsp; May 18th 2022:&nbsp;Child Language Brokering &#8211; Multilinguismo e multiculturalismo a scuola. [&hellip;]<\/p>\n","protected":false},"author":20,"featured_media":0,"parent":0,"menu_order":0,"comment_status":"closed","ping_status":"closed","template":"","meta":{"footnotes":""},"class_list":["post-235","page","type-page","status-publish","hentry"],"_links":{"self":[{"href":"https:\/\/webs.uab.cat\/eylbid\/de\/wp-json\/wp\/v2\/pages\/235","targetHints":{"allow":["GET"]}}],"collection":[{"href":"https:\/\/webs.uab.cat\/eylbid\/de\/wp-json\/wp\/v2\/pages"}],"about":[{"href":"https:\/\/webs.uab.cat\/eylbid\/de\/wp-json\/wp\/v2\/types\/page"}],"author":[{"embeddable":true,"href":"https:\/\/webs.uab.cat\/eylbid\/de\/wp-json\/wp\/v2\/users\/20"}],"replies":[{"embeddable":true,"href":"https:\/\/webs.uab.cat\/eylbid\/de\/wp-json\/wp\/v2\/comments?post=235"}],"version-history":[{"count":1,"href":"https:\/\/webs.uab.cat\/eylbid\/de\/wp-json\/wp\/v2\/pages\/235\/revisions"}],"predecessor-version":[{"id":554,"href":"https:\/\/webs.uab.cat\/eylbid\/de\/wp-json\/wp\/v2\/pages\/235\/revisions\/554"}],"wp:attachment":[{"href":"https:\/\/webs.uab.cat\/eylbid\/de\/wp-json\/wp\/v2\/media?parent=235"}],"curies":[{"name":"wp","href":"https:\/\/api.w.org\/{rel}","templated":true}]}}