{"id":249,"date":"2022-03-18T17:52:53","date_gmt":"2022-03-18T17:52:53","guid":{"rendered":"https:\/\/webs.uab.cat\/eylbid\/lehrerinnenhandbuch\/"},"modified":"2022-12-06T21:05:41","modified_gmt":"2022-12-06T21:05:41","slug":"lehrerinnenhandbuch","status":"publish","type":"page","link":"https:\/\/webs.uab.cat\/eylbid\/de\/lehrerinnenhandbuch\/","title":{"rendered":"Lehrer:innenhandbuch"},"content":{"rendered":"\n<p>&nbsp;<\/p>\n\n\n\n<figure class=\"wp-block-image\"><a href=\"https:\/\/ddd.uab.cat\/record\/267123\"><img loading=\"lazy\" decoding=\"async\" width=\"720\" height=\"1024\" src=\"https:\/\/webs.uab.cat\/eylbid\/wp-content\/uploads\/sites\/160\/2022\/05\/coberta_de.png\" alt=\" A teacher's book with classroom activities for secondary education&quot;, edited by Mireia Vargas-Urp\u00ed and Marta Arum\u00ed \" class=\"wp-image-246\" srcset=\"https:\/\/webs.uab.cat\/eylbid\/wp-content\/uploads\/sites\/160\/2022\/05\/coberta_de.png 720w, https:\/\/webs.uab.cat\/eylbid\/wp-content\/uploads\/sites\/160\/2022\/05\/coberta_de-211x300.png 211w\" sizes=\"auto, (max-width: 720px) 100vw, 720px\" \/><\/a><\/figure>\n\n\n\n<p class=\"has-text-align-center\"><strong>Versionen in anderen Sprachen<\/strong><\/p>\n\n\n\n<ul class=\"wp-block-list\"><li>Englisch:&nbsp;<a href=\"https:\/\/ddd.uab.cat\/search?f=title&amp;p=Inclusion%2C%20Diversity%20and%20Communication%20Across%20Cultures%20A%20Teacher%27s%20Book%20with%20Classroom%20Activities%20for%20Secondary%20Education&amp;sc=1&amp;ln=ca\">Inclusion, Diversity and Communication Across Cultures: A Teacher\u2019s Book with Classroom Activities for Secondary Education<\/a><\/li><li>Italienisch:&nbsp;<a href=\"https:\/\/ddd.uab.cat\/search?f=title&amp;p=Inclusione%2C%20diversit%C3%A0%20e%20comunicazione%20tra%20culture%20Manuale%20per%20insegnanti%20con%20attivit%C3%A0%20didattiche%20per%20le%20scuole%20superiori&amp;sc=1&amp;ln=ca\">Inclusione, diversit\u00e0 e comunicazione tra culture. Manuale per insegnanti con attivit\u00e0 didattiche per le scuole superiori<\/a><\/li><li>Katalanisch:&nbsp;<a href=\"https:\/\/ddd.uab.cat\/search?f=title&amp;p=Inclusi%C3%B3%2C%20diversitat%20i%20comunicaci%C3%B3%20entre%20cultures%20Manual%20per%20a%20docents%20amb%20activitats%20per%20treballar%20a%20classe%20amb%20alumnat%20de%20secund%C3%A0ria&amp;sc=1&amp;ln=ca\">Inclusi\u00f3, diversitat i comunicaci\u00f3 entre cultures. Manual per a docents amb activitats per treballar a classe amb alumnat de secund\u00e0ria<\/a><\/li><li>Spanisch:&nbsp;<a href=\"https:\/\/ddd.uab.cat\/search?f=title&amp;p=Inclusi%C3%B3n%2C%20diversidad%20y%20comunicaci%C3%B3n%20entre%20culturas%20Manual%20para%20docentes%20con%20actividades%20para%20realizar%20en%20clase%20con%20el%20alumnado%20de%20secundaria&amp;sc=1&amp;ln=ca\">Inclusi\u00f3n, diversidad y comunicaci\u00f3n entre culturas: Manual para docentes con actividades para realizar en clase con el alumnado de secundaria<\/a><\/li><\/ul>\n\n\n\n<div class=\"wp-block-columns is-layout-flex wp-container-core-columns-is-layout-9d6595d7 wp-block-columns-is-layout-flex\">\n<div class=\"wp-block-column is-layout-flow wp-block-column-is-layout-flow\"><div class=\"wp-block-image\">\n<figure class=\"aligncenter\"><a href=\"https:\/\/webs.uab.cat\/eylbid\/de\/lehrerinnenhandbuch\/herunterladbare-aktivitaeten\/\"><img loading=\"lazy\" decoding=\"async\" width=\"512\" height=\"512\" src=\"https:\/\/webs.uab.cat\/eylbid\/wp-content\/uploads\/sites\/160\/2022\/03\/activities_0.png\" alt=\"\" class=\"wp-image-146\" srcset=\"https:\/\/webs.uab.cat\/eylbid\/wp-content\/uploads\/sites\/160\/2022\/03\/activities_0.png 512w, https:\/\/webs.uab.cat\/eylbid\/wp-content\/uploads\/sites\/160\/2022\/03\/activities_0-300x300.png 300w, https:\/\/webs.uab.cat\/eylbid\/wp-content\/uploads\/sites\/160\/2022\/03\/activities_0-150x150.png 150w\" sizes=\"auto, (max-width: 512px) 100vw, 512px\" \/><\/a><figcaption>Herunterladbare Aktivit\u00e4ten<\/figcaption><\/figure>\n<\/div><\/div>\n\n\n\n<div class=\"wp-block-column is-layout-flow wp-block-column-is-layout-flow\">\n<figure class=\"wp-block-image\"><a href=\"https:\/\/webs.uab.cat\/eylbid\/de\/ressourcenbank\"><img loading=\"lazy\" decoding=\"async\" width=\"512\" height=\"512\" src=\"https:\/\/webs.uab.cat\/eylbid\/wp-content\/uploads\/sites\/160\/2022\/03\/resource_bank.png\" alt=\"resource bank folder\" class=\"wp-image-152\" srcset=\"https:\/\/webs.uab.cat\/eylbid\/wp-content\/uploads\/sites\/160\/2022\/03\/resource_bank.png 512w, https:\/\/webs.uab.cat\/eylbid\/wp-content\/uploads\/sites\/160\/2022\/03\/resource_bank-300x300.png 300w, https:\/\/webs.uab.cat\/eylbid\/wp-content\/uploads\/sites\/160\/2022\/03\/resource_bank-150x150.png 150w\" sizes=\"auto, (max-width: 512px) 100vw, 512px\" \/><\/a><\/figure>\n<\/div>\n<\/div>\n\n\n\n<p>If you use the Teacher&#8217;s Book and resources, we will really appreciate your opinion! Please reply to our\u00a0<a href=\"https:\/\/forms.office.com\/r\/w6bWp6fS6r\">satisfaction survey<\/a>, it will only take you a few minutes.\u00a0<\/p>\n","protected":false},"excerpt":{"rendered":"<p>&nbsp; Versionen in anderen Sprachen Englisch:&nbsp;Inclusion, Diversity and Communication Across Cultures: A Teacher\u2019s Book with Classroom Activities for Secondary Education Italienisch:&nbsp;Inclusione, diversit\u00e0 e comunicazione tra culture. Manuale per insegnanti con attivit\u00e0 didattiche per le scuole superiori Katalanisch:&nbsp;Inclusi\u00f3, diversitat i comunicaci\u00f3 entre cultures. Manual per a docents amb activitats per treballar a classe amb alumnat de [&hellip;]<\/p>\n","protected":false},"author":20,"featured_media":0,"parent":0,"menu_order":0,"comment_status":"closed","ping_status":"closed","template":"","meta":{"footnotes":""},"class_list":["post-249","page","type-page","status-publish","hentry"],"_links":{"self":[{"href":"https:\/\/webs.uab.cat\/eylbid\/de\/wp-json\/wp\/v2\/pages\/249","targetHints":{"allow":["GET"]}}],"collection":[{"href":"https:\/\/webs.uab.cat\/eylbid\/de\/wp-json\/wp\/v2\/pages"}],"about":[{"href":"https:\/\/webs.uab.cat\/eylbid\/de\/wp-json\/wp\/v2\/types\/page"}],"author":[{"embeddable":true,"href":"https:\/\/webs.uab.cat\/eylbid\/de\/wp-json\/wp\/v2\/users\/20"}],"replies":[{"embeddable":true,"href":"https:\/\/webs.uab.cat\/eylbid\/de\/wp-json\/wp\/v2\/comments?post=249"}],"version-history":[{"count":5,"href":"https:\/\/webs.uab.cat\/eylbid\/de\/wp-json\/wp\/v2\/pages\/249\/revisions"}],"predecessor-version":[{"id":1235,"href":"https:\/\/webs.uab.cat\/eylbid\/de\/wp-json\/wp\/v2\/pages\/249\/revisions\/1235"}],"wp:attachment":[{"href":"https:\/\/webs.uab.cat\/eylbid\/de\/wp-json\/wp\/v2\/media?parent=249"}],"curies":[{"name":"wp","href":"https:\/\/api.w.org\/{rel}","templated":true}]}}