{"id":343,"date":"2022-06-20T22:03:57","date_gmt":"2022-06-20T22:03:57","guid":{"rendered":"https:\/\/webs.uab.cat\/eylbid\/kapitel-1-ressourcen\/"},"modified":"2022-11-04T09:56:08","modified_gmt":"2022-11-04T09:56:08","slug":"kapitel-1-ressourcen","status":"publish","type":"page","link":"https:\/\/webs.uab.cat\/eylbid\/de\/kapitel-1-ressourcen\/","title":{"rendered":"Kapitel 1: Ressourcen"},"content":{"rendered":"<h1 style=\"text-align: center\">Erg\u00e4nzende Aktivit\u00e4ten<\/h1>\n<div style=\"text-align: center\">\n<figure class=\"image\"><a href=\"https:\/\/webs.uab.cat\/eylbid\/wp-content\/uploads\/sites\/160\/2022\/11\/1E_German-version.pdf\"><img loading=\"lazy\" decoding=\"async\" class=\"size-full wp-image-278 aligncenter\" src=\"https:\/\/webs.uab.cat\/eylbid\/wp-content\/uploads\/sites\/160\/2022\/06\/1e.png\" alt=\"\" width=\"300\" height=\"163\" srcset=\"https:\/\/webs.uab.cat\/eylbid\/wp-content\/uploads\/sites\/160\/2022\/06\/1e.png 1468w, https:\/\/webs.uab.cat\/eylbid\/wp-content\/uploads\/sites\/160\/2022\/06\/1e-300x163.png 300w, https:\/\/webs.uab.cat\/eylbid\/wp-content\/uploads\/sites\/160\/2022\/06\/1e-1024x555.png 1024w, https:\/\/webs.uab.cat\/eylbid\/wp-content\/uploads\/sites\/160\/2022\/06\/1e-768x416.png 768w, https:\/\/webs.uab.cat\/eylbid\/wp-content\/uploads\/sites\/160\/2022\/06\/1e-1200x651.png 1200w\" sizes=\"auto, (max-width: 300px) 100vw, 300px\" \/><\/a>\n<figcaption>Activit\u00e4t 1E: Die schnelle Rederunde<\/figcaption>\n<\/figure>\n<\/div>\n<div style=\"text-align: center\">\n<figure class=\"image\"><a href=\"https:\/\/webs.uab.cat\/eylbid\/wp-content\/uploads\/sites\/160\/2022\/11\/1F_German-version.pdf\"><img loading=\"lazy\" decoding=\"async\" class=\"size-full wp-image-296 aligncenter\" src=\"https:\/\/webs.uab.cat\/eylbid\/wp-content\/uploads\/sites\/160\/2022\/06\/1f.png\" alt=\"\" width=\"300\" height=\"182\" srcset=\"https:\/\/webs.uab.cat\/eylbid\/wp-content\/uploads\/sites\/160\/2022\/06\/1f.png 1362w, https:\/\/webs.uab.cat\/eylbid\/wp-content\/uploads\/sites\/160\/2022\/06\/1f-300x182.png 300w, https:\/\/webs.uab.cat\/eylbid\/wp-content\/uploads\/sites\/160\/2022\/06\/1f-1024x623.png 1024w, https:\/\/webs.uab.cat\/eylbid\/wp-content\/uploads\/sites\/160\/2022\/06\/1f-768x467.png 768w, https:\/\/webs.uab.cat\/eylbid\/wp-content\/uploads\/sites\/160\/2022\/06\/1f-1200x730.png 1200w\" sizes=\"auto, (max-width: 300px) 100vw, 300px\" \/><\/a>\n<p><span style=\"color: #2a2a2a;font-size: 15px;letter-spacing: 0.05rem\">Aktivit\u00e4t 1F: Sprachmemory<\/span><\/p>\n<\/figure>\n<\/div>\n<div style=\"text-align: center\">\n<figure class=\"image\"><a href=\"https:\/\/webs.uab.cat\/eylbid\/wp-content\/uploads\/sites\/160\/2022\/11\/1G_German-version.pdf\"><img loading=\"lazy\" decoding=\"async\" class=\"size-full wp-image-308 aligncenter\" src=\"https:\/\/webs.uab.cat\/eylbid\/wp-content\/uploads\/sites\/160\/2022\/06\/1g.png\" alt=\"\" width=\"300\" height=\"172\" srcset=\"https:\/\/webs.uab.cat\/eylbid\/wp-content\/uploads\/sites\/160\/2022\/06\/1g.png 517w, https:\/\/webs.uab.cat\/eylbid\/wp-content\/uploads\/sites\/160\/2022\/06\/1g-300x172.png 300w\" sizes=\"auto, (max-width: 300px) 100vw, 300px\" \/><\/a>\n<p><span style=\"color: #2a2a2a;font-size: 15px;letter-spacing: 0.05rem\">Aktivit\u00e4t 1G: Ein Zeitstrahl meiner Sprachen<\/span><\/p>\n<\/figure>\n<\/div>\n<h1>Internetquellen<\/h1>\n<p><span style=\"font-size: 16px\"><a href=\"https:\/\/lingscape.uni.lu\/\">Lingscape<\/a>: Citizen Science Meets Linguistic Landscaping<\/span><\/p>\n<p><span style=\"font-size: 16px\"><a href=\"https:\/\/www.ethnologue.com\/guides\/ethnologue200\">Ethnologue<\/a>: Languages of the World<\/span><\/p>\n<p>\u00a0<\/p>\n<p><span style=\"font-size: 16px\">Bilder: Pikisuperstar (free license for Freepik)<\/span><\/p>\n<p>\u00a0<\/p>\n\n\n<p><\/p>\n","protected":false},"excerpt":{"rendered":"<p>Erg\u00e4nzende Aktivit\u00e4ten Activit\u00e4t 1E: Die schnelle Rederunde Aktivit\u00e4t 1F: Sprachmemory Aktivit\u00e4t 1G: Ein Zeitstrahl meiner Sprachen Internetquellen Lingscape: Citizen Science Meets Linguistic Landscaping Ethnologue: Languages of the World \u00a0 Bilder: Pikisuperstar (free license for Freepik) \u00a0<\/p>\n","protected":false},"author":20,"featured_media":0,"parent":0,"menu_order":0,"comment_status":"closed","ping_status":"closed","template":"","meta":{"footnotes":""},"class_list":["post-343","page","type-page","status-publish","hentry"],"_links":{"self":[{"href":"https:\/\/webs.uab.cat\/eylbid\/de\/wp-json\/wp\/v2\/pages\/343","targetHints":{"allow":["GET"]}}],"collection":[{"href":"https:\/\/webs.uab.cat\/eylbid\/de\/wp-json\/wp\/v2\/pages"}],"about":[{"href":"https:\/\/webs.uab.cat\/eylbid\/de\/wp-json\/wp\/v2\/types\/page"}],"author":[{"embeddable":true,"href":"https:\/\/webs.uab.cat\/eylbid\/de\/wp-json\/wp\/v2\/users\/20"}],"replies":[{"embeddable":true,"href":"https:\/\/webs.uab.cat\/eylbid\/de\/wp-json\/wp\/v2\/comments?post=343"}],"version-history":[{"count":3,"href":"https:\/\/webs.uab.cat\/eylbid\/de\/wp-json\/wp\/v2\/pages\/343\/revisions"}],"predecessor-version":[{"id":639,"href":"https:\/\/webs.uab.cat\/eylbid\/de\/wp-json\/wp\/v2\/pages\/343\/revisions\/639"}],"wp:attachment":[{"href":"https:\/\/webs.uab.cat\/eylbid\/de\/wp-json\/wp\/v2\/media?parent=343"}],"curies":[{"name":"wp","href":"https:\/\/api.w.org\/{rel}","templated":true}]}}