{"id":92,"date":"2019-10-25T10:04:26","date_gmt":"2019-10-25T10:04:26","guid":{"rendered":"https:\/\/webs.uab.cat\/eylbid\/contact\/"},"modified":"2019-10-25T10:04:26","modified_gmt":"2019-10-25T10:04:26","slug":"contact","status":"publish","type":"page","link":"https:\/\/webs.uab.cat\/eylbid\/en\/contact\/","title":{"rendered":"Contact"},"content":{"rendered":"<p id=\"page-title\">For more information about the project, you can contact with the coordinators:&nbsp;<\/p>\n<article id=\"node-141\">\n<p>Marta Arum\u00ed (<a href=\"mailto:marta.arumi@uab.cat\">marta.arumi@uab.cat<\/a>) and&nbsp;Mireia Vargas-Urp\u00ed (<a href=\"mailto:mireia.vargas@uab.cat\">mireia.vargas@uab.cat<\/a>)<\/p>\n<p>Department of Translation and Interpreting and East Asian Studies<br \/>\nUniversitat Aut\u00f2noma de Barcelona<\/p>\n<p>Edifici K (1010)<br \/>\nCampus de la UAB \u00b7 08193 Bellaterra<br \/>\n(Cerdanyola del Vall\u00e8s) \u00b7 Barcelona<\/p>\n<p>(0034)&nbsp;93 5813368<\/p>\n<\/article>\n","protected":false},"excerpt":{"rendered":"<p>For more information about the project, you can contact with the coordinators:&nbsp; Marta Arum\u00ed (marta.arumi@uab.cat) and&nbsp;Mireia Vargas-Urp\u00ed (mireia.vargas@uab.cat) Department of Translation and Interpreting and East Asian Studies Universitat Aut\u00f2noma de Barcelona Edifici K (1010) Campus de la UAB \u00b7 08193 Bellaterra (Cerdanyola del Vall\u00e8s) \u00b7 Barcelona (0034)&nbsp;93 5813368<\/p>\n","protected":false},"author":20,"featured_media":0,"parent":0,"menu_order":0,"comment_status":"closed","ping_status":"closed","template":"","meta":{"footnotes":""},"class_list":["post-92","page","type-page","status-publish","hentry"],"_links":{"self":[{"href":"https:\/\/webs.uab.cat\/eylbid\/en\/wp-json\/wp\/v2\/pages\/92","targetHints":{"allow":["GET"]}}],"collection":[{"href":"https:\/\/webs.uab.cat\/eylbid\/en\/wp-json\/wp\/v2\/pages"}],"about":[{"href":"https:\/\/webs.uab.cat\/eylbid\/en\/wp-json\/wp\/v2\/types\/page"}],"author":[{"embeddable":true,"href":"https:\/\/webs.uab.cat\/eylbid\/en\/wp-json\/wp\/v2\/users\/20"}],"replies":[{"embeddable":true,"href":"https:\/\/webs.uab.cat\/eylbid\/en\/wp-json\/wp\/v2\/comments?post=92"}],"version-history":[{"count":0,"href":"https:\/\/webs.uab.cat\/eylbid\/en\/wp-json\/wp\/v2\/pages\/92\/revisions"}],"wp:attachment":[{"href":"https:\/\/webs.uab.cat\/eylbid\/en\/wp-json\/wp\/v2\/media?parent=92"}],"curies":[{"name":"wp","href":"https:\/\/api.w.org\/{rel}","templated":true}]}}