{"id":102,"date":"2016-07-22T14:12:35","date_gmt":"2016-07-22T14:12:35","guid":{"rendered":"https:\/\/webs.uab.cat\/eylbid\/inici-2\/"},"modified":"2023-03-10T21:40:06","modified_gmt":"2023-03-10T21:40:06","slug":"inici-2","status":"publish","type":"page","link":"https:\/\/webs.uab.cat\/eylbid\/es\/","title":{"rendered":"Inicio"},"content":{"rendered":"<p class=\"rtejustify\"><img loading=\"lazy\" decoding=\"async\" class=\" size-full wp-image-32\" style=\"float: right\" src=\"https:\/\/webs.uab.cat\/eylbid\/wp-content\/uploads\/sites\/160\/2016\/07\/div-libre_53876-2503_0.jpg\" alt=\"ejemploera.jpg\" width=\"320\" height=\"213\" \/><\/p>\n<p class=\"rtejustify\">EYLBID (2020-2021) es una asociaci\u00f3n estrat\u00e9gica formada por cinco instituciones de educaci\u00f3n superior y una empresa. Esta asociaci\u00f3n se centra en una de las prioridades horizontales de la Uni\u00f3n Europea: la inclusi\u00f3n social, en particular, en la mediaci\u00f3n e interpretaci\u00f3n ling\u00fc\u00edstica e intercultural realizada por adolescentes.<\/p>\n<p class=\"rtejustify\">Los ni\u00f1os y los adolescentes desempe\u00f1an un papel importante en los procesos migratorios. La escolarizaci\u00f3n y la inmersi\u00f3n ling\u00fc\u00edstica en la nueva sociedad ayudan a los ni\u00f1os a aprender la lengua oficial (o lenguas oficiales) del nuevo pa\u00eds m\u00e1s r\u00e1pido de lo que podr\u00edan hacerlo sus padres. Por esta raz\u00f3n, estos j\u00f3venes biling\u00fces son los que en sus familias se encargan de interpretar y traducir para mediar en la comunicaci\u00f3n entre ellos y el mundo exterior, entre las comunidades minoritarias y mayoritarias.<\/p>\n<p class=\"rtejustify\">El proyecto que se ha llevado a cabo en EYLBID ha hecho hincapi\u00e9 en la concienciaci\u00f3n de la existencia de estos j\u00f3venes int\u00e9rpretes en toda Europa. EYLBID ha contribuido a la visibilidad de este fen\u00f3meno y ha empoderado a los j\u00f3venes int\u00e9rpretes en sus contextos escolares. En muchas ocasiones, a los ni\u00f1os y j\u00f3venes con lenguas maternas diferentes de las oficiales no se les da el suficiente valor y relevancia en el contexto escolar. El proyecto ha contribuido a favorecer el respeto hacia la diversidad ling\u00fc\u00edstica y la riqueza cultural y ha fomentado una actitud flexible hacia la diversidad cultural y las tradiciones.<\/p>\n<p class=\"rtejustify\">EYLBID ha desarrollado materiales que han contribuido a fomentar las competencias ling\u00fc\u00edsticas, sociales e interculturales. Adem\u00e1s, los materiales son abiertos, siguiendo el enfoque de acceso abierto promovido por la Comisi\u00f3n Europea (COM2007\/56, C2012\/4890). El car\u00e1cter abierto de estos materiales servir\u00e1 para hacer frente a la divisi\u00f3n social y permitir una inclusi\u00f3n m\u00e1s amplia. Tal y como se ha comentado, los recursos creados potenciar\u00e1n el desarrollo de las aptitudes sociales e interculturales porque el proyecto ha adioptado enfoques multiculturales, multiformato y multimodales que generar\u00e1n contenidos en las lenguas oficiales de los pa\u00edses participantes: castellano y catal\u00e1n, italiano, ingl\u00e9s y alem\u00e1n.<\/p>\n<p class=\"rtejustify\">Todo esto solo ha sido posible gracias a una combinaci\u00f3n de socios que se han complementado y que cuentan con una larga tradici\u00f3n de trabajo en los campos de la inmigraci\u00f3n, la educaci\u00f3n y las lenguas.<\/p>\n<p>***<\/p>\n<p>El presente proyecto ha sido financiado con el apoyo de la Comisi\u00f3n Europea. Esta<br \/>\np\u00e1gina web es responsabilidad exclusiva de sus autoras. La Comisi\u00f3n no es responsable del uso que pueda hacerse de la informaci\u00f3n aqu\u00ed difundida.<\/p>\n","protected":false},"excerpt":{"rendered":"<p>EYLBID (2020-2021) es una asociaci\u00f3n estrat\u00e9gica formada por cinco instituciones de educaci\u00f3n superior y una empresa. Esta asociaci\u00f3n se centra en una de las prioridades horizontales de la Uni\u00f3n Europea: la inclusi\u00f3n social, en particular, en la mediaci\u00f3n e interpretaci\u00f3n ling\u00fc\u00edstica e intercultural realizada por adolescentes. Los ni\u00f1os y los adolescentes desempe\u00f1an un papel importante [&hellip;]<\/p>\n","protected":false},"author":20,"featured_media":32,"parent":0,"menu_order":0,"comment_status":"closed","ping_status":"closed","template":"","meta":{"footnotes":""},"class_list":["post-102","page","type-page","status-publish","has-post-thumbnail","hentry"],"_links":{"self":[{"href":"https:\/\/webs.uab.cat\/eylbid\/es\/wp-json\/wp\/v2\/pages\/102","targetHints":{"allow":["GET"]}}],"collection":[{"href":"https:\/\/webs.uab.cat\/eylbid\/es\/wp-json\/wp\/v2\/pages"}],"about":[{"href":"https:\/\/webs.uab.cat\/eylbid\/es\/wp-json\/wp\/v2\/types\/page"}],"author":[{"embeddable":true,"href":"https:\/\/webs.uab.cat\/eylbid\/es\/wp-json\/wp\/v2\/users\/20"}],"replies":[{"embeddable":true,"href":"https:\/\/webs.uab.cat\/eylbid\/es\/wp-json\/wp\/v2\/comments?post=102"}],"version-history":[{"count":2,"href":"https:\/\/webs.uab.cat\/eylbid\/es\/wp-json\/wp\/v2\/pages\/102\/revisions"}],"predecessor-version":[{"id":1299,"href":"https:\/\/webs.uab.cat\/eylbid\/es\/wp-json\/wp\/v2\/pages\/102\/revisions\/1299"}],"wp:featuredmedia":[{"embeddable":true,"href":"https:\/\/webs.uab.cat\/eylbid\/es\/wp-json\/wp\/v2\/media\/32"}],"wp:attachment":[{"href":"https:\/\/webs.uab.cat\/eylbid\/es\/wp-json\/wp\/v2\/media?parent=102"}],"curies":[{"name":"wp","href":"https:\/\/api.w.org\/{rel}","templated":true}]}}