{"id":107,"date":"2019-10-25T12:01:27","date_gmt":"2019-10-25T12:01:27","guid":{"rendered":"https:\/\/webs.uab.cat\/eylbid\/contacto\/"},"modified":"2019-10-25T12:01:27","modified_gmt":"2019-10-25T12:01:27","slug":"contacto","status":"publish","type":"page","link":"https:\/\/webs.uab.cat\/eylbid\/es\/contacto\/","title":{"rendered":"Contacto"},"content":{"rendered":"<p>Para obtener m\u00e1s informaci\u00f3n sobre el proyecto, puedes ponerte en contacto con sus coordinadoras: Marta Arum\u00ed (<a href=\"mailto:marta.arumi@uab.cat\">marta.arumi@uab.cat<\/a>) y&nbsp;Mireia Vargas-Urp\u00ed (<a href=\"mailto:mireia.vargas@uab.cat\">mireia.vargas@uab.cat<\/a>).<\/p>\n<p>Departamento&nbsp;de&nbsp;Traducci\u00f3n e Interpretaci\u00f3n&nbsp;y de&nbsp;Estudios&nbsp;de&nbsp;Asia&nbsp;Oriental<br \/>\nUniversitat Aut\u00f2noma de Barcelona<\/p>\n<p>Edifici K (1010)<br \/>\nCampus de la UAB \u00b7 08193 Bellaterra<br \/>\n(Cerdanyola del Vall\u00e8s) \u00b7 Barcelona<\/p>\n<p>93 5813368<\/p>\n","protected":false},"excerpt":{"rendered":"<p>Para obtener m\u00e1s informaci\u00f3n sobre el proyecto, puedes ponerte en contacto con sus coordinadoras: Marta Arum\u00ed (marta.arumi@uab.cat) y&nbsp;Mireia Vargas-Urp\u00ed (mireia.vargas@uab.cat). Departamento&nbsp;de&nbsp;Traducci\u00f3n e Interpretaci\u00f3n&nbsp;y de&nbsp;Estudios&nbsp;de&nbsp;Asia&nbsp;Oriental Universitat Aut\u00f2noma de Barcelona Edifici K (1010) Campus de la UAB \u00b7 08193 Bellaterra (Cerdanyola del Vall\u00e8s) \u00b7 Barcelona 93 5813368<\/p>\n","protected":false},"author":20,"featured_media":0,"parent":0,"menu_order":0,"comment_status":"closed","ping_status":"closed","template":"","meta":{"footnotes":""},"class_list":["post-107","page","type-page","status-publish","hentry"],"_links":{"self":[{"href":"https:\/\/webs.uab.cat\/eylbid\/es\/wp-json\/wp\/v2\/pages\/107","targetHints":{"allow":["GET"]}}],"collection":[{"href":"https:\/\/webs.uab.cat\/eylbid\/es\/wp-json\/wp\/v2\/pages"}],"about":[{"href":"https:\/\/webs.uab.cat\/eylbid\/es\/wp-json\/wp\/v2\/types\/page"}],"author":[{"embeddable":true,"href":"https:\/\/webs.uab.cat\/eylbid\/es\/wp-json\/wp\/v2\/users\/20"}],"replies":[{"embeddable":true,"href":"https:\/\/webs.uab.cat\/eylbid\/es\/wp-json\/wp\/v2\/comments?post=107"}],"version-history":[{"count":0,"href":"https:\/\/webs.uab.cat\/eylbid\/es\/wp-json\/wp\/v2\/pages\/107\/revisions"}],"wp:attachment":[{"href":"https:\/\/webs.uab.cat\/eylbid\/es\/wp-json\/wp\/v2\/media?parent=107"}],"curies":[{"name":"wp","href":"https:\/\/api.w.org\/{rel}","templated":true}]}}