{"id":108,"date":"2019-10-25T10:04:37","date_gmt":"2019-10-25T10:04:37","guid":{"rendered":"https:\/\/webs.uab.cat\/eylbid\/videos-2\/"},"modified":"2025-05-08T14:07:11","modified_gmt":"2025-05-08T14:07:11","slug":"videos-2","status":"publish","type":"page","link":"https:\/\/webs.uab.cat\/eylbid\/es\/videos-2\/","title":{"rendered":"Videos"},"content":{"rendered":"\n<h1 class=\"wp-block-heading\"><strong>P\u00edldoras en v\u00eddeo<\/strong><\/h1>\n\n\n\n<p>El consorcio EYLBID ha creado una serie de p\u00edldoras en v\u00eddeo con informaci\u00f3n y consejos sobre c\u00f3mo utilizar los productos derivados del proyecto. <\/p>\n\n\n\n<p>Video capsule: Introduction to the Eylbid project, with Marta Arum\u00ed (UAB) &amp; Sarah Crafter (OU):&nbsp;<a href=\"https:\/\/youtu.be\/S-b7H0L_vFk\">https:\/\/youtu.be\/S-b7H0L_vFk<\/a><\/p>\n\n\n\n<p>Video capsule: Languages in our everyday life, with Marta Est\u00e9vez Grossi (LUH):&nbsp;<a href=\"https:\/\/youtu.be\/qhId4JEXpYw\">https:\/\/youtu.be\/qhId4JEXpYw<\/a><\/p>\n\n\n\n<p>Video capsule: Culturally diverse societies, with Rachele Antonini (Unibo) &amp; Mireia Vargas-Urp\u00ed (UAB):&nbsp;<a href=\"https:\/\/youtu.be\/CV7ma5Luasc\">https:\/\/youtu.be\/CV7ma5Luasc<\/a><\/p>\n\n\n\n<p>Video capsule: Translation and Interpreting: bridges across languages and cultures, with Sof\u00eda Garc\u00eda-Beyaert (UAB):&nbsp;<a href=\"https:\/\/youtu.be\/6hOlR7PBV4A\">https:\/\/youtu.be\/6hOlR7PBV4A<\/a><\/p>\n\n\n\n<p>Video capsule: Emotional impact, identity and relationships, with Evangelia Prokopiou (UoN):&nbsp;<a href=\"https:\/\/youtu.be\/C_TrD9rWznE\">https:\/\/youtu.be\/C_TrD9rWznE<\/a><\/p>\n\n\n\n<p>Video capsule: Careers in languages, with Carmen Bestu\u00e9 (UAB) (Spanish with English subtitles):&nbsp;<a href=\"https:\/\/youtu.be\/6C6kw0xP8BA\">https:\/\/youtu.be\/6C6kw0xP8BA<\/a><\/p>\n\n\n\n<p>Video capsule:&nbsp;\u201cAdventures of a Young Language Broker\u201d (#eylbid videogame) as a classroom activity, with Judith Raigal (URV) and Mireia Vargas-Urp\u00ed (UAB):&nbsp;<a href=\"https:\/\/youtu.be\/OHbDwvtruqM\">https:\/\/youtu.be\/OHbDwvtruqM<\/a><\/p>\n\n\n\n<h2 class=\"wp-block-heading\"><strong>V\u00eddeos sobre el proyecto:<\/strong><\/h2>\n\n\n\n<p class=\"wp-embed-aspect-16-9 wp-has-aspect-ratio\"><a href=\"https:\/\/youtu.be\/CGZ1YjEv8OE\">https:\/\/youtu.be\/CGZ1YjEv8OE<\/a><\/p>\n\n\n\n<p>Equipo UAB:\u00a0<a href=\"https:\/\/youtu.be\/l2CyQSNlJmo\">https:\/\/youtu.be\/l2CyQSNlJmo<\/a><\/p>\n\n\n\n<p><\/p>\n","protected":false},"excerpt":{"rendered":"<p>P\u00edldoras en v\u00eddeo El consorcio EYLBID ha creado una serie de p\u00edldoras en v\u00eddeo con informaci\u00f3n y consejos sobre c\u00f3mo utilizar los productos derivados del proyecto. Video capsule: Introduction to the Eylbid project, with Marta Arum\u00ed (UAB) &amp; Sarah Crafter (OU):&nbsp;https:\/\/youtu.be\/S-b7H0L_vFk Video capsule: Languages in our everyday life, with Marta Est\u00e9vez Grossi (LUH):&nbsp;https:\/\/youtu.be\/qhId4JEXpYw Video capsule: [&hellip;]<\/p>\n","protected":false},"author":20,"featured_media":0,"parent":0,"menu_order":0,"comment_status":"closed","ping_status":"closed","template":"","meta":{"footnotes":""},"class_list":["post-108","page","type-page","status-publish","hentry"],"_links":{"self":[{"href":"https:\/\/webs.uab.cat\/eylbid\/es\/wp-json\/wp\/v2\/pages\/108","targetHints":{"allow":["GET"]}}],"collection":[{"href":"https:\/\/webs.uab.cat\/eylbid\/es\/wp-json\/wp\/v2\/pages"}],"about":[{"href":"https:\/\/webs.uab.cat\/eylbid\/es\/wp-json\/wp\/v2\/types\/page"}],"author":[{"embeddable":true,"href":"https:\/\/webs.uab.cat\/eylbid\/es\/wp-json\/wp\/v2\/users\/20"}],"replies":[{"embeddable":true,"href":"https:\/\/webs.uab.cat\/eylbid\/es\/wp-json\/wp\/v2\/comments?post=108"}],"version-history":[{"count":3,"href":"https:\/\/webs.uab.cat\/eylbid\/es\/wp-json\/wp\/v2\/pages\/108\/revisions"}],"predecessor-version":[{"id":1339,"href":"https:\/\/webs.uab.cat\/eylbid\/es\/wp-json\/wp\/v2\/pages\/108\/revisions\/1339"}],"wp:attachment":[{"href":"https:\/\/webs.uab.cat\/eylbid\/es\/wp-json\/wp\/v2\/media?parent=108"}],"curies":[{"name":"wp","href":"https:\/\/api.w.org\/{rel}","templated":true}]}}