{"id":227,"date":"2022-05-03T19:39:02","date_gmt":"2022-05-03T19:39:02","guid":{"rendered":"https:\/\/webs.uab.cat\/eylbid\/jornadas\/"},"modified":"2022-05-03T19:46:00","modified_gmt":"2022-05-03T19:46:00","slug":"jornadas","status":"publish","type":"page","link":"https:\/\/webs.uab.cat\/eylbid\/es\/jornadas\/","title":{"rendered":"Jornadas"},"content":{"rendered":"<p style=\"text-align:center\"><img loading=\"lazy\" decoding=\"async\" class=\" size-full wp-image-200\" alt=\"Poster with a summary of key dates\" height=\"800\" src=\"https:\/\/webs.uab.cat\/eylbid\/wp-content\/uploads\/sites\/160\/2022\/05\/poster_web_0.png\" width=\"566\" srcset=\"https:\/\/webs.uab.cat\/eylbid\/wp-content\/uploads\/sites\/160\/2022\/05\/poster_web_0.png 723w, https:\/\/webs.uab.cat\/eylbid\/wp-content\/uploads\/sites\/160\/2022\/05\/poster_web_0-212x300.png 212w\" sizes=\"auto, (max-width: 566px) 100vw, 566px\" \/><\/p>\n<p>&nbsp;<\/p>\n<p>El consorcio ha organizado las siguientes actividades y jornadas de diseminaci\u00f3n de los resultados del proyecto:&nbsp;<\/p>\n<ul>\n<li><strong>16 de mayo de 2022:&nbsp;<\/strong><a href=\"https:\/\/webs.uab.cat\/eylbid\/wp-content\/uploads\/sites\/160\/2022\/05\/einladung_eylbid-schueler_innen_als_sprachmittler_innen.pdf\">Sch\u00fcler*innen als Sprachmittler*innen<\/a>. Vorstellung von Lehrmaterialinen zur F\u00f6rderung Sprachlicher und Kultureller Vielfalt im Klasszimmer. online Veranstaltung f\u00fcr Lehrer*innen der Sekundarstufe I-II und weitere Interessierte. Leibniz Universit\u00e4t Hannover.&nbsp;<\/li>\n<li><strong>18 de mayo de 2022:&nbsp;<\/strong><a href=\"https:\/\/webs.uab.cat\/eylbid\/wp-content\/uploads\/sites\/160\/2022\/05\/en_info_unibo.pdf\">Child Language Brokering &#8211; Multilinguismo e multiculturalismo a scuola<\/a>. Online (Zoom Meeting). Universit\u00e0 di Bologna.&nbsp;<\/li>\n<li><strong>23 de junio de 2022:&nbsp;<\/strong><a href=\"https:\/\/webs.uab.cat\/eylbid\/wp-content\/uploads\/sites\/160\/2022\/05\/eylbid_multilingualism_eal_and_child_language_brokering.pdf\">Child Language Brokering &#8211; Multilingualism and Multiculturalism at school<\/a>.&nbsp;Jornada organizada por la&nbsp;University of Northampton.&nbsp;<\/li>\n<li><strong>27 de junio de 2022: <\/strong><a href=\"https:\/\/webs.uab.cat\/eylbid\/wp-content\/uploads\/sites\/160\/2022\/05\/programa_jornada_ilm_27_6.pdf\">Joves int\u00e8rprets: La intermediaci\u00f3 ling\u00fc\u00edstica com a eina d&#8217;inclusi\u00f3 en la diversitat<\/a>. Presencial. Aula 004, Facultad de Traducci\u00f3n e Interpretaci\u00f3n. Universitat Aut\u00f2noma de Barcelona.&nbsp;<\/li>\n<\/ul>\n","protected":false},"excerpt":{"rendered":"<p>&nbsp; El consorcio ha organizado las siguientes actividades y jornadas de diseminaci\u00f3n de los resultados del proyecto:&nbsp; 16 de mayo de 2022:&nbsp;Sch\u00fcler*innen als Sprachmittler*innen. Vorstellung von Lehrmaterialinen zur F\u00f6rderung Sprachlicher und Kultureller Vielfalt im Klasszimmer. online Veranstaltung f\u00fcr Lehrer*innen der Sekundarstufe I-II und weitere Interessierte. Leibniz Universit\u00e4t Hannover.&nbsp; 18 de mayo de 2022:&nbsp;Child Language Brokering [&hellip;]<\/p>\n","protected":false},"author":20,"featured_media":0,"parent":0,"menu_order":0,"comment_status":"closed","ping_status":"closed","template":"","meta":{"footnotes":""},"class_list":["post-227","page","type-page","status-publish","hentry"],"_links":{"self":[{"href":"https:\/\/webs.uab.cat\/eylbid\/es\/wp-json\/wp\/v2\/pages\/227","targetHints":{"allow":["GET"]}}],"collection":[{"href":"https:\/\/webs.uab.cat\/eylbid\/es\/wp-json\/wp\/v2\/pages"}],"about":[{"href":"https:\/\/webs.uab.cat\/eylbid\/es\/wp-json\/wp\/v2\/types\/page"}],"author":[{"embeddable":true,"href":"https:\/\/webs.uab.cat\/eylbid\/es\/wp-json\/wp\/v2\/users\/20"}],"replies":[{"embeddable":true,"href":"https:\/\/webs.uab.cat\/eylbid\/es\/wp-json\/wp\/v2\/comments?post=227"}],"version-history":[{"count":0,"href":"https:\/\/webs.uab.cat\/eylbid\/es\/wp-json\/wp\/v2\/pages\/227\/revisions"}],"wp:attachment":[{"href":"https:\/\/webs.uab.cat\/eylbid\/es\/wp-json\/wp\/v2\/media?parent=227"}],"curies":[{"name":"wp","href":"https:\/\/api.w.org\/{rel}","templated":true}]}}