{"id":269,"date":"2022-03-18T17:52:53","date_gmt":"2022-03-18T17:52:53","guid":{"rendered":"https:\/\/webs.uab.cat\/eylbid\/manual-para-docentes\/"},"modified":"2022-12-06T19:11:50","modified_gmt":"2022-12-06T19:11:50","slug":"manual-para-docentes","status":"publish","type":"page","link":"https:\/\/webs.uab.cat\/eylbid\/es\/manual-para-docentes\/","title":{"rendered":"Manual para docentes"},"content":{"rendered":"\n<p>&nbsp;<\/p>\n\n\n<div class=\"wp-block-image\">\n<figure class=\"aligncenter size-full\"><a href=\"https:\/\/ddd.uab.cat\/record\/265170\"><img loading=\"lazy\" decoding=\"async\" width=\"450\" height=\"636\" src=\"https:\/\/webs.uab.cat\/eylbid\/wp-content\/uploads\/sites\/160\/2022\/11\/inclusion.png\" alt=\"\" class=\"wp-image-585\" srcset=\"https:\/\/webs.uab.cat\/eylbid\/wp-content\/uploads\/sites\/160\/2022\/11\/inclusion.png 450w, https:\/\/webs.uab.cat\/eylbid\/wp-content\/uploads\/sites\/160\/2022\/11\/inclusion-212x300.png 212w\" sizes=\"auto, (max-width: 450px) 100vw, 450px\" \/><\/a><\/figure>\n<\/div>\n\n\n<p class=\"has-text-align-center\"><strong>Versiones en otras lenguas:<\/strong><\/p>\n\n\n\n<ul class=\"wp-block-list\"><li>Alem\u00e1n:&nbsp;<a href=\"https:\/\/ddd.uab.cat\/search?f=title&amp;p=Inklusion%2C%20Diversit%C3%A4t%20und%20Interkulturelle%20Kommunikation%20Ein%20Lehrer%20innenhandbuch%20mit%20Aktivit%C3%A4ten%20f%C3%BCr%20den%20Unterricht%20f%C3%BCr%20die%20Sekundarstufe&amp;sc=1&amp;ln=ca\">Inklusion, Diversit\u00e4t und Interkulturelle Kommunikation. Ein Lehrer:innenhandbuch mit Aktivit\u00e4ten f\u00fcr den Unterricht f\u00fcr die Sekundarstufe<\/a><\/li><li>Catal\u00e1n:&nbsp;<a href=\"https:\/\/ddd.uab.cat\/search?f=title&amp;p=Inclusi%C3%B3%2C%20diversitat%20i%20comunicaci%C3%B3%20entre%20cultures%20Manual%20per%20a%20docents%20amb%20activitats%20per%20treballar%20a%20classe%20amb%20alumnat%20de%20secund%C3%A0ria&amp;sc=1&amp;ln=ca\">Inclusi\u00f3, diversitat i comunicaci\u00f3 entre cultures. Manual per a docents amb activitats per treballar a classe amb alumnat de secund\u00e0ria<\/a><\/li><li>Ingl\u00e9s:&nbsp;<a href=\"https:\/\/ddd.uab.cat\/search?f=title&amp;p=Inclusion%2C%20Diversity%20and%20Communication%20Across%20Cultures%20A%20Teacher%27s%20Book%20with%20Classroom%20Activities%20for%20Secondary%20Education&amp;sc=1&amp;ln=ca\">Inclusion, Diversity and Communication Across Cultures: A Teacher\u2019s Book with Classroom Activities for Secondary Education<\/a><\/li><li>Italiano:&nbsp;<a href=\"https:\/\/ddd.uab.cat\/search?f=title&amp;p=Inclusione%2C%20diversit%C3%A0%20e%20comunicazione%20tra%20culture%20Manuale%20per%20insegnanti%20con%20attivit%C3%A0%20didattiche%20per%20le%20scuole%20superiori&amp;sc=1&amp;ln=ca\">Inclusione, diversit\u00e0 e comunicazione tra culture. Manuale per insegnanti con attivit\u00e0 didattiche per le scuole superiori<\/a><\/li><\/ul>\n\n\n\n<p>&nbsp; &nbsp;<\/p>\n\n\n\n<div class=\"wp-block-columns is-layout-flex wp-container-core-columns-is-layout-9d6595d7 wp-block-columns-is-layout-flex\">\n<div class=\"wp-block-column is-layout-flow wp-block-column-is-layout-flow\"><div class=\"wp-block-image\">\n<figure class=\"aligncenter\"><a href=\"https:\/\/webs.uab.cat\/eylbid\/es\/manual-para-docentes\/actividades-descargables\/\"><img loading=\"lazy\" decoding=\"async\" width=\"512\" height=\"512\" src=\"https:\/\/webs.uab.cat\/eylbid\/wp-content\/uploads\/sites\/160\/2022\/03\/activities_0.png\" alt=\"\" class=\"wp-image-148\" srcset=\"https:\/\/webs.uab.cat\/eylbid\/wp-content\/uploads\/sites\/160\/2022\/03\/activities_0.png 512w, https:\/\/webs.uab.cat\/eylbid\/wp-content\/uploads\/sites\/160\/2022\/03\/activities_0-300x300.png 300w, https:\/\/webs.uab.cat\/eylbid\/wp-content\/uploads\/sites\/160\/2022\/03\/activities_0-150x150.png 150w\" sizes=\"auto, (max-width: 512px) 100vw, 512px\" \/><\/a><figcaption>Actividades descargables<\/figcaption><\/figure>\n<\/div><\/div>\n\n\n\n<div class=\"wp-block-column is-layout-flow wp-block-column-is-layout-flow\"><div class=\"wp-block-image\">\n<figure class=\"aligncenter\"><a href=\"https:\/\/webs.uab.cat\/eylbid\/es\/banco-de-recursos\"><img loading=\"lazy\" decoding=\"async\" width=\"512\" height=\"512\" src=\"https:\/\/webs.uab.cat\/eylbid\/wp-content\/uploads\/sites\/160\/2022\/03\/resource_bank.png\" alt=\"resource bank folder\" class=\"wp-image-154\" srcset=\"https:\/\/webs.uab.cat\/eylbid\/wp-content\/uploads\/sites\/160\/2022\/03\/resource_bank.png 512w, https:\/\/webs.uab.cat\/eylbid\/wp-content\/uploads\/sites\/160\/2022\/03\/resource_bank-300x300.png 300w, https:\/\/webs.uab.cat\/eylbid\/wp-content\/uploads\/sites\/160\/2022\/03\/resource_bank-150x150.png 150w\" sizes=\"auto, (max-width: 512px) 100vw, 512px\" \/><\/a><figcaption>Banco de recursos<\/figcaption><\/figure>\n<\/div><\/div>\n<\/div>\n\n\n\n<p>Si utilizas el Manual para docentes y los recursos, \u00a1nos gustar\u00e1 mucho conocer tu opini\u00f3n! Por favor, contesta nuestra <a href=\"https:\/\/forms.office.com\/r\/w6bWp6fS6r\">encuesta de satisfacci\u00f3n<\/a>, solo te llevar\u00e1 unos minutos.&nbsp;<\/p>\n","protected":false},"excerpt":{"rendered":"<p>&nbsp; Versiones en otras lenguas: Alem\u00e1n:&nbsp;Inklusion, Diversit\u00e4t und Interkulturelle Kommunikation. Ein Lehrer:innenhandbuch mit Aktivit\u00e4ten f\u00fcr den Unterricht f\u00fcr die Sekundarstufe Catal\u00e1n:&nbsp;Inclusi\u00f3, diversitat i comunicaci\u00f3 entre cultures. Manual per a docents amb activitats per treballar a classe amb alumnat de secund\u00e0ria Ingl\u00e9s:&nbsp;Inclusion, Diversity and Communication Across Cultures: A Teacher\u2019s Book with Classroom Activities for Secondary Education [&hellip;]<\/p>\n","protected":false},"author":20,"featured_media":0,"parent":0,"menu_order":0,"comment_status":"closed","ping_status":"closed","template":"","meta":{"footnotes":""},"class_list":["post-269","page","type-page","status-publish","hentry"],"_links":{"self":[{"href":"https:\/\/webs.uab.cat\/eylbid\/es\/wp-json\/wp\/v2\/pages\/269","targetHints":{"allow":["GET"]}}],"collection":[{"href":"https:\/\/webs.uab.cat\/eylbid\/es\/wp-json\/wp\/v2\/pages"}],"about":[{"href":"https:\/\/webs.uab.cat\/eylbid\/es\/wp-json\/wp\/v2\/types\/page"}],"author":[{"embeddable":true,"href":"https:\/\/webs.uab.cat\/eylbid\/es\/wp-json\/wp\/v2\/users\/20"}],"replies":[{"embeddable":true,"href":"https:\/\/webs.uab.cat\/eylbid\/es\/wp-json\/wp\/v2\/comments?post=269"}],"version-history":[{"count":5,"href":"https:\/\/webs.uab.cat\/eylbid\/es\/wp-json\/wp\/v2\/pages\/269\/revisions"}],"predecessor-version":[{"id":1117,"href":"https:\/\/webs.uab.cat\/eylbid\/es\/wp-json\/wp\/v2\/pages\/269\/revisions\/1117"}],"wp:attachment":[{"href":"https:\/\/webs.uab.cat\/eylbid\/es\/wp-json\/wp\/v2\/media?parent=269"}],"curies":[{"name":"wp","href":"https:\/\/api.w.org\/{rel}","templated":true}]}}