{"id":270,"date":"2022-05-13T13:11:49","date_gmt":"2022-05-13T13:11:49","guid":{"rendered":"https:\/\/webs.uab.cat\/eylbid\/videojuego\/"},"modified":"2024-12-10T11:21:51","modified_gmt":"2024-12-10T11:21:51","slug":"videojuego","status":"publish","type":"page","link":"https:\/\/webs.uab.cat\/eylbid\/es\/videojuego\/","title":{"rendered":"Videojuego"},"content":{"rendered":"\n<h1 class=\"wp-block-heading has-accent-background-color has-background\">\u00a1<strong><em>Adventures of a Young Language Broker<\/em><\/strong> ya est\u00e1 disponible para descargar!<br><br>Haz\u00a0<span style=\"color: #000080\"><a href=\"https:\/\/ddd.uab.cat\/record\/269322\">click en este enlace<\/a><\/span>\u00a0y guarda el archivo \u00abSetupEYLBID.exe\u00bb para instalar el juego en tu ordenador y empezar a jugar (solo compatible con entorno Windows).<br><br><span style=\"font-size: 16px\">La versi\u00f3n actual est\u00e1 disponible en espa\u00f1ol, catal\u00e1n, ingl\u00e9s, italiano y alem\u00e1n.\u00a0<\/span><br><br><span style=\"font-size: 16px\">La gu\u00eda para el profesorado (en ingl\u00e9s) con ideas y consejos para introducir el juego en el aula ya est\u00e1 disponible para descargar aqu\u00ed:\u00a0<a href=\"https:\/\/ddd.uab.cat\/record\/259845\">Teacher&#8217;s companion<\/a>.<\/span><\/h1>\n\n\n\n<p>&nbsp;<\/p>\n\n\n\n<figure class=\"wp-block-image\"><img loading=\"lazy\" decoding=\"async\" width=\"980\" height=\"1032\" src=\"https:\/\/webs.uab.cat\/eylbid\/wp-content\/uploads\/sites\/160\/2022\/05\/adventures.png\" alt=\"\" class=\"wp-image-255\" srcset=\"https:\/\/webs.uab.cat\/eylbid\/wp-content\/uploads\/sites\/160\/2022\/05\/adventures.png 980w, https:\/\/webs.uab.cat\/eylbid\/wp-content\/uploads\/sites\/160\/2022\/05\/adventures-285x300.png 285w, https:\/\/webs.uab.cat\/eylbid\/wp-content\/uploads\/sites\/160\/2022\/05\/adventures-972x1024.png 972w, https:\/\/webs.uab.cat\/eylbid\/wp-content\/uploads\/sites\/160\/2022\/05\/adventures-768x809.png 768w\" sizes=\"auto, (max-width: 980px) 100vw, 980px\" \/><\/figure>\n\n\n\n<p><\/p>\n\n\n\n<p>En caso de problemas para descargar o instalar el juego, escribe a Mireia Vargas Urp\u00ed (mireia.vargas@uab.cat)<\/p>\n\n\n\n<p>&nbsp;<\/p>\n\n\n\n<p><span style=\"font-size: 16px\">Si has utilizado el videojuego, ya sea como docente o como estudiante, nos encantar\u00e1 saber tu opini\u00f3n: <a href=\"https:\/\/forms.office.com\/r\/M2ntvDQ6pW\">Encuesta de satisfacci\u00f3n<\/a>&nbsp;(\u00a1No te llevar\u00e1 m\u00e1s de 5 minutos!).&nbsp;<\/span><\/p>\n\n\n\n<p>&nbsp;<\/p>\n","protected":false},"excerpt":{"rendered":"<p>\u00a1Adventures of a Young Language Broker ya est\u00e1 disponible para descargar! Haz\u00a0click en este enlace\u00a0y guarda el archivo \u00abSetupEYLBID.exe\u00bb para instalar el juego en tu ordenador y empezar a jugar (solo compatible con entorno Windows). La versi\u00f3n actual est\u00e1 disponible en espa\u00f1ol, catal\u00e1n, ingl\u00e9s, italiano y alem\u00e1n.\u00a0 La gu\u00eda para el profesorado (en ingl\u00e9s) con [&hellip;]<\/p>\n","protected":false},"author":20,"featured_media":0,"parent":0,"menu_order":0,"comment_status":"closed","ping_status":"closed","template":"","meta":{"footnotes":""},"class_list":["post-270","page","type-page","status-publish","hentry"],"_links":{"self":[{"href":"https:\/\/webs.uab.cat\/eylbid\/es\/wp-json\/wp\/v2\/pages\/270","targetHints":{"allow":["GET"]}}],"collection":[{"href":"https:\/\/webs.uab.cat\/eylbid\/es\/wp-json\/wp\/v2\/pages"}],"about":[{"href":"https:\/\/webs.uab.cat\/eylbid\/es\/wp-json\/wp\/v2\/types\/page"}],"author":[{"embeddable":true,"href":"https:\/\/webs.uab.cat\/eylbid\/es\/wp-json\/wp\/v2\/users\/20"}],"replies":[{"embeddable":true,"href":"https:\/\/webs.uab.cat\/eylbid\/es\/wp-json\/wp\/v2\/comments?post=270"}],"version-history":[{"count":2,"href":"https:\/\/webs.uab.cat\/eylbid\/es\/wp-json\/wp\/v2\/pages\/270\/revisions"}],"predecessor-version":[{"id":1312,"href":"https:\/\/webs.uab.cat\/eylbid\/es\/wp-json\/wp\/v2\/pages\/270\/revisions\/1312"}],"wp:attachment":[{"href":"https:\/\/webs.uab.cat\/eylbid\/es\/wp-json\/wp\/v2\/media?parent=270"}],"curies":[{"name":"wp","href":"https:\/\/api.w.org\/{rel}","templated":true}]}}