{"id":350,"date":"2022-06-20T22:24:59","date_gmt":"2022-06-20T22:24:59","guid":{"rendered":"https:\/\/webs.uab.cat\/eylbid\/capitulo-3-recursos\/"},"modified":"2022-06-20T22:53:11","modified_gmt":"2022-06-20T22:53:11","slug":"capitulo-3-recursos","status":"publish","type":"page","link":"https:\/\/webs.uab.cat\/eylbid\/es\/capitulo-3-recursos\/","title":{"rendered":"Cap\u00edtulo 3: recursos"},"content":{"rendered":"<h1>Actividades complementarias<\/h1>\n<div style=\"text-align:center\">\n<figure class=\"image\" style=\"display:inline-block\"><a href=\"https:\/\/webs.uab.cat\/eylbid\/wp-content\/uploads\/sites\/160\/2022\/06\/3d_resources_bank.pdf\"><img loading=\"lazy\" decoding=\"async\" class=\" size-full wp-image-318\" alt=\"\" height=\"200\" src=\"https:\/\/webs.uab.cat\/eylbid\/wp-content\/uploads\/sites\/160\/2022\/06\/parrot.png\" width=\"300\" srcset=\"https:\/\/webs.uab.cat\/eylbid\/wp-content\/uploads\/sites\/160\/2022\/06\/parrot.png 1380w, https:\/\/webs.uab.cat\/eylbid\/wp-content\/uploads\/sites\/160\/2022\/06\/parrot-300x200.png 300w, https:\/\/webs.uab.cat\/eylbid\/wp-content\/uploads\/sites\/160\/2022\/06\/parrot-1024x683.png 1024w, https:\/\/webs.uab.cat\/eylbid\/wp-content\/uploads\/sites\/160\/2022\/06\/parrot-768x512.png 768w, https:\/\/webs.uab.cat\/eylbid\/wp-content\/uploads\/sites\/160\/2022\/06\/parrot-1200x800.png 1200w\" sizes=\"auto, (max-width: 300px) 100vw, 300px\" \/><\/a><figcaption>I&#8217;m not a parrot!<\/figcaption><\/figure>\n<\/div>\n<div style=\"text-align:center\">\n<figure class=\"image\" style=\"display:inline-block\"><a href=\"https:\/\/webs.uab.cat\/eylbid\/wp-content\/uploads\/sites\/160\/2022\/06\/3e_resources_bank.pdf\"><img loading=\"lazy\" decoding=\"async\" class=\" size-full wp-image-336\" alt=\"\" height=\"275\" src=\"https:\/\/webs.uab.cat\/eylbid\/wp-content\/uploads\/sites\/160\/2022\/06\/thanks.png\" width=\"275\" srcset=\"https:\/\/webs.uab.cat\/eylbid\/wp-content\/uploads\/sites\/160\/2022\/06\/thanks.png 275w, https:\/\/webs.uab.cat\/eylbid\/wp-content\/uploads\/sites\/160\/2022\/06\/thanks-150x150.png 150w\" sizes=\"auto, (max-width: 275px) 100vw, 275px\" \/><\/a><figcaption>3E Thanks!<\/figcaption><\/figure>\n<\/div>\n<p>&nbsp;<\/p>\n<h1>Recursos en l\u00ednea<\/h1>\n<h2>V\u00eddeos sobre traducci\u00f3n o traductores<\/h2>\n<ul>\n<li>\n<p><a href=\"https:\/\/www.youtube.com\/watch?v=HW7U9a9cHQU\">A Translator&#8217;s Journey at the United Nations<\/a><\/p>\n<\/li>\n<li>\n<p><a href=\"https:\/\/www.youtube.com\/watch?v=UdbOhvjIJxI\">Harry Potter and the translator&#8217;s nightmare<\/a><\/p>\n<\/li>\n<\/ul>\n<p>&nbsp;<\/p>\n<h2>V\u00eddeos sobre interpretaci\u00f3n o int\u00e9rpretes<\/h2>\n<ul>\n<li>\n<p><a href=\"https:\/\/www.youtube.com\/watch?v=cXNTArhA0Jg\">How interpreters juggle two languages at once &#8211; Ewandro Magalhaes<\/a><\/p>\n<\/li>\n<li>\n<p><a href=\"https:\/\/www.youtube.com\/watch?v=twCpijr_GeQ\">Interpreter Breaks Down How Real-Time Translation Works | WIRED<\/a><\/p>\n<\/li>\n<li>\n<p><a href=\"https:\/\/www.youtube.com\/watch?v=sUuliWL4LyI\">United Nations, A Day in the Life of Real Interpreters<\/a><\/p>\n<\/li>\n<li>\n<p><a href=\"https:\/\/pagines.uab.cat\/expandingpsi\/\">EXPANDING PROFESSIONAL BORDERS: Public Service Interpreting and the Challenges of the New Millennium (English and Spanish Subtitles)<\/a><\/p>\n<\/li>\n<\/ul>\n<p>&nbsp;<\/p>\n<h2>V\u00eddeos sobre interpretaci\u00f3n en el \u00e1mbito educativo<\/h2>\n<ul>\n<li>\n<p><a href=\"https:\/\/www.youtube.com\/watch?v=6Cs_ItSgiOU\">Classroom Interpreting for Deaf and Hard of Hearing Students<\/a><\/p>\n<\/li>\n<\/ul>\n<p>&nbsp;<\/p>\n<p>&nbsp;<\/p>\n","protected":false},"excerpt":{"rendered":"<p>Actividades complementarias I&#8217;m not a parrot! 3E Thanks! &nbsp; Recursos en l\u00ednea V\u00eddeos sobre traducci\u00f3n o traductores A Translator&#8217;s Journey at the United Nations Harry Potter and the translator&#8217;s nightmare &nbsp; V\u00eddeos sobre interpretaci\u00f3n o int\u00e9rpretes How interpreters juggle two languages at once &#8211; Ewandro Magalhaes Interpreter Breaks Down How Real-Time Translation Works | WIRED [&hellip;]<\/p>\n","protected":false},"author":20,"featured_media":0,"parent":0,"menu_order":0,"comment_status":"closed","ping_status":"closed","template":"","meta":{"footnotes":""},"class_list":["post-350","page","type-page","status-publish","hentry"],"_links":{"self":[{"href":"https:\/\/webs.uab.cat\/eylbid\/es\/wp-json\/wp\/v2\/pages\/350","targetHints":{"allow":["GET"]}}],"collection":[{"href":"https:\/\/webs.uab.cat\/eylbid\/es\/wp-json\/wp\/v2\/pages"}],"about":[{"href":"https:\/\/webs.uab.cat\/eylbid\/es\/wp-json\/wp\/v2\/types\/page"}],"author":[{"embeddable":true,"href":"https:\/\/webs.uab.cat\/eylbid\/es\/wp-json\/wp\/v2\/users\/20"}],"replies":[{"embeddable":true,"href":"https:\/\/webs.uab.cat\/eylbid\/es\/wp-json\/wp\/v2\/comments?post=350"}],"version-history":[{"count":0,"href":"https:\/\/webs.uab.cat\/eylbid\/es\/wp-json\/wp\/v2\/pages\/350\/revisions"}],"wp:attachment":[{"href":"https:\/\/webs.uab.cat\/eylbid\/es\/wp-json\/wp\/v2\/media?parent=350"}],"curies":[{"name":"wp","href":"https:\/\/api.w.org\/{rel}","templated":true}]}}