{"id":117,"date":"2020-05-05T16:59:39","date_gmt":"2020-05-05T16:59:39","guid":{"rendered":"https:\/\/webs.uab.cat\/eylbid\/contact\/"},"modified":"2020-05-05T16:59:39","modified_gmt":"2020-05-05T16:59:39","slug":"contact","status":"publish","type":"page","link":"https:\/\/webs.uab.cat\/eylbid\/fr\/contact\/","title":{"rendered":"Contact"},"content":{"rendered":"<h1>Contact<\/h1>\n<p>Pour obtenir plus d&rsquo;informations sur le projet, vous pouvez vous mettre en contact avec les coordinatrices : Marta Arum\u00ed (<a href=\"mailto:marta.arumi@uab.cat\">marta.arumi@uab.cat<\/a>) et Mireia Vargas-Urp\u00ed (<a href=\"mailto:mireia.vargas@uab.cat\">mireia.vargas@uab.cat<\/a>).<\/p>\n<p>D\u00e9partement de Traduction, d&rsquo;Interpr\u00e9tariat et d&rsquo;\u00c9tudes de l&rsquo;Asie Orientale<br \/>\nUniversit\u00e9 Autonome de Barcelone<\/p>\n<p>B\u00e2timent K (1010)<br \/>\nCampus de l&rsquo;UAB \u00b7 08193 Bellaterra<br \/>\n(Cerdanyola del Vall\u00e8s) \u00b7 Barcelone<\/p>\n<p>93 5813368<\/p>\n","protected":false},"excerpt":{"rendered":"<p>Contact Pour obtenir plus d&rsquo;informations sur le projet, vous pouvez vous mettre en contact avec les coordinatrices : Marta Arum\u00ed (marta.arumi@uab.cat) et Mireia Vargas-Urp\u00ed (mireia.vargas@uab.cat). D\u00e9partement de Traduction, d&rsquo;Interpr\u00e9tariat et d&rsquo;\u00c9tudes de l&rsquo;Asie Orientale Universit\u00e9 Autonome de Barcelone B\u00e2timent K (1010) Campus de l&rsquo;UAB \u00b7 08193 Bellaterra (Cerdanyola del Vall\u00e8s) \u00b7 Barcelone 93 5813368<\/p>\n","protected":false},"author":20,"featured_media":0,"parent":0,"menu_order":0,"comment_status":"closed","ping_status":"closed","template":"","meta":{"footnotes":""},"class_list":["post-117","page","type-page","status-publish","hentry"],"_links":{"self":[{"href":"https:\/\/webs.uab.cat\/eylbid\/fr\/wp-json\/wp\/v2\/pages\/117","targetHints":{"allow":["GET"]}}],"collection":[{"href":"https:\/\/webs.uab.cat\/eylbid\/fr\/wp-json\/wp\/v2\/pages"}],"about":[{"href":"https:\/\/webs.uab.cat\/eylbid\/fr\/wp-json\/wp\/v2\/types\/page"}],"author":[{"embeddable":true,"href":"https:\/\/webs.uab.cat\/eylbid\/fr\/wp-json\/wp\/v2\/users\/20"}],"replies":[{"embeddable":true,"href":"https:\/\/webs.uab.cat\/eylbid\/fr\/wp-json\/wp\/v2\/comments?post=117"}],"version-history":[{"count":0,"href":"https:\/\/webs.uab.cat\/eylbid\/fr\/wp-json\/wp\/v2\/pages\/117\/revisions"}],"wp:attachment":[{"href":"https:\/\/webs.uab.cat\/eylbid\/fr\/wp-json\/wp\/v2\/media?parent=117"}],"curies":[{"name":"wp","href":"https:\/\/api.w.org\/{rel}","templated":true}]}}