{"id":127,"date":"2016-07-22T14:12:35","date_gmt":"2016-07-22T14:12:35","guid":{"rendered":"https:\/\/webs.uab.cat\/eylbid\/inici-2\/"},"modified":"2023-03-10T21:43:50","modified_gmt":"2023-03-10T21:43:50","slug":"inici-2","status":"publish","type":"page","link":"https:\/\/webs.uab.cat\/eylbid\/it\/","title":{"rendered":"Home"},"content":{"rendered":"<div class=\"wp-block-image\">\n<figure class=\"aligncenter\"><img loading=\"lazy\" decoding=\"async\" width=\"572\" height=\"417\" src=\"https:\/\/webs.uab.cat\/eylbid\/wp-content\/uploads\/sites\/160\/2016\/07\/div-libre_53876-2503_0.jpg\" alt=\"ejemploera.jpg\" class=\"wp-image-31\" srcset=\"https:\/\/webs.uab.cat\/eylbid\/wp-content\/uploads\/sites\/160\/2016\/07\/div-libre_53876-2503_0.jpg 572w, https:\/\/webs.uab.cat\/eylbid\/wp-content\/uploads\/sites\/160\/2016\/07\/div-libre_53876-2503_0-300x219.jpg 300w\" sizes=\"auto, (max-width: 572px) 100vw, 572px\" \/><\/figure>\n<\/div>\n\n\n<p>EYLBID (2020-2021) \u00e8 una partnership strategica tra 5 universit\u00e0 e una impresa sociale, focalizzata su una delle priorit\u00e0 orizzontali europee quale l&#8217;inclusione sociale, ed in particolare sull&#8217;interpretazione e la mediazione linguistica e interculturale ad opera di adolescenti.<\/p>\n\n\n\n<p>Bambini e adolescenti svolgono un ruolo importante nei processi migratori. La scolarizzazione e l&#8217;immersione linguistica nella nuova societ\u00e0 li aiutano ad apprendere l&#8217;una o pi\u00f9 lingue ufficiali del nuovo paese pi\u00f9 rapidamente dei loro genitori. Per tale motivo, questi giovani bilingui sono quelli incaricati di fungere da interprete e traduttore all&#8217;interno delle loro famiglie per mediare la comunicazione tra queste ultime e il mondo esterno, tra la comunit\u00e0 minoritaria e quella maggioritaria.<\/p>\n\n\n\n<p>EYLBID pone particolarmente l&#8217;accento sulla sensibilizzazione dell&#8217;esistenza di questi giovani interpreti in tutta Europa. EYLBID contribuir\u00e0 pertanto non solo a rendere visibile questo fenomeno, ma anche a supportare e rafforzare la figura di tali giovani interpreti all&#8217;interno dei rispettivi contesti scolastici. In molti casi, nell&#8217;ambiente scolastico non vengono dati sufficiente valore e rilevanza alle lingue madri di giovani e bambini diverse da quelle ufficiali. Il progetto contribuir\u00e0 a favorire il rispetto per la diversit\u00e0 linguistica e la ricchezza culturale e a promuovere un approccio flessibile nei confronti delle tradizioni e della diversit\u00e0 culturale.<\/p>\n\n\n\n<p>EYLBID svilupper\u00e0\u00a0<a href=\"https:\/\/pagines.uab.cat\/eylbid\/en\/content\/results\">materiali<\/a>\u00a0che contribuiranno a promuovere le competenze linguistiche, sociali e interculturali, i quali saranno &#8220;open&#8221;, in conformit\u00e0 al principio dell&#8217;accesso aperto promosso dalla Commissione europea (COM2007\/56, C2012\/4890). Il carattere &#8220;open&#8221; di tali materiali contribuir\u00e0 a combattere la divisione sociale, consentendo una maggiore inclusione. Come gi\u00e0 indicato, le risorse create favoriranno lo sviluppo di competenze sociali e interculturali in quanto il progetto adotter\u00e0 degli approcci multiculturali, multiformato e multimodali, creando contenuti in tutte le lingue ufficiali dei paesi partecipanti: spagnolo e catalano, italiano, inglese e tedesco.<\/p>\n\n\n\n<p>Tutto questo sar\u00e0 possibile solo grazie a una combinazione di partner che si integrano a vicenda e che operano da lungo tempo nel campo linguistico, dell&#8217;istruzione e dell&#8217;immigrazione. <\/p>\n\n\n\n<p><\/p>\n\n\n\n<p>***<\/p>\n\n\n\n<p>Il presente progetto \u00e8 finanziato con il sostegno della Commissione europea.<br>L\u2019autore \u00e8 il solo responsabile di questa website e la Commissione declina ogni responsabilit\u00e0 sull\u2019uso che potr\u00e0 essere fatto delle informazioni in essa contenute.<\/p>\n","protected":false},"excerpt":{"rendered":"<p>EYLBID (2020-2021) \u00e8 una partnership strategica tra 5 universit\u00e0 e una impresa sociale, focalizzata su una delle priorit\u00e0 orizzontali europee quale l&#8217;inclusione sociale, ed in particolare sull&#8217;interpretazione e la mediazione linguistica e interculturale ad opera di adolescenti. Bambini e adolescenti svolgono un ruolo importante nei processi migratori. La scolarizzazione e l&#8217;immersione linguistica nella nuova societ\u00e0 [&hellip;]<\/p>\n","protected":false},"author":20,"featured_media":31,"parent":0,"menu_order":0,"comment_status":"closed","ping_status":"closed","template":"","meta":{"footnotes":""},"class_list":["post-127","page","type-page","status-publish","has-post-thumbnail","hentry"],"_links":{"self":[{"href":"https:\/\/webs.uab.cat\/eylbid\/it\/wp-json\/wp\/v2\/pages\/127","targetHints":{"allow":["GET"]}}],"collection":[{"href":"https:\/\/webs.uab.cat\/eylbid\/it\/wp-json\/wp\/v2\/pages"}],"about":[{"href":"https:\/\/webs.uab.cat\/eylbid\/it\/wp-json\/wp\/v2\/types\/page"}],"author":[{"embeddable":true,"href":"https:\/\/webs.uab.cat\/eylbid\/it\/wp-json\/wp\/v2\/users\/20"}],"replies":[{"embeddable":true,"href":"https:\/\/webs.uab.cat\/eylbid\/it\/wp-json\/wp\/v2\/comments?post=127"}],"version-history":[{"count":2,"href":"https:\/\/webs.uab.cat\/eylbid\/it\/wp-json\/wp\/v2\/pages\/127\/revisions"}],"predecessor-version":[{"id":1302,"href":"https:\/\/webs.uab.cat\/eylbid\/it\/wp-json\/wp\/v2\/pages\/127\/revisions\/1302"}],"wp:featuredmedia":[{"embeddable":true,"href":"https:\/\/webs.uab.cat\/eylbid\/it\/wp-json\/wp\/v2\/media\/31"}],"wp:attachment":[{"href":"https:\/\/webs.uab.cat\/eylbid\/it\/wp-json\/wp\/v2\/media?parent=127"}],"curies":[{"name":"wp","href":"https:\/\/api.w.org\/{rel}","templated":true}]}}