{"id":132,"date":"2020-09-22T17:43:41","date_gmt":"2020-09-22T17:43:41","guid":{"rendered":"https:\/\/webs.uab.cat\/eylbid\/contacti\/"},"modified":"2020-09-22T17:43:41","modified_gmt":"2020-09-22T17:43:41","slug":"contacti","status":"publish","type":"page","link":"https:\/\/webs.uab.cat\/eylbid\/it\/contacti\/","title":{"rendered":"Contacti"},"content":{"rendered":"<p>Per ulteriori informazioni sul progetto, contattare i seguenti coordinatori:&nbsp;<\/p>\n<p>Marta Arum\u00ed (<a href=\"mailto:marta.arumi@uab.cat\">marta.arumi@uab.cat<\/a>) e&nbsp;Mireia Vargas-Urp\u00ed (<a href=\"mailto:mireia.vargas@uab.cat\">mireia.vargas@uab.cat<\/a>)<\/p>\n<p>Departament de Traducci\u00f3 i d&#8217;Interpretaci\u00f3 i d&#8217;Estudis de l&#8217;\u00c0sia Oriental<br \/>\nUniversitat Aut\u00f2noma de Barcelona<\/p>\n<p>Edifici K (1010)<br \/>\nCampus de la UAB \u00b7 08193 Bellaterra<br \/>\n(Cerdanyola del Vall\u00e8s) \u00b7 Barcelona<\/p>\n<p>(0034)&nbsp;93 5813368<\/p>\n","protected":false},"excerpt":{"rendered":"<p>Per ulteriori informazioni sul progetto, contattare i seguenti coordinatori:&nbsp; Marta Arum\u00ed (marta.arumi@uab.cat) e&nbsp;Mireia Vargas-Urp\u00ed (mireia.vargas@uab.cat) Departament de Traducci\u00f3 i d&#8217;Interpretaci\u00f3 i d&#8217;Estudis de l&#8217;\u00c0sia Oriental Universitat Aut\u00f2noma de Barcelona Edifici K (1010) Campus de la UAB \u00b7 08193 Bellaterra (Cerdanyola del Vall\u00e8s) \u00b7 Barcelona (0034)&nbsp;93 5813368<\/p>\n","protected":false},"author":20,"featured_media":0,"parent":0,"menu_order":0,"comment_status":"closed","ping_status":"closed","template":"","meta":{"footnotes":""},"class_list":["post-132","page","type-page","status-publish","hentry"],"_links":{"self":[{"href":"https:\/\/webs.uab.cat\/eylbid\/it\/wp-json\/wp\/v2\/pages\/132","targetHints":{"allow":["GET"]}}],"collection":[{"href":"https:\/\/webs.uab.cat\/eylbid\/it\/wp-json\/wp\/v2\/pages"}],"about":[{"href":"https:\/\/webs.uab.cat\/eylbid\/it\/wp-json\/wp\/v2\/types\/page"}],"author":[{"embeddable":true,"href":"https:\/\/webs.uab.cat\/eylbid\/it\/wp-json\/wp\/v2\/users\/20"}],"replies":[{"embeddable":true,"href":"https:\/\/webs.uab.cat\/eylbid\/it\/wp-json\/wp\/v2\/comments?post=132"}],"version-history":[{"count":0,"href":"https:\/\/webs.uab.cat\/eylbid\/it\/wp-json\/wp\/v2\/pages\/132\/revisions"}],"wp:attachment":[{"href":"https:\/\/webs.uab.cat\/eylbid\/it\/wp-json\/wp\/v2\/media?parent=132"}],"curies":[{"name":"wp","href":"https:\/\/api.w.org\/{rel}","templated":true}]}}