{"id":242,"date":"2022-03-18T17:52:53","date_gmt":"2022-03-18T17:52:53","guid":{"rendered":"https:\/\/webs.uab.cat\/eylbid\/manuale\/"},"modified":"2022-12-06T20:53:30","modified_gmt":"2022-12-06T20:53:30","slug":"manuale","status":"publish","type":"page","link":"https:\/\/webs.uab.cat\/eylbid\/it\/manuale\/","title":{"rendered":"Manuale"},"content":{"rendered":"\n<p>&nbsp;<\/p>\n\n\n\n<div style=\"text-align: center\">\n<figure class=\"image\"><a href=\"https:\/\/ddd.uab.cat\/record\/259306\"><img loading=\"lazy\" decoding=\"async\" class=\" size-full wp-image-240\" src=\"https:\/\/webs.uab.cat\/eylbid\/wp-content\/uploads\/sites\/160\/2022\/05\/incluisone.png\" alt=\" Inclusione, Diversit\u00e0 e Comunicazione tra Culture. Manuale per insegnanti con attivit\u00e0 didattiche per le scuole superiori\" width=\"600\" height=\"848\" srcset=\"https:\/\/webs.uab.cat\/eylbid\/wp-content\/uploads\/sites\/160\/2022\/05\/incluisone.png 722w, https:\/\/webs.uab.cat\/eylbid\/wp-content\/uploads\/sites\/160\/2022\/05\/incluisone-212x300.png 212w\" sizes=\"auto, (max-width: 600px) 100vw, 600px\" \/><\/a>\n<figcaption>Clicca sull&#8217;immagine per scaricare il manuale.<\/figcaption>\n<\/figure>\n<\/div>\n\n\n\n<p>&nbsp; &nbsp;<\/p>\n\n\n\n<p class=\"has-text-align-center\"><strong>Versioni in altre lingue<\/strong><\/p>\n\n\n\n<ul class=\"wp-block-list\"><li>Catalano: <a href=\"https:\/\/ddd.uab.cat\/search?f=title&amp;p=Inclusi%C3%B3%2C%20diversitat%20i%20comunicaci%C3%B3%20entre%20cultures%20Manual%20per%20a%20docents%20amb%20activitats%20per%20treballar%20a%20classe%20amb%20alumnat%20de%20secund%C3%A0ria&amp;sc=1&amp;ln=ca\">Inclusi\u00f3, diversitat i comunicaci\u00f3 entre cultures. Manual per a docents amb activitats per treballar a classe amb alumnat de secund\u00e0ria<\/a><\/li><li>Inglese:&nbsp;<a href=\"https:\/\/ddd.uab.cat\/search?f=title&amp;p=Inclusion%2C%20Diversity%20and%20Communication%20Across%20Cultures%20A%20Teacher%27s%20Book%20with%20Classroom%20Activities%20for%20Secondary%20Education&amp;sc=1&amp;ln=ca\">Inclusion, Diversity and Communication Across Cultures: A Teacher\u2019s Book with Classroom Activities for Secondary Education<\/a><\/li><li>Spagnolo:&nbsp;<a href=\"https:\/\/ddd.uab.cat\/search?f=title&amp;p=Inclusi%C3%B3n%2C%20diversidad%20y%20comunicaci%C3%B3n%20entre%20culturas%20Manual%20para%20docentes%20con%20actividades%20para%20realizar%20en%20clase%20con%20el%20alumnado%20de%20secundaria&amp;sc=1&amp;ln=ca\">Inclusi\u00f3n, diversidad y comunicaci\u00f3n entre culturas: Manual para docentes con actividades para realizar en clase con el alumnado de secundaria<\/a><\/li><li>Tedesco:&nbsp;<a href=\"https:\/\/ddd.uab.cat\/search?f=title&amp;p=Inklusion%2C%20Diversit%C3%A4t%20und%20Interkulturelle%20Kommunikation%20Ein%20Lehrer%20innenhandbuch%20mit%20Aktivit%C3%A4ten%20f%C3%BCr%20den%20Unterricht%20f%C3%BCr%20die%20Sekundarstufe&amp;sc=1&amp;ln=ca\">Inklusion, Diversit\u00e4t und Interkulturelle Kommunikation. Ein Lehrer:innenhandbuch mit Aktivit\u00e4ten f\u00fcr den Unterricht f\u00fcr die Sekundarstufe<\/a><\/li><\/ul>\n\n\n\n<div class=\"wp-block-columns is-layout-flex wp-container-core-columns-is-layout-9d6595d7 wp-block-columns-is-layout-flex\">\n<div class=\"wp-block-column is-layout-flow wp-block-column-is-layout-flow\"><div class=\"wp-block-image\">\n<figure class=\"aligncenter\"><a href=\"https:\/\/webs.uab.cat\/eylbid\/it\/manuale\/attivita-scaricabili\/\"><img loading=\"lazy\" decoding=\"async\" width=\"512\" height=\"512\" src=\"https:\/\/webs.uab.cat\/eylbid\/wp-content\/uploads\/sites\/160\/2022\/03\/activities_0.png\" alt=\"\" class=\"wp-image-147\" srcset=\"https:\/\/webs.uab.cat\/eylbid\/wp-content\/uploads\/sites\/160\/2022\/03\/activities_0.png 512w, https:\/\/webs.uab.cat\/eylbid\/wp-content\/uploads\/sites\/160\/2022\/03\/activities_0-300x300.png 300w, https:\/\/webs.uab.cat\/eylbid\/wp-content\/uploads\/sites\/160\/2022\/03\/activities_0-150x150.png 150w\" sizes=\"auto, (max-width: 512px) 100vw, 512px\" \/><\/a><figcaption>Attivit\u00e0 scaricabili<\/figcaption><\/figure>\n<\/div><\/div>\n\n\n\n<div class=\"wp-block-column is-layout-flow wp-block-column-is-layout-flow\">\n<figure class=\"wp-block-image\"><a href=\"https:\/\/webs.uab.cat\/eylbid\/it\/resource-bank\"><img loading=\"lazy\" decoding=\"async\" width=\"512\" height=\"512\" src=\"https:\/\/webs.uab.cat\/eylbid\/wp-content\/uploads\/sites\/160\/2022\/03\/resource_bank.png\" alt=\"resource bank folder\" class=\"wp-image-153\" srcset=\"https:\/\/webs.uab.cat\/eylbid\/wp-content\/uploads\/sites\/160\/2022\/03\/resource_bank.png 512w, https:\/\/webs.uab.cat\/eylbid\/wp-content\/uploads\/sites\/160\/2022\/03\/resource_bank-300x300.png 300w, https:\/\/webs.uab.cat\/eylbid\/wp-content\/uploads\/sites\/160\/2022\/03\/resource_bank-150x150.png 150w\" sizes=\"auto, (max-width: 512px) 100vw, 512px\" \/><\/a><\/figure>\n<\/div>\n<\/div>\n\n\n\n<p>&nbsp; &nbsp;&nbsp;&nbsp;&nbsp; &nbsp;<\/p>\n\n\n\n<p>If you use the Teacher&#8217;s Book and resources, we will really appreciate your opinion! Please reply to our&nbsp;<a href=\"https:\/\/forms.office.com\/r\/w6bWp6fS6r\">satisfaction survey<\/a>, it will only take you a few minutes.&nbsp;<\/p>\n\n\n\n<p>&nbsp;<\/p>\n","protected":false},"excerpt":{"rendered":"<p>&nbsp; Clicca sull&#8217;immagine per scaricare il manuale. &nbsp; &nbsp; Versioni in altre lingue Catalano: Inclusi\u00f3, diversitat i comunicaci\u00f3 entre cultures. Manual per a docents amb activitats per treballar a classe amb alumnat de secund\u00e0ria Inglese:&nbsp;Inclusion, Diversity and Communication Across Cultures: A Teacher\u2019s Book with Classroom Activities for Secondary Education Spagnolo:&nbsp;Inclusi\u00f3n, diversidad y comunicaci\u00f3n entre culturas: [&hellip;]<\/p>\n","protected":false},"author":20,"featured_media":0,"parent":0,"menu_order":0,"comment_status":"closed","ping_status":"closed","template":"","meta":{"footnotes":""},"class_list":["post-242","page","type-page","status-publish","hentry"],"_links":{"self":[{"href":"https:\/\/webs.uab.cat\/eylbid\/it\/wp-json\/wp\/v2\/pages\/242","targetHints":{"allow":["GET"]}}],"collection":[{"href":"https:\/\/webs.uab.cat\/eylbid\/it\/wp-json\/wp\/v2\/pages"}],"about":[{"href":"https:\/\/webs.uab.cat\/eylbid\/it\/wp-json\/wp\/v2\/types\/page"}],"author":[{"embeddable":true,"href":"https:\/\/webs.uab.cat\/eylbid\/it\/wp-json\/wp\/v2\/users\/20"}],"replies":[{"embeddable":true,"href":"https:\/\/webs.uab.cat\/eylbid\/it\/wp-json\/wp\/v2\/comments?post=242"}],"version-history":[{"count":5,"href":"https:\/\/webs.uab.cat\/eylbid\/it\/wp-json\/wp\/v2\/pages\/242\/revisions"}],"predecessor-version":[{"id":1123,"href":"https:\/\/webs.uab.cat\/eylbid\/it\/wp-json\/wp\/v2\/pages\/242\/revisions\/1123"}],"wp:attachment":[{"href":"https:\/\/webs.uab.cat\/eylbid\/it\/wp-json\/wp\/v2\/media?parent=242"}],"curies":[{"name":"wp","href":"https:\/\/api.w.org\/{rel}","templated":true}]}}