{"id":355,"date":"2022-06-20T22:30:58","date_gmt":"2022-06-20T22:30:58","guid":{"rendered":"https:\/\/webs.uab.cat\/eylbid\/capitolo-4-risorse\/"},"modified":"2022-06-20T23:01:22","modified_gmt":"2022-06-20T23:01:22","slug":"capitolo-4-risorse","status":"publish","type":"page","link":"https:\/\/webs.uab.cat\/eylbid\/it\/capitolo-4-risorse\/","title":{"rendered":"Capitolo 4: risorse"},"content":{"rendered":"<h1>Videos su child language brokering<\/h1>\n<ul>\n<li><span style=\"font-size:14px;\"><a href=\"https:\/\/vimeo.com\/114710420\">Childhood in translation<\/a><\/span><\/li>\n<li><span style=\"font-size:14px;\"><a href=\"https:\/\/www.youtube.com\/watch?v=6G4KvX59ttY\">Translating and me: stories from young translators<\/a><\/span><\/li>\n<li><span style=\"font-size:14px;\"><a href=\"https:\/\/www.youtube.com\/watch?v=Yi90RMo-QkY\">Speechless<\/a><\/span><\/li>\n<li><span style=\"font-size:14px;\">BBC <a href=\"https:\/\/www.youtube.com\/watch?v=EFQpLxTf29Y\">Cheeky Translator Getting OUT of Trouble&nbsp; |&nbsp; PRU<\/a><\/span><\/li>\n<li><span style=\"font-size:14px;\"><a href=\"https:\/\/www.youtube.com\/watch?v=3roEEKRcodE\">Little Big Shots&nbsp;&nbsp; All About the Interpreters Episode Highlight<\/a><\/span><\/li>\n<li><span style=\"font-size:14px;\"><a href=\"https:\/\/www.youtube.com\/watch?v=GW5T0n7tuOU\">Gia Nghi describes what can happen when children are used as interpreters<\/a><\/span><\/li>\n<li><span style=\"font-size:14px;\"><a href=\"https:\/\/www.youtube.com\/watch?v=Ll3HO5nhtxU\">Generation Translation: Youths discuss interpreting for their parents<\/a><\/span><\/li>\n<li><span style=\"font-size:14px;\"><a href=\"https:\/\/youtu.be\/Xn0PRox9p4Y\">Intermediaci\u00f3 ling\u00fc\u00edsitca per part de menors a Catalunya (Catalan with Arabic, Chinese, English, Spanish and Urdu subtitles)<\/a><\/span><\/li>\n<\/ul>\n<p>&nbsp;<\/p>\n","protected":false},"excerpt":{"rendered":"<p>Videos su child language brokering Childhood in translation Translating and me: stories from young translators Speechless BBC Cheeky Translator Getting OUT of Trouble&nbsp; |&nbsp; PRU Little Big Shots&nbsp;&nbsp; All About the Interpreters Episode Highlight Gia Nghi describes what can happen when children are used as interpreters Generation Translation: Youths discuss interpreting for their parents Intermediaci\u00f3 [&hellip;]<\/p>\n","protected":false},"author":20,"featured_media":0,"parent":0,"menu_order":0,"comment_status":"closed","ping_status":"closed","template":"","meta":{"footnotes":""},"class_list":["post-355","page","type-page","status-publish","hentry"],"_links":{"self":[{"href":"https:\/\/webs.uab.cat\/eylbid\/it\/wp-json\/wp\/v2\/pages\/355","targetHints":{"allow":["GET"]}}],"collection":[{"href":"https:\/\/webs.uab.cat\/eylbid\/it\/wp-json\/wp\/v2\/pages"}],"about":[{"href":"https:\/\/webs.uab.cat\/eylbid\/it\/wp-json\/wp\/v2\/types\/page"}],"author":[{"embeddable":true,"href":"https:\/\/webs.uab.cat\/eylbid\/it\/wp-json\/wp\/v2\/users\/20"}],"replies":[{"embeddable":true,"href":"https:\/\/webs.uab.cat\/eylbid\/it\/wp-json\/wp\/v2\/comments?post=355"}],"version-history":[{"count":0,"href":"https:\/\/webs.uab.cat\/eylbid\/it\/wp-json\/wp\/v2\/pages\/355\/revisions"}],"wp:attachment":[{"href":"https:\/\/webs.uab.cat\/eylbid\/it\/wp-json\/wp\/v2\/media?parent=355"}],"curies":[{"name":"wp","href":"https:\/\/api.w.org\/{rel}","templated":true}]}}