{"id":100,"date":"2019-10-25T11:58:40","date_gmt":"2019-10-25T11:58:40","guid":{"rendered":"https:\/\/webs.uab.cat\/eylbid\/contacte\/"},"modified":"2019-10-25T11:58:40","modified_gmt":"2019-10-25T11:58:40","slug":"contacte","status":"publish","type":"page","link":"https:\/\/webs.uab.cat\/eylbid\/contacte\/","title":{"rendered":"Contacte"},"content":{"rendered":"<h1>Contacte<\/h1>\n<p>Per obtenir m\u00e9s informaci\u00f3 sobre el projecte, pots posar-te en contacte amb les coordinadores: Marta Arum\u00ed (<a href=\"mailto:marta.arumi@uab.cat\">marta.arumi@uab.cat<\/a>) i&nbsp;Mireia Vargas-Urp\u00ed (<a href=\"mailto:mireia.vargas@uab.cat\">mireia.vargas@uab.cat<\/a>).<\/p>\n<p>Departament de Traducci\u00f3&nbsp;i d&#8217;Interpretaci\u00f3 i d&#8217;Estudis&nbsp;de l&#8217;\u00c0sia&nbsp;Oriental<br \/>\nUniversitat Aut\u00f2noma de Barcelona<\/p>\n<p>Edifici K (1010)<br \/>\nCampus de la UAB \u00b7 08193 Bellaterra<br \/>\n(Cerdanyola del Vall\u00e8s) \u00b7 Barcelona<\/p>\n<p>93 5813368<\/p>\n","protected":false},"excerpt":{"rendered":"<p>Contacte Per obtenir m\u00e9s informaci\u00f3 sobre el projecte, pots posar-te en contacte amb les coordinadores: Marta Arum\u00ed (marta.arumi@uab.cat) i&nbsp;Mireia Vargas-Urp\u00ed (mireia.vargas@uab.cat). Departament de Traducci\u00f3&nbsp;i d&#8217;Interpretaci\u00f3 i d&#8217;Estudis&nbsp;de l&#8217;\u00c0sia&nbsp;Oriental Universitat Aut\u00f2noma de Barcelona Edifici K (1010) Campus de la UAB \u00b7 08193 Bellaterra (Cerdanyola del Vall\u00e8s) \u00b7 Barcelona 93 5813368<\/p>\n","protected":false},"author":20,"featured_media":0,"parent":0,"menu_order":0,"comment_status":"closed","ping_status":"closed","template":"","meta":{"footnotes":""},"class_list":["post-100","page","type-page","status-publish","hentry"],"_links":{"self":[{"href":"https:\/\/webs.uab.cat\/eylbid\/wp-json\/wp\/v2\/pages\/100","targetHints":{"allow":["GET"]}}],"collection":[{"href":"https:\/\/webs.uab.cat\/eylbid\/wp-json\/wp\/v2\/pages"}],"about":[{"href":"https:\/\/webs.uab.cat\/eylbid\/wp-json\/wp\/v2\/types\/page"}],"author":[{"embeddable":true,"href":"https:\/\/webs.uab.cat\/eylbid\/wp-json\/wp\/v2\/users\/20"}],"replies":[{"embeddable":true,"href":"https:\/\/webs.uab.cat\/eylbid\/wp-json\/wp\/v2\/comments?post=100"}],"version-history":[{"count":0,"href":"https:\/\/webs.uab.cat\/eylbid\/wp-json\/wp\/v2\/pages\/100\/revisions"}],"wp:attachment":[{"href":"https:\/\/webs.uab.cat\/eylbid\/wp-json\/wp\/v2\/media?parent=100"}],"curies":[{"name":"wp","href":"https:\/\/api.w.org\/{rel}","templated":true}]}}