{"id":110,"date":"2020-03-13T10:34:42","date_gmt":"2020-03-13T10:34:42","guid":{"rendered":"https:\/\/webs.uab.cat\/eylbid\/disseminacio\/"},"modified":"2020-03-13T10:34:42","modified_gmt":"2020-03-13T10:34:42","slug":"disseminacio","status":"publish","type":"page","link":"https:\/\/webs.uab.cat\/eylbid\/disseminacio\/","title":{"rendered":"Disseminaci\u00f3"},"content":{"rendered":"<ul>\n<li>14-17, setembre, 2021: Garc\u00eda-Beyaert, Sof\u00eda,&nbsp;Rubio-Carbonero, Gema&nbsp;(2021). A Highschool Intervention: research-informed activities to demystify youth language brokering. IATIS.<\/li>\n<li>27, maig, 2021: Vargas-Urp\u00ed,&nbsp;Mireia; Garc\u00eda-Beyaert, Sof\u00eda (2021).&nbsp;El projecte EYLBID : creaci\u00f3 de materials per treballar la diversitat cultural i ling\u00fc\u00edstica i sensibilitzar sobre la intermediaci\u00f3 ling\u00fc\u00edstica per part de menors.&nbsp;IX Jornada sobre interpretaci\u00f3 als serveis p\u00fablics a Catalunya. Dues realitat paral\u00b7leles: interpretaci\u00f3 professional i no professional als serveis p\u00fablics.&nbsp;URL:&nbsp;<a data-saferedirecturl=\"https:\/\/www.google.com\/url?q=https:\/\/ddd.uab.cat\/record\/241339&amp;source=gmail&amp;ust=1624532766650000&amp;usg=AFQjCNGC7CPqMmlStHjEzZjZCk96mHAryA\" href=\"https:\/\/ddd.uab.cat\/record\/241339\" id=\"m_-1413621603142268593LPlnk736367\" target=\"_blank\" rel=\"noopener\">https:\/\/ddd.uab.cat\/record\/241339<\/a><\/li>\n<li>5, Maig, 2021: Rubio-Carbonero, Gema&nbsp;(2021). Propuestas para visibilizar la intermediaci\u00f3n ling\u00fc\u00edstica por parte de menores.&nbsp;<em>I Congreso Internacional en Traducci\u00f3n e Interpretaci\u00f3n. La lengua como motor de comunicaci\u00f3n e integraci\u00f3n.<\/em><\/li>\n<li>31, gener, 2020: <a href=\"https:\/\/www.uab.cat\/web\/sala-de-premsa\/detall-de-noticia\/un-projecte-sensibilitzara-sobre-la-interpretacio-per-part-de-joves-i-infants-en-el-context-escolar-1345667174054.html?noticiaid=1345807258402\">la UAB fa una nota de premsa sobre l&#8217;inici&nbsp;del projecte<\/a><\/li>\n<\/ul>\n","protected":false},"excerpt":{"rendered":"<p>14-17, setembre, 2021: Garc\u00eda-Beyaert, Sof\u00eda,&nbsp;Rubio-Carbonero, Gema&nbsp;(2021). A Highschool Intervention: research-informed activities to demystify youth language brokering. IATIS. 27, maig, 2021: Vargas-Urp\u00ed,&nbsp;Mireia; Garc\u00eda-Beyaert, Sof\u00eda (2021).&nbsp;El projecte EYLBID : creaci\u00f3 de materials per treballar la diversitat cultural i ling\u00fc\u00edstica i sensibilitzar sobre la intermediaci\u00f3 ling\u00fc\u00edstica per part de menors.&nbsp;IX Jornada sobre interpretaci\u00f3 als serveis p\u00fablics a Catalunya. [&hellip;]<\/p>\n","protected":false},"author":20,"featured_media":0,"parent":0,"menu_order":0,"comment_status":"closed","ping_status":"closed","template":"","meta":{"footnotes":""},"class_list":["post-110","page","type-page","status-publish","hentry"],"_links":{"self":[{"href":"https:\/\/webs.uab.cat\/eylbid\/wp-json\/wp\/v2\/pages\/110","targetHints":{"allow":["GET"]}}],"collection":[{"href":"https:\/\/webs.uab.cat\/eylbid\/wp-json\/wp\/v2\/pages"}],"about":[{"href":"https:\/\/webs.uab.cat\/eylbid\/wp-json\/wp\/v2\/types\/page"}],"author":[{"embeddable":true,"href":"https:\/\/webs.uab.cat\/eylbid\/wp-json\/wp\/v2\/users\/20"}],"replies":[{"embeddable":true,"href":"https:\/\/webs.uab.cat\/eylbid\/wp-json\/wp\/v2\/comments?post=110"}],"version-history":[{"count":0,"href":"https:\/\/webs.uab.cat\/eylbid\/wp-json\/wp\/v2\/pages\/110\/revisions"}],"wp:attachment":[{"href":"https:\/\/webs.uab.cat\/eylbid\/wp-json\/wp\/v2\/media?parent=110"}],"curies":[{"name":"wp","href":"https:\/\/api.w.org\/{rel}","templated":true}]}}