{"id":264,"date":"2022-05-13T13:11:49","date_gmt":"2022-05-13T13:11:49","guid":{"rendered":"https:\/\/webs.uab.cat\/eylbid\/videojoc\/"},"modified":"2024-12-10T10:52:21","modified_gmt":"2024-12-10T10:52:21","slug":"videojoc","status":"publish","type":"page","link":"https:\/\/webs.uab.cat\/eylbid\/videojoc\/","title":{"rendered":"Videojoc"},"content":{"rendered":"\n<h3 class=\"wp-block-heading\">&nbsp;<\/h3>\n\n\n\n<h1 class=\"wp-block-heading has-accent-background-color has-background\"><strong>&#8220;Adventures of a Young Language Broker&#8221;<\/strong> ja est\u00e0 disponible per descarregar!<br><br>Feu\u00a0<span style=\"color: #000080\"><a href=\"https:\/\/ddd.uab.cat\/record\/269322\">click en aquest enlla\u00e7<\/a>\u00a0<\/span>i deseu l&#8217;arxiu\u00a0&#8220;SetupEYLBID.exe&#8221; per instal\u00b7lar el joc a l&#8217;ordinador i comen\u00e7ar-hi a jugar.<br><br>La versi\u00f3 actual inclou catal\u00e0, castell\u00e0, angl\u00e8s, alemany i itali\u00e0.<\/h1>\n\n\n\n<figure class=\"wp-block-image\"><img loading=\"lazy\" decoding=\"async\" width=\"980\" height=\"1032\" src=\"https:\/\/webs.uab.cat\/eylbid\/wp-content\/uploads\/sites\/160\/2022\/05\/adventures.png\" alt=\"\" class=\"wp-image-250\" srcset=\"https:\/\/webs.uab.cat\/eylbid\/wp-content\/uploads\/sites\/160\/2022\/05\/adventures.png 980w, https:\/\/webs.uab.cat\/eylbid\/wp-content\/uploads\/sites\/160\/2022\/05\/adventures-285x300.png 285w, https:\/\/webs.uab.cat\/eylbid\/wp-content\/uploads\/sites\/160\/2022\/05\/adventures-972x1024.png 972w, https:\/\/webs.uab.cat\/eylbid\/wp-content\/uploads\/sites\/160\/2022\/05\/adventures-768x809.png 768w\" sizes=\"auto, (max-width: 980px) 100vw, 980px\" \/><\/figure>\n\n\n\n<p><span style=\"font-size: 16px\">Nom\u00e9s \u00e9s compatible amb l&#8217;entorn Windows.&nbsp;<\/span><\/p>\n\n\n\n<p><span style=\"font-size: 18px\">La guia per a professorat (en angl\u00e8s) es pot descarregar aqu\u00ed (<a href=\"https:\/\/ddd.uab.cat\/record\/259845\">Teacher&#8217;s companion<\/a>), amb idees i consells per fer servir el joc a l&#8217;aula.&nbsp;<\/span><\/p>\n\n\n\n<p><span style=\"font-size: 18px\">En cas de problemes per descarregar o instal\u00b7lar el videojoc, poseu-vos en contacte amb Mireia Vargas Urp\u00ed (mireia.vargas@uab.cat)<\/span><\/p>\n\n\n\n<p>&nbsp;<\/p>\n\n\n\n<p>&nbsp;<\/p>\n\n\n\n<p><span style=\"font-size: 16px\">Si heu fet servir el videojoc, ja sigui com a docents o estudiants, ens agradar\u00e0 molt saber-ne la vostra opini\u00f3: <a href=\"https:\/\/forms.office.com\/r\/M2ntvDQ6pW\">Enquesta de satisfacci\u00f3<\/a>&nbsp;(no us prendr\u00e0 m\u00e9s de 5 minuts!).&nbsp;<\/span><\/p>\n","protected":false},"excerpt":{"rendered":"<p>&nbsp; &#8220;Adventures of a Young Language Broker&#8221; ja est\u00e0 disponible per descarregar! Feu\u00a0click en aquest enlla\u00e7\u00a0i deseu l&#8217;arxiu\u00a0&#8220;SetupEYLBID.exe&#8221; per instal\u00b7lar el joc a l&#8217;ordinador i comen\u00e7ar-hi a jugar. La versi\u00f3 actual inclou catal\u00e0, castell\u00e0, angl\u00e8s, alemany i itali\u00e0. Nom\u00e9s \u00e9s compatible amb l&#8217;entorn Windows.&nbsp; La guia per a professorat (en angl\u00e8s) es pot descarregar aqu\u00ed [&hellip;]<\/p>\n","protected":false},"author":20,"featured_media":0,"parent":0,"menu_order":0,"comment_status":"closed","ping_status":"closed","template":"","meta":{"footnotes":""},"class_list":["post-264","page","type-page","status-publish","hentry"],"_links":{"self":[{"href":"https:\/\/webs.uab.cat\/eylbid\/wp-json\/wp\/v2\/pages\/264","targetHints":{"allow":["GET"]}}],"collection":[{"href":"https:\/\/webs.uab.cat\/eylbid\/wp-json\/wp\/v2\/pages"}],"about":[{"href":"https:\/\/webs.uab.cat\/eylbid\/wp-json\/wp\/v2\/types\/page"}],"author":[{"embeddable":true,"href":"https:\/\/webs.uab.cat\/eylbid\/wp-json\/wp\/v2\/users\/20"}],"replies":[{"embeddable":true,"href":"https:\/\/webs.uab.cat\/eylbid\/wp-json\/wp\/v2\/comments?post=264"}],"version-history":[{"count":2,"href":"https:\/\/webs.uab.cat\/eylbid\/wp-json\/wp\/v2\/pages\/264\/revisions"}],"predecessor-version":[{"id":1307,"href":"https:\/\/webs.uab.cat\/eylbid\/wp-json\/wp\/v2\/pages\/264\/revisions\/1307"}],"wp:attachment":[{"href":"https:\/\/webs.uab.cat\/eylbid\/wp-json\/wp\/v2\/media?parent=264"}],"curies":[{"name":"wp","href":"https:\/\/api.w.org\/{rel}","templated":true}]}}