{"id":97,"date":"2019-10-25T11:57:24","date_gmt":"2019-10-25T11:57:24","guid":{"rendered":"https:\/\/webs.uab.cat\/eylbid\/objectius\/"},"modified":"2019-10-25T11:57:24","modified_gmt":"2019-10-25T11:57:24","slug":"objectius","status":"publish","type":"page","link":"https:\/\/webs.uab.cat\/eylbid\/objectius\/","title":{"rendered":"Objectius"},"content":{"rendered":"<p>El projecte t\u00e9 tres objectius principals: (1) aconseguir una millor comprensi\u00f3 de la intermediaci\u00f3 ling\u00fc\u00edstica per part dels joves de tot Europa, (2) proposar un conjunt de directrius per a la intermediaci\u00f3 ling\u00fc\u00edstica de nens i joves a Europa, (3) dissenyar activitats relacionades amb la intermediaci\u00f3 ling\u00fc\u00edstica per incloure-les en els programes d&#8217;estudi dels centres d&#8217;educaci\u00f3 secund\u00e0ria.<\/p>\n<p>Aquests objectius generals desemboquen en els objectius espec\u00edfics seg\u00fcents:<\/p>\n<ol style=\"list-style-type:lower-alpha;\">\n<li>Empoderar els nens i adolescents a la nova societat mitjan\u00e7ant la revaloritzaci\u00f3 de les lleng\u00fces d&#8217;her\u00e8ncia.<\/li>\n<li>Promoure la diversitat ling\u00fc\u00edstica i cultural als centres d\u2019educaci\u00f3 secund\u00e0ria mitjan\u00e7ant exemples de bones pr\u00e0ctiques d&#8217;interpretaci\u00f3 en els serveis p\u00fablics.<\/li>\n<li>Conscienciar sobre els riscos d&#8217;aquesta pr\u00e0ctica m\u00e9s enll\u00e0 de la comunicaci\u00f3 per dur a terme tasques burocr\u00e0tiques menors.<\/li>\n<li>Sensibilitzar els joves sobre el valor i la import\u00e0ncia que t\u00e9 actualment el multiling\u00fcisme a Europa.<\/li>\n<li>Difondre nous enfocaments perqu\u00e8 els estudiants amb menys possibilitats (a causa de les difer\u00e8ncies culturals) participin en les activitats de l&#8217;aula.<\/li>\n<li>Presentar la professi\u00f3 d&#8217;int\u00e8rpret i les seves diverses modalitats als joves estudiants que ja tenen un nivell de compet\u00e8ncia alt en dues o m\u00e9s lleng\u00fces, aix\u00ed com als seus pares i tutors.<\/li>\n<li>Crear recursos educatius oberts i flexibles que puguin utilitzar-se en diferents entorns d&#8217;aprenentatge.<\/li>\n<li>Millorar la cohesi\u00f3 social dels adolescents d&#8217;origen immigrant.<\/li>\n<\/ol>\n","protected":false},"excerpt":{"rendered":"<p>El projecte t\u00e9 tres objectius principals: (1) aconseguir una millor comprensi\u00f3 de la intermediaci\u00f3 ling\u00fc\u00edstica per part dels joves de tot Europa, (2) proposar un conjunt de directrius per a la intermediaci\u00f3 ling\u00fc\u00edstica de nens i joves a Europa, (3) dissenyar activitats relacionades amb la intermediaci\u00f3 ling\u00fc\u00edstica per incloure-les en els programes d&#8217;estudi dels centres [&hellip;]<\/p>\n","protected":false},"author":20,"featured_media":0,"parent":0,"menu_order":0,"comment_status":"closed","ping_status":"closed","template":"","meta":{"footnotes":""},"class_list":["post-97","page","type-page","status-publish","hentry"],"_links":{"self":[{"href":"https:\/\/webs.uab.cat\/eylbid\/wp-json\/wp\/v2\/pages\/97","targetHints":{"allow":["GET"]}}],"collection":[{"href":"https:\/\/webs.uab.cat\/eylbid\/wp-json\/wp\/v2\/pages"}],"about":[{"href":"https:\/\/webs.uab.cat\/eylbid\/wp-json\/wp\/v2\/types\/page"}],"author":[{"embeddable":true,"href":"https:\/\/webs.uab.cat\/eylbid\/wp-json\/wp\/v2\/users\/20"}],"replies":[{"embeddable":true,"href":"https:\/\/webs.uab.cat\/eylbid\/wp-json\/wp\/v2\/comments?post=97"}],"version-history":[{"count":0,"href":"https:\/\/webs.uab.cat\/eylbid\/wp-json\/wp\/v2\/pages\/97\/revisions"}],"wp:attachment":[{"href":"https:\/\/webs.uab.cat\/eylbid\/wp-json\/wp\/v2\/media?parent=97"}],"curies":[{"name":"wp","href":"https:\/\/api.w.org\/{rel}","templated":true}]}}