{"id":99,"date":"2019-10-25T10:03:44","date_gmt":"2019-10-25T10:03:44","guid":{"rendered":"https:\/\/webs.uab.cat\/eylbid\/reunions\/"},"modified":"2022-08-16T09:52:36","modified_gmt":"2022-08-16T09:52:36","slug":"reunions","status":"publish","type":"page","link":"https:\/\/webs.uab.cat\/eylbid\/reunions\/","title":{"rendered":"Reunions"},"content":{"rendered":"<ul>\n<li><strong>Reuni\u00f3 inicial de l&#8217;associaci\u00f3 estrat\u00e8gica EYLBID<\/strong> a&nbsp; Bellaterra (Universitat Aut\u00f2noma de Barcelona, Espanya) \u200b\u200bel 30 i 31 de gener de 2020: Els dies 30 i 31 de gener de 2020, el Departament de Traducci\u00f3, Interpretaci\u00f3 i Estudis d&#8217;\u00c0sia Oriental (UAB)&nbsp;va acollir la reuni\u00f3 inicial transnacional del projecte. A la reuni\u00f3 van assistir representants de tots els socis estrat\u00e8gics. <a href=\"https:\/\/www.uab.cat\/web\/sala-de-premsa\/detall-de-noticia\/un-projecte-sensibilitzara-sobre-la-interpretacio-per-part-de-joves-i-infants-en-el-context-escolar-1345667174054.html?noticiaid=1345807258402\">Aqu\u00ed trobareu la nota de premsa de l\u2019activitat<\/a> i algunes fotos:<\/li>\n<\/ul>\n<table cellspacing=\"1\" cellpadding=\"1\" border=\"1\">\n<tbody>\n<tr>\n<td>\n<p style=\"text-align:center\"><img loading=\"lazy\" decoding=\"async\" class=\" size-full wp-image-73\" alt=\"Team kick off meeting\" src=\"https:\/\/webs.uab.cat\/eylbid\/wp-content\/uploads\/sites\/160\/2019\/10\/1tm_team.jpg\" width=\"352\" height=\"209\" srcset=\"https:\/\/webs.uab.cat\/eylbid\/wp-content\/uploads\/sites\/160\/2019\/10\/1tm_team.jpg 2500w, https:\/\/webs.uab.cat\/eylbid\/wp-content\/uploads\/sites\/160\/2019\/10\/1tm_team-300x178.jpg 300w, https:\/\/webs.uab.cat\/eylbid\/wp-content\/uploads\/sites\/160\/2019\/10\/1tm_team-1024x606.jpg 1024w, https:\/\/webs.uab.cat\/eylbid\/wp-content\/uploads\/sites\/160\/2019\/10\/1tm_team-768x455.jpg 768w, https:\/\/webs.uab.cat\/eylbid\/wp-content\/uploads\/sites\/160\/2019\/10\/1tm_team-1536x909.jpg 1536w, https:\/\/webs.uab.cat\/eylbid\/wp-content\/uploads\/sites\/160\/2019\/10\/1tm_team-2048x1212.jpg 2048w, https:\/\/webs.uab.cat\/eylbid\/wp-content\/uploads\/sites\/160\/2019\/10\/1tm_team-1200x710.jpg 1200w, https:\/\/webs.uab.cat\/eylbid\/wp-content\/uploads\/sites\/160\/2019\/10\/1tm_team-1980x1172.jpg 1980w\" sizes=\"auto, (max-width: 352px) 100vw, 352px\" \/><\/p>\n<\/td>\n<td>\n<p style=\"text-align:center\"><img loading=\"lazy\" decoding=\"async\" class=\" size-full wp-image-79\" alt=\"Eylbid Team working kick off meeting\" src=\"https:\/\/webs.uab.cat\/eylbid\/wp-content\/uploads\/sites\/160\/2019\/10\/img_1862-scaled.jpg\" width=\"271\" height=\"204\" srcset=\"https:\/\/webs.uab.cat\/eylbid\/wp-content\/uploads\/sites\/160\/2019\/10\/img_1862-scaled.jpg 2560w, https:\/\/webs.uab.cat\/eylbid\/wp-content\/uploads\/sites\/160\/2019\/10\/img_1862-300x225.jpg 300w, https:\/\/webs.uab.cat\/eylbid\/wp-content\/uploads\/sites\/160\/2019\/10\/img_1862-1024x768.jpg 1024w, https:\/\/webs.uab.cat\/eylbid\/wp-content\/uploads\/sites\/160\/2019\/10\/img_1862-768x576.jpg 768w, https:\/\/webs.uab.cat\/eylbid\/wp-content\/uploads\/sites\/160\/2019\/10\/img_1862-1536x1152.jpg 1536w, https:\/\/webs.uab.cat\/eylbid\/wp-content\/uploads\/sites\/160\/2019\/10\/img_1862-2048x1536.jpg 2048w, https:\/\/webs.uab.cat\/eylbid\/wp-content\/uploads\/sites\/160\/2019\/10\/img_1862-1200x900.jpg 1200w, https:\/\/webs.uab.cat\/eylbid\/wp-content\/uploads\/sites\/160\/2019\/10\/img_1862-1980x1485.jpg 1980w\" sizes=\"auto, (max-width: 271px) 100vw, 271px\" \/><\/p>\n<\/td>\n<\/tr>\n<\/tbody>\n<\/table>\n<ul>\n<li><strong>Segona reuni\u00f3 transnacional&nbsp;<\/strong>de l&#8217;associaci\u00f3 estrat\u00e8gica EYLBID: online 18 i 19 de setembre de 2020. La reuni\u00f3 va ser online i&nbsp;hi van participar representants de tots els socis estrat\u00e8gics.&nbsp;<\/li>\n<li><strong>Tercera reuni\u00f3 transnacional&nbsp;<\/strong>de l&#8217;associaci\u00f3 estrat\u00e8gica EYLBID: online 5 i 15 de juliol de 2021&nbsp;<\/li>\n<li><strong>Quarta reuni\u00f3 transnacional&nbsp;<\/strong>de l&#8217;associaci\u00f3 estrat\u00e8gica EYLBID: online, 27 d&#8217;abril de 2022.&nbsp;&nbsp;<\/li>\n<\/ul>\n<div style=\"text-align:center\">\n<figure class=\"image\" style=\"display:inline-block\"><img loading=\"lazy\" decoding=\"async\" class=\" size-full wp-image-85\" alt=\"picture of the online meeting corresponding to the 4th multiplier event\" src=\"https:\/\/webs.uab.cat\/eylbid\/wp-content\/uploads\/sites\/160\/2019\/10\/picture.png\" width=\"566\" height=\"363\" srcset=\"https:\/\/webs.uab.cat\/eylbid\/wp-content\/uploads\/sites\/160\/2019\/10\/picture.png 1610w, https:\/\/webs.uab.cat\/eylbid\/wp-content\/uploads\/sites\/160\/2019\/10\/picture-300x193.png 300w, https:\/\/webs.uab.cat\/eylbid\/wp-content\/uploads\/sites\/160\/2019\/10\/picture-1024x658.png 1024w, https:\/\/webs.uab.cat\/eylbid\/wp-content\/uploads\/sites\/160\/2019\/10\/picture-768x493.png 768w, https:\/\/webs.uab.cat\/eylbid\/wp-content\/uploads\/sites\/160\/2019\/10\/picture-1536x986.png 1536w, https:\/\/webs.uab.cat\/eylbid\/wp-content\/uploads\/sites\/160\/2019\/10\/picture-1200x771.png 1200w\" sizes=\"auto, (max-width: 566px) 100vw, 566px\" \/><figcaption>4a reuni\u00f3 transnacional celebrada online (27 d&#8217;abril de 2022)<\/figcaption><\/figure>\n<\/div>\n","protected":false},"excerpt":{"rendered":"<p>Reuni\u00f3 inicial de l&#8217;associaci\u00f3 estrat\u00e8gica EYLBID a&nbsp; Bellaterra (Universitat Aut\u00f2noma de Barcelona, Espanya) \u200b\u200bel 30 i 31 de gener de 2020: Els dies 30 i 31 de gener de 2020, el Departament de Traducci\u00f3, Interpretaci\u00f3 i Estudis d&#8217;\u00c0sia Oriental (UAB)&nbsp;va acollir la reuni\u00f3 inicial transnacional del projecte. A la reuni\u00f3 van assistir representants de tots [&hellip;]<\/p>\n","protected":false},"author":20,"featured_media":0,"parent":0,"menu_order":0,"comment_status":"closed","ping_status":"closed","template":"","meta":{"footnotes":""},"class_list":["post-99","page","type-page","status-publish","hentry"],"_links":{"self":[{"href":"https:\/\/webs.uab.cat\/eylbid\/wp-json\/wp\/v2\/pages\/99","targetHints":{"allow":["GET"]}}],"collection":[{"href":"https:\/\/webs.uab.cat\/eylbid\/wp-json\/wp\/v2\/pages"}],"about":[{"href":"https:\/\/webs.uab.cat\/eylbid\/wp-json\/wp\/v2\/types\/page"}],"author":[{"embeddable":true,"href":"https:\/\/webs.uab.cat\/eylbid\/wp-json\/wp\/v2\/users\/20"}],"replies":[{"embeddable":true,"href":"https:\/\/webs.uab.cat\/eylbid\/wp-json\/wp\/v2\/comments?post=99"}],"version-history":[{"count":1,"href":"https:\/\/webs.uab.cat\/eylbid\/wp-json\/wp\/v2\/pages\/99\/revisions"}],"predecessor-version":[{"id":523,"href":"https:\/\/webs.uab.cat\/eylbid\/wp-json\/wp\/v2\/pages\/99\/revisions\/523"}],"wp:attachment":[{"href":"https:\/\/webs.uab.cat\/eylbid\/wp-json\/wp\/v2\/media?parent=99"}],"curies":[{"name":"wp","href":"https:\/\/api.w.org\/{rel}","templated":true}]}}