{"id":54,"date":"2023-03-23T01:02:05","date_gmt":"2023-03-22T23:02:05","guid":{"rendered":"https:\/\/webs.uab.cat\/fairleave\/equip\/"},"modified":"2025-01-08T12:16:18","modified_gmt":"2025-01-08T10:16:18","slug":"equip","status":"publish","type":"page","link":"https:\/\/webs.uab.cat\/fairleave\/ca\/equip\/","title":{"rendered":"Equip"},"content":{"rendered":"\n<div style=\"height:10px\" aria-hidden=\"true\" class=\"wp-block-spacer\"><\/div>\n\n\n\n<p><strong>Macarena Ares<\/strong> \u00e9s professora Serra H\u00fanter al Departament de Ci\u00e8ncia Pol\u00edtica de la Universitat de Barcelona. Doctora en Ci\u00e8ncies Pol\u00edtiques i Socials per l&#8217;Institut Universitari Europeu el 2017. Est\u00e0 interessada en l&#8217;estudi de la pol\u00edtica de classe, pol\u00edtica social, comportament electoral, participaci\u00f3 pol\u00edtica i opini\u00f3 p\u00fablica. Podeu consultar m\u00e9s detalls de la meva recerca aqu\u00ed. [Web <a href=\"https:\/\/macarenaares.com\/\">https:\/\/macarenaares.com\/<\/a>]    <\/p>\n\n\n\n<p><strong>Pedro Manuel Bell\u00f3n Jim\u00e9nez<\/strong> \u00e9s doctorant a IGOP-UAB i al Departament de Ci\u00e8ncia Pol\u00edtica a la Universitat Aut\u00f2noma de Barcelona. Graduat en Sociologia i Ci\u00e8ncia Pol\u00edtica per la Universitat Carlos III de Madrid (2021) i m\u00e0ster en Estudis Avan\u00e7ats en Treball i Ocupaci\u00f3 per la Universitat Complutense de Madrid (2022). La seva recerca se centra en la conciliaci\u00f3 i la igualtat de g\u00e8nere i la vinculaci\u00f3 als estudis del treball i la sociologia urbana.  <\/p>\n\n\n\n<p><strong>Julia Ca\u00f1ero Ruiz<\/strong> \u00e9s antrop\u00f2loga, mare i investigadora sobre maternitats i feminismes. Actualment \u00e9s doctoranda a la Universitat de Granada amb una investigaci\u00f3 sobre activismes de mares realitzada en grups de suport a la lact\u00e0ncia materna d&#8217;Andalusia. Ha participat amb aquestes tem\u00e0tiques a diversos congressos nacionals i internacionals especialitzats i publicat articles. Aix\u00ed mateix, \u00e9s divulgadora a diaris i revistes com Pikara Magazine i activista feminista en diversos col\u00b7lectius. [Website: https:\/\/linktr.ee\/juliacaneroruiz]     <\/p>\n\n\n\n<p><strong>Gabriela de Carvalho<\/strong> \u00e9s Investigadora Postdoctoral en el Departament de Ci\u00e8ncia Pol\u00edtica i Dret P\u00fablic de la Universitat Aut\u00f2noma de Barcelona i Investigadora Afiliada en el Centre de Col\u00b7laboraci\u00f3 Global Dynamics of Social Policy de la Universitat de Bremen. \u00c9s doctora en Ci\u00e8ncies Econ\u00f2miques i Socials per la Universitat de Bremen. La seva recerca se centra en les pol\u00edtiques socials des d&#8217;una perspectiva comparativa i global, amb especial \u00e8mfasi en q\u00fcestions de generositat de les pol\u00edtiques socials.<\/p>\n\n\n\n<p><strong>Sheila Gonz\u00e1lez Motos<\/strong> \u00e9s professora al Departament de Ci\u00e8ncia Pol\u00edtica de la Universitat de Barcelona. Doctora en Pol\u00edtiques P\u00fabliques i Transformaci\u00f3 Social a la Universitat Aut\u00f2noma de Barcelona. Ha estat investigadora postdoctoral al Departament de Sociologia de la mateixa universitat i investigadora visitant a la Hochschule Bremen (Alemanya), a l&#8217;Institut de Ci\u00e8ncies Socials (UNAM, M\u00e8xic) i al Departament d&#8217;Investigacions Educatives (CINVESTAV-M\u00e8xic). \u00c9s membre de l&#8217;Institut de Govern i Pol\u00edtiques P\u00fabliques (IGOP). Ha investigat sobre an\u00e0lisis de pol\u00edtiques p\u00fabliques, especialment sobre desigualtat educativa.   <\/p>\n\n\n\n<p><strong>Margarita Le\u00f3n<\/strong> \u00e9s catedr\u00e0tica del Departament de Ci\u00e8ncia Pol\u00edtica i investigadora principal de l&#8217;Institut de Govern i Pol\u00edtiques P\u00fabliques (IGOP) de la Universitat Aut\u00f2noma de Barcelona. Des de 2003 fins a 2010 va ser professora de Pol\u00edtica Social Europea (SSPSSR, Universitat de Kent). Ha estat bec\u00e0ria postdoctoral Marie Curie en el RSCAS, Institut Universitari Europeu de Flor\u00e8ncia, It\u00e0lia. \u00c9s doctora per la London School of Economics (2000). Ha coeditat amb A. M. Guill\u00e9n <em>The\u00a0 Spanish Welfare State in European Context<\/em> (2011 Ashgate) i editat <em>The Transformation of Care in European Societies <\/em>(2014, Palgrave). Ha publicat en revistes internacionals revisades com<em> Journal of European Social Policy, Comparative European Politics, South European Society and Politics i European Journal of Women Studies. <\/em>Ha rebut el premi <em>ICREA ACAD\u00c8MIA<\/em> a l&#8217;excel\u00b7l\u00e8ncia investigadora (2018). (URL at Academia.edu: <a href=\"https:\/\/uab.academia.edu\/MargaritaLeon\">https:\/\/uab.academia.edu\/MargaritaLeon<\/a>)<\/p>\n\n\n\n<p><strong>Danislava Marinova <\/strong>(investigadora principal) \u00e9s Professora Associada Serra H\u00fanter de Ci\u00e8ncia Pol\u00edtica a la Universitat Aut\u00f2noma de Barcelona. La seva recerca se situa en els camps de l&#8217;economia pol\u00edtica, el comportament pol\u00edtic i els estudis de g\u00e8nere. El seu llibre Coping with Complexity: How Voters Adapt to Unstable Parties va guanyar el Premi GESIS Kligemann a la millor beca CSES en 2017. Va ser bec\u00e0ria Marie Curie Sklodowska (2018-2020), bec\u00e0ria Juan de la Cierva Incorporaci\u00f3 (2015-2018) i investigadora postdoctoral en la Hertie School of Governance de Berl\u00edn (2013-2015). Es va doctorar en 2012 per la Universitat d&#8217;Indiana (Bloomington, els Estats Units) amb una beca de millora de tesi doctoral de la National Science Foundation dels Estats Units i el premi Kathrine C. Greenough a la millor tesi en Ci\u00e8ncies Pol\u00edtiques.<\/p>\n\n\n\n<p><strong>Maria Mart\u00ed Capera <\/strong>\u00e9s estudiant de m\u00e0ster en Ci\u00e8ncies Socials en la UC3M &#8211; Institut Juan March i llicenciada en Ci\u00e8ncies Pol\u00edtiques i de l&#8217;Administraci\u00f3 P\u00fablica per la Universitat Pompeu Fabra. Ha treballat com a assistent de recerca en la Universitat de Yale i col\u00b7laborat amb la Comissi\u00f3 Europea en un estudi sobre la bretxa de g\u00e8nere en les pensions a Europa. La seva recerca se centra en l&#8217;avaluaci\u00f3 de pol\u00edtiques p\u00fabliques, igualtat de g\u00e8nere i pol\u00edtiques socials.\u00a0<\/p>\n\n\n\n<p><strong>Martha Ogochukwu<\/strong> <strong>Dennis <\/strong>\u00e9s doctoranda al Departament de Ci\u00e8ncia Pol\u00edtica de la Universitat Aut\u00f2noma de Barcelona. \u00c9s llicenciada en Ci\u00e8ncies Pol\u00edtiques (Universitat Federal Wukari) i M\u00e0ster en Ci\u00e8ncies Pol\u00edtiques (Universitat Aut\u00f2noma de Barcelona). Els seus interessos de recerca se centren en comportaments i actituds davant la protesta pol\u00edtica.<\/p>\n\n\n\n<p><strong>Damjan Tomic<\/strong> \u00e9s doctorand al Departament de Ci\u00e8ncia Pol\u00edtica de la Universitat Aut\u00f2noma de Barcelona (UAB). Es va llicenciar en Biologia, amb especialitzaci\u00f3 en Psicologia (Universitat de Western Ontario, 2014); M\u00e0ster en Direcci\u00f3 d&#8217;Empreses Internacionals (Institut des hautes \u00e9tudes \u00e9conomiques et commerciales, 2016) i M\u00e0ster en Ci\u00e8ncies Pol\u00edtiques (Universitat Aut\u00f2noma de Barcelona, 2021). La seva investigaci\u00f3 se centra en l&#8217;impacte dels permisos parentals a la fertilitat i a l&#8217;ocupaci\u00f3.  <\/p>\n","protected":false},"excerpt":{"rendered":"<p>Macarena Ares \u00e9s professora Serra H\u00fanter al Departament de Ci\u00e8ncia Pol\u00edtica de la Universitat de Barcelona. Doctora en Ci\u00e8ncies Pol\u00edtiques i Socials per l&#8217;Institut Universitari Europeu el 2017. Est\u00e0 interessada en l&#8217;estudi de la pol\u00edtica de classe, pol\u00edtica social, comportament electoral, participaci\u00f3 pol\u00edtica i opini\u00f3 p\u00fablica. Podeu consultar m\u00e9s detalls de la meva recerca aqu\u00ed. [&hellip;]<\/p>\n","protected":false},"author":34,"featured_media":0,"parent":0,"menu_order":0,"comment_status":"closed","ping_status":"closed","template":"","meta":{"footnotes":""},"class_list":["post-54","page","type-page","status-publish","hentry"],"_links":{"self":[{"href":"https:\/\/webs.uab.cat\/fairleave\/ca\/wp-json\/wp\/v2\/pages\/54","targetHints":{"allow":["GET"]}}],"collection":[{"href":"https:\/\/webs.uab.cat\/fairleave\/ca\/wp-json\/wp\/v2\/pages"}],"about":[{"href":"https:\/\/webs.uab.cat\/fairleave\/ca\/wp-json\/wp\/v2\/types\/page"}],"author":[{"embeddable":true,"href":"https:\/\/webs.uab.cat\/fairleave\/ca\/wp-json\/wp\/v2\/users\/34"}],"replies":[{"embeddable":true,"href":"https:\/\/webs.uab.cat\/fairleave\/ca\/wp-json\/wp\/v2\/comments?post=54"}],"version-history":[{"count":15,"href":"https:\/\/webs.uab.cat\/fairleave\/ca\/wp-json\/wp\/v2\/pages\/54\/revisions"}],"predecessor-version":[{"id":121,"href":"https:\/\/webs.uab.cat\/fairleave\/ca\/wp-json\/wp\/v2\/pages\/54\/revisions\/121"}],"wp:attachment":[{"href":"https:\/\/webs.uab.cat\/fairleave\/ca\/wp-json\/wp\/v2\/media?parent=54"}],"curies":[{"name":"wp","href":"https:\/\/api.w.org\/{rel}","templated":true}]}}