{"id":65,"date":"2023-03-23T01:07:05","date_gmt":"2023-03-22T23:07:05","guid":{"rendered":"https:\/\/webs.uab.cat\/fairleave\/resultats\/"},"modified":"2025-01-08T12:25:03","modified_gmt":"2025-01-08T10:25:03","slug":"resultats","status":"publish","type":"page","link":"https:\/\/webs.uab.cat\/fairleave\/ca\/resultats\/","title":{"rendered":"Resultats"},"content":{"rendered":"\n<div style=\"height:10px\" aria-hidden=\"true\" class=\"wp-block-spacer\"><\/div>\n\n<p>L&#8217;octubre del 2022, vam enviar una primera onada de la nostra enquesta als pares. Aqu\u00ed teniu el q\u00fcestionari (tradu\u00eft a l&#8217;angl\u00e8s): <a href=\"https:\/\/webs.uab.cat\/fairleave\/wp-content\/uploads\/sites\/401\/2023\/03\/Cuestionario-para-web.pdf\" target=\"_blank\" rel=\"noreferrer noopener\">Survey questionnaire fielded in October, 2022 (onada 1)<\/a> <\/p>\n\n<p>Beca de recerca 2024-2025. \u201cGender-Based Public Policies and Labor Market Discrimination: A Field Experiment in Barcelona, Madrid and Valencia (POLGENDA).\u201d Funded by Instituto de las Mujeres (Ministry of Equality, Spain). Gabriela de Carvalho (PI), Danislava Marinova and Sheila Gonz\u00e1lez.     <\/p>\n\n<p>Marinova, DM. &amp; Le\u00f3n, M. 2025. \u201cPaternity leave take-up in a segmented labor market: A cautionary tale of rapid policy expansion in Spain\u201d   <em>Journal of European Social Policy.<\/em> <\/p>\n\n<p>Ca\u00f1ero, J. &amp; Marinova, DM. 2025. \u201c\u00bfIguales e intransferibles? Preferencias por el sistema de permisos por nacimiento.\u201d <em>Revista Espa<\/em><em>\u00f1<\/em><em>ola de Investigaciones Sociol<\/em><em>\u00f3<\/em><em>gicas.<\/em>   <\/p>\n\n<p>Alvari\u00f1o, M., &amp; Le\u00f3n, M. (2023). The Politics of Family and Care Policy Reform.\u202f<em>Handbook of Social Care Policy<\/em>.  <\/p>\n","protected":false},"excerpt":{"rendered":"<p>L&#8217;octubre del 2022, vam enviar una primera onada de la nostra enquesta als pares. Aqu\u00ed teniu el q\u00fcestionari (tradu\u00eft a l&#8217;angl\u00e8s): Survey questionnaire fielded in October, 2022 (onada 1) Beca de recerca 2024-2025. \u201cGender-Based Public Policies and Labor Market Discrimination: A Field Experiment in Barcelona, Madrid and Valencia (POLGENDA).\u201d Funded by Instituto de las Mujeres [&hellip;]<\/p>\n","protected":false},"author":34,"featured_media":0,"parent":0,"menu_order":0,"comment_status":"closed","ping_status":"closed","template":"","meta":{"footnotes":""},"class_list":["post-65","page","type-page","status-publish","hentry"],"_links":{"self":[{"href":"https:\/\/webs.uab.cat\/fairleave\/ca\/wp-json\/wp\/v2\/pages\/65","targetHints":{"allow":["GET"]}}],"collection":[{"href":"https:\/\/webs.uab.cat\/fairleave\/ca\/wp-json\/wp\/v2\/pages"}],"about":[{"href":"https:\/\/webs.uab.cat\/fairleave\/ca\/wp-json\/wp\/v2\/types\/page"}],"author":[{"embeddable":true,"href":"https:\/\/webs.uab.cat\/fairleave\/ca\/wp-json\/wp\/v2\/users\/34"}],"replies":[{"embeddable":true,"href":"https:\/\/webs.uab.cat\/fairleave\/ca\/wp-json\/wp\/v2\/comments?post=65"}],"version-history":[{"count":7,"href":"https:\/\/webs.uab.cat\/fairleave\/ca\/wp-json\/wp\/v2\/pages\/65\/revisions"}],"predecessor-version":[{"id":127,"href":"https:\/\/webs.uab.cat\/fairleave\/ca\/wp-json\/wp\/v2\/pages\/65\/revisions\/127"}],"wp:attachment":[{"href":"https:\/\/webs.uab.cat\/fairleave\/ca\/wp-json\/wp\/v2\/media?parent=65"}],"curies":[{"name":"wp","href":"https:\/\/api.w.org\/{rel}","templated":true}]}}