{"id":74,"date":"2023-03-23T01:14:35","date_gmt":"2023-03-22T23:14:35","guid":{"rendered":"https:\/\/webs.uab.cat\/fairleave\/treballa-amb-nosaltres\/"},"modified":"2023-04-18T11:00:15","modified_gmt":"2023-04-18T09:00:15","slug":"treballa-amb-nosaltres","status":"publish","type":"page","link":"https:\/\/webs.uab.cat\/fairleave\/ca\/treballa-amb-nosaltres\/","title":{"rendered":"Treballa amb nosaltres"},"content":{"rendered":"\n<div style=\"height:20px\" aria-hidden=\"true\" class=\"wp-block-spacer\"><\/div>\n\n\n\n<p>T&#8217;agradaria fer un doctorat, un postdoctorat o una estada en un projecte relacionat amb FAIRLEAVE? En aquesta p\u00e0gina trobar\u00e0s informaci\u00f3 sobre com unir-te a la UAB.<\/p>\n\n\n\n<div style=\"height:20px\" aria-hidden=\"true\" class=\"wp-block-spacer\"><\/div>\n\n\n\n<p><strong><u>Investigadors\/es doctorals<\/u><\/strong><\/p>\n\n\n\n<p>Si vols fer el teu doctorat amb un tema relacionat amb FAIRLEAVE estarem encantats de veure si encaixen els nostres temes i interessos i les opcions de finan\u00e7ament. Contacta amb la Investigadora principal, Danislava Marinova, a dani.marinova@uab.cat.<\/p>\n\n\n\n<p>Podeu trobar m\u00e9s informaci\u00f3 sobre el programa de doctorat en Pol\u00edtica, Pol\u00edtiques i Relacions Internacionals de la UAB aqu\u00ed [url: <a href=\"https:\/\/www.uab.cat\/web\/postgraduate\/phds\/all-phd-programmes\/general-information\/politics-policies-and-international-relations-1345467765430.html?param2=1345674105712\" target=\"_blank\" rel=\"noreferrer noopener\">https:\/\/www.uab.cat\/web\/postgraduate\/phds\/all-phd-programmes\/general-information\/politics-policies-and-international-relations-1345467765430.html?param2=1345674105712<\/a> ].<\/p>\n\n\n\n<div style=\"height:20px\" aria-hidden=\"true\" class=\"wp-block-spacer\"><\/div>\n\n\n\n<p><strong><u>Programes postdoctorals<\/u><\/strong><\/p>\n\n\n\n<p>Ens complau patrocinar els sol\u00b7licitants interessats a sol\u00b7licitar els programes postdoctorals que s&#8217;indiquen a continuaci\u00f3. Si voleu sol\u00b7licitar-los, poseu-vos en contacte amb la Investigadora principal, Danislava Marinova, a <a href=\"mailto:dani.marinova@uab.cat\" target=\"_blank\" rel=\"noreferrer noopener\">dani.marinova@uab.cat<\/a>.<\/p>\n\n\n\n<ul class=\"wp-block-list\"><li><strong>Juan de la Cierva Research Fellowship<\/strong> <br>[url: <a href=\"https:\/\/www.aei.gob.es\/convocatorias\/buscador-convocatorias\/ayudas-contratos-juan-cierva-formacion-2021\" target=\"_blank\" rel=\"noreferrer noopener\">https:\/\/www.aei.gob.es\/convocatorias\/buscador-convocatorias\/ayudas-contratos-juan-cierva-formacion-2021<\/a>]<\/li><\/ul>\n\n\n\n<ul class=\"wp-block-list\"><li><strong>Beatriu de Pinos Research Fellowship<\/strong> <br>(url: <a href=\"https:\/\/www.aei.gob.es\/convocatorias\/buscador-convocatorias\/ayudas-contratos-juan-cierva-formacion-2021\" target=\"_blank\" rel=\"noreferrer noopener\">https:\/\/www.aei.gob.es\/convocatorias\/buscador-convocatorias\/ayudas-contratos-juan-cierva-formacion-2021<\/a>)<\/li><\/ul>\n\n\n\n<ul class=\"wp-block-list\"><li><strong>Marie Sk\u0142odowska-Curie Individual Fellowship<\/strong> <br>(url: <a rel=\"noreferrer noopener\" href=\"https:\/\/marie-sklodowska-curie-actions.ec.europa.eu\/actions\/postdoctoral-fellowships\" target=\"_blank\">https:\/\/marie-sklodowska-curie-actions.ec.europa.eu\/actions\/postdoctoral-fellowships<\/a>)<\/li><\/ul>\n\n\n\n<div style=\"height:20px\" aria-hidden=\"true\" class=\"wp-block-spacer\"><\/div>\n\n\n\n<p><strong><u>Recercadors\/es visitants<\/u><\/strong><\/p>\n\n\n\n<p>Ens complau acollir-vos com a investigador visitant al nostre grup. Podem oferir un espai d&#8217;oficina compartida al campus principal de la UAB i un lloc per presentar-vos al nostre seminari. Si voleu unir-vos com a Recercador\/a visitant, contacteu amb la Investigadora principal, Danislava Marinova, a dani.marinova@uab.cat.<\/p>\n\n\n\n<p>Oportunitats de finan\u00e7ament per a investigadors visitants:<\/p>\n\n\n\n<ul class=\"wp-block-list\"><li><strong>IEA Visiting Researcher Program <\/strong><br>[url<strong>: <\/strong><a rel=\"noreferrer noopener\" href=\"https:\/\/presidencia.gencat.cat\/en\/ambits_d_actuacio\/desenvolupament_autogovern\/institut-destudis-autogovern\/recerca\/\" target=\"_blank\">https:\/\/presidencia.gencat.cat\/en\/ambits_d_actuacio\/desenvolupament_autogovern\/institut-destudis-autogovern\/recerca\/<\/a> ]<\/li><\/ul>\n\n\n\n<ul class=\"wp-block-list\"><li><strong>European Consortium of Innovative Universities (ECIU) mobility fund<\/strong> <br>[url: <a href=\"https:\/\/www.eciu.eu\/for-university-staff\/researchers-mobility-fund\" target=\"_blank\" rel=\"noreferrer noopener\">https:\/\/www.eciu.eu\/for-university-staff\/researchers-mobility-fund<\/a> ]<\/li><\/ul>\n","protected":false},"excerpt":{"rendered":"<p>T&#8217;agradaria fer un doctorat, un postdoctorat o una estada en un projecte relacionat amb FAIRLEAVE? En aquesta p\u00e0gina trobar\u00e0s informaci\u00f3 sobre com unir-te a la UAB. Investigadors\/es doctorals Si vols fer el teu doctorat amb un tema relacionat amb FAIRLEAVE estarem encantats de veure si encaixen els nostres temes i interessos i les opcions de [&hellip;]<\/p>\n","protected":false},"author":34,"featured_media":0,"parent":0,"menu_order":0,"comment_status":"closed","ping_status":"closed","template":"","meta":{"footnotes":""},"class_list":["post-74","page","type-page","status-publish","hentry"],"_links":{"self":[{"href":"https:\/\/webs.uab.cat\/fairleave\/ca\/wp-json\/wp\/v2\/pages\/74","targetHints":{"allow":["GET"]}}],"collection":[{"href":"https:\/\/webs.uab.cat\/fairleave\/ca\/wp-json\/wp\/v2\/pages"}],"about":[{"href":"https:\/\/webs.uab.cat\/fairleave\/ca\/wp-json\/wp\/v2\/types\/page"}],"author":[{"embeddable":true,"href":"https:\/\/webs.uab.cat\/fairleave\/ca\/wp-json\/wp\/v2\/users\/34"}],"replies":[{"embeddable":true,"href":"https:\/\/webs.uab.cat\/fairleave\/ca\/wp-json\/wp\/v2\/comments?post=74"}],"version-history":[{"count":6,"href":"https:\/\/webs.uab.cat\/fairleave\/ca\/wp-json\/wp\/v2\/pages\/74\/revisions"}],"predecessor-version":[{"id":89,"href":"https:\/\/webs.uab.cat\/fairleave\/ca\/wp-json\/wp\/v2\/pages\/74\/revisions\/89"}],"wp:attachment":[{"href":"https:\/\/webs.uab.cat\/fairleave\/ca\/wp-json\/wp\/v2\/media?parent=74"}],"curies":[{"name":"wp","href":"https:\/\/api.w.org\/{rel}","templated":true}]}}