{"id":46,"date":"2023-03-23T01:02:05","date_gmt":"2023-03-22T23:02:05","guid":{"rendered":"https:\/\/webs.uab.cat\/fairleave\/equipo\/"},"modified":"2025-01-08T12:17:43","modified_gmt":"2025-01-08T10:17:43","slug":"equipo","status":"publish","type":"page","link":"https:\/\/webs.uab.cat\/fairleave\/es\/equipo\/","title":{"rendered":"Equipo"},"content":{"rendered":"\n<div style=\"height:10px\" aria-hidden=\"true\" class=\"wp-block-spacer\"><\/div>\n\n\n\n<p><strong>Macarena Ares<\/strong> es profesora Serra H\u00fanter en el Departamento de Ciencia Pol\u00edtica de la Universidad de Barcelona.\nDoctora en Ciencias Pol\u00edticas y Sociales por el Instituto Universitario Europeo en 2017.\nEst\u00e1 interesada en el estudio de la pol\u00edtica de clase, la pol\u00edtica social, el comportamiento electoral, la participaci\u00f3n pol\u00edtica y la opini\u00f3n p\u00fablica.\nPueden consultarse m\u00e1s detalles de mi investigaci\u00f3n aqu\u00ed.\n[Web <a href=\"https:\/\/macarenaares.com\/\">https:\/\/macarenaares.com\/<\/a>]    <\/p>\n\n\n\n<p><strong>Pedro Manuel Bell\u00f3n Jim\u00e9nez<\/strong> es doctorando en IGOP-UAB y en el Departamento de Ciencia Pol\u00edtica en la Universidad Aut\u00f3noma de Barcelona.\nGraduado en Sociolog\u00eda y Ciencia Pol\u00edtica por la Universidad Carlos III de Madrid (2021) y m\u00e1ster en Estudios Avanzados en Trabajo y Empleo por la Universidad Complutense de Madrid (2022).\nSu investigaci\u00f3n se centra en la conciliaci\u00f3n y la igualdad de g\u00e9nero y su vinculaci\u00f3n a los estudios del trabajo y la sociolog\u00eda urbana.  <\/p>\n\n\n\n<p><strong>Julia Ca\u00f1ero Ruiz<\/strong> es antrop\u00f3loga, madre e investigadora sobre maternidades y feminismos.\nActualmente es doctoranda en la Universidad de Granada con una investigaci\u00f3n sobre activismos de madres realizada en grupos de apoyo a la lactancia materna de Andaluc\u00eda.\nHa participado con estas tem\u00e1ticas en diversos congresos nacionales e internacionales especializados y publicado art\u00edculos.\nAs\u00ed mismo, es divulgadora en diarios y revistas como Pikara Magazine\ny activista feminista en diversos colectivos.\n[Web: https:\/\/linktr.ee\/juliacaneroruiz]     <\/p>\n\n\n\n<p><strong>Gabriela de Carvalho<\/strong> es Investigadora Postdoctoral en el Departamento de Ciencia Pol\u00edtica y Derecho P\u00fablico de la Universidad Aut\u00f3noma de Barcelona e Investigadora Afiliada en el Centro de Colaboraci\u00f3n Global Dynamics of Social Policy de la Universidad de Bremen. Es doctora en Ciencias Econ\u00f3micas y Sociales por la Universidad de Bremen. Su investigaci\u00f3n se centra en las pol\u00edticas sociales desde una perspectiva comparativa y global, con especial \u00e9nfasis en cuestiones de generosidad de las pol\u00edticas sociales.<\/p>\n\n\n\n<p><strong>Sheila Gonz\u00e1lez Motos<\/strong> es profesora en el Departamento de Ciencia Pol\u00edtica de la Universidad de Barcelona.\nDoctora en Pol\u00edticas P\u00fablicas y Transformaci\u00f3n Social por la Universidad Aut\u00f3noma de Barcelona.\nHa sido investigadora postdoctoral en el Departamento de Sociolog\u00eda de la misma universidad e investigadora visitante en la Hochschule Bremen (Alemania), en el Instituto de Ciencias Sociales (UNAM, M\u00e9xico) y en el Departamento de Investigaciones Educativas (CINVESTAV-M\u00e9xico).\nEs miembro del Instituto de Gobierno y Pol\u00edticas P\u00fablicas (IGOP). Ha investigado sobre an\u00e1lisis de pol\u00edticas p\u00fablicas, especialmente sobre desigualdad educativa.   <\/p>\n\n\n\n<p><strong>Margarita Le\u00f3n<\/strong> es catedr\u00e1tica del Departamento de Ciencia Pol\u00edtica e investigadora principal del Instituto de Gobierno y Pol\u00edticas P\u00fablicas (IGOP) de la Universidad Aut\u00f3noma de Barcelona. Desde 2003 hasta 2010 fue profesora de Pol\u00edtica Social Europea (SSPSSR, Universidad de Kent). Ha sido becaria postdoctoral Marie Curie en el RSCAS, Instituto Universitario Europeo de Florencia, Italia. Es doctora por la London School of Economics (2000). Ha coeditado con A.M. Guill\u00e9n <em>The Spanish Welfare State in European Context <\/em>(2011 Ashgate) y editado <em>The Transformation of Care in European Societies <\/em>(2014, Palgrave).&nbsp; Ha publicado en revistas internacionales revisadas como <em>Journal of European Social Policy, Comparative European Politics, South European Society and Politics y European Journal of Women Studies<\/em>. Ha recibido el premio <em>ICREA ACADEMIA<\/em> a la excelencia investigadora (2018). (URL at Academia.edu: <a href=\"https:\/\/uab.academia.edu\/MargaritaLeon\">https:\/\/uab.academia.edu\/MargaritaLeon<\/a>)<\/p>\n\n\n\n<p><strong>Danislava Marinova <\/strong>(investigadora principal) es Profesora Asociada Serra H\u00fanter de Ciencia Pol\u00edtica en la Universitat Aut\u00f2noma de Barcelona. Su investigaci\u00f3n se sit\u00faa en los campos de la econom\u00eda pol\u00edtica, el comportamiento pol\u00edtico y los estudios de g\u00e9nero. Su libro Coping with Complexity: How Voters Adapt to Unstable Parties gan\u00f3 el Premio GESIS Kligemann a la mejor beca CSES en 2017. Fue becaria Marie Curie Sklodowska (2018-2020), becaria Juan de la Cierva Incorporaci\u00f3n (2015-2018) e investigadora postdoctoral en la Hertie School of Governance de Berl\u00edn (2013-2015). Se doctor\u00f3 en 2012 por la Universidad de Indiana (Bloomington, Estados Unidos) con una beca de mejora de tesis doctoral de la National Science Foundation de Estados Unidos y el premio Kathrine C. Greenough a la mejor tesis en Ciencias Pol\u00edticas.<\/p>\n\n\n\n<p><strong>Maria Mart\u00ed Capera <\/strong>es estudiante de m\u00e1ster en Ciencias Sociales en la UC3M &#8211; Instituto Juan March y licenciada en Ciencias Pol\u00edticas y de la Administraci\u00f3n P\u00fablica por la Universidad Pompeu Fabra. Ha trabajado como asistente de investigaci\u00f3n en la Universidad de Yale y colaborado con la Comisi\u00f3n Europea en un estudio sobre la brecha de g\u00e9nero en las pensiones en Europa. Su investigaci\u00f3n se centra en la evaluaci\u00f3n de pol\u00edticas p\u00fablicas, igualdad de g\u00e9nero y pol\u00edticas sociales.&nbsp;<\/p>\n\n\n\n<p><strong>Martha Ogochukwu<\/strong> <strong>Dennis <\/strong>es candidata a doctora en el Departamento de Ciencia Pol\u00edtica de la Universitat Aut\u00f2noma de Barcelona. Es licenciada en Ciencia Pol\u00edtica (Universidad Federal Wukari) y tiene un m\u00e1ster en Ciencia Pol\u00edtica (Universitat Aut\u00f2noma de Barcelona). Sus intereses de investigaci\u00f3n se centran en los comportamientos y actitudes ante la protesta pol\u00edtica.<\/p>\n\n\n\n<p><strong>Damjan Tomic<\/strong> es doctorando en el Departamento de Ciencia Pol\u00edtica de la Universitat Aut\u00f2noma de Barcelona (UAB).\nSe licenci\u00f3 en Biolog\u00eda, con especializaci\u00f3n en Psicolog\u00eda (Universidad de Western Ontario, 2014); M\u00e1ster en Direcci\u00f3n de Empresas Internacionales (Institut des hautes \u00e9tudes \u00e9conomiques et commerciales, 2016) y M\u00e1ster en Ciencias Pol\u00edticas (Universitat Aut\u00f2noma de Barcelona, 2021).\nSu investigaci\u00f3n se centra en el impacto de los permisos parentales en la fertilidad y en el empleo.  <\/p>\n","protected":false},"excerpt":{"rendered":"<p>Macarena Ares es profesora Serra H\u00fanter en el Departamento de Ciencia Pol\u00edtica de la Universidad de Barcelona. Doctora en Ciencias Pol\u00edticas y Sociales por el Instituto Universitario Europeo en 2017. Est\u00e1 interesada en el estudio de la pol\u00edtica de clase, la pol\u00edtica social, el comportamiento electoral, la participaci\u00f3n pol\u00edtica y la opini\u00f3n p\u00fablica. Pueden consultarse [&hellip;]<\/p>\n","protected":false},"author":34,"featured_media":0,"parent":0,"menu_order":0,"comment_status":"closed","ping_status":"closed","template":"","meta":{"footnotes":""},"class_list":["post-46","page","type-page","status-publish","hentry"],"_links":{"self":[{"href":"https:\/\/webs.uab.cat\/fairleave\/es\/wp-json\/wp\/v2\/pages\/46","targetHints":{"allow":["GET"]}}],"collection":[{"href":"https:\/\/webs.uab.cat\/fairleave\/es\/wp-json\/wp\/v2\/pages"}],"about":[{"href":"https:\/\/webs.uab.cat\/fairleave\/es\/wp-json\/wp\/v2\/types\/page"}],"author":[{"embeddable":true,"href":"https:\/\/webs.uab.cat\/fairleave\/es\/wp-json\/wp\/v2\/users\/34"}],"replies":[{"embeddable":true,"href":"https:\/\/webs.uab.cat\/fairleave\/es\/wp-json\/wp\/v2\/comments?post=46"}],"version-history":[{"count":13,"href":"https:\/\/webs.uab.cat\/fairleave\/es\/wp-json\/wp\/v2\/pages\/46\/revisions"}],"predecessor-version":[{"id":122,"href":"https:\/\/webs.uab.cat\/fairleave\/es\/wp-json\/wp\/v2\/pages\/46\/revisions\/122"}],"wp:attachment":[{"href":"https:\/\/webs.uab.cat\/fairleave\/es\/wp-json\/wp\/v2\/media?parent=46"}],"curies":[{"name":"wp","href":"https:\/\/api.w.org\/{rel}","templated":true}]}}