{"id":58,"date":"2023-03-23T01:08:56","date_gmt":"2023-03-22T23:08:56","guid":{"rendered":"https:\/\/webs.uab.cat\/fairleave\/eventos-y-congresos\/"},"modified":"2025-01-08T13:08:58","modified_gmt":"2025-01-08T11:08:58","slug":"eventos-y-congresos","status":"publish","type":"page","link":"https:\/\/webs.uab.cat\/fairleave\/es\/eventos-y-congresos\/","title":{"rendered":"Eventos y Congresos"},"content":{"rendered":"\n<div style=\"height:10px\" aria-hidden=\"true\" class=\"wp-block-spacer\"><\/div>\n\n<p><strong>Seminarios<\/strong><\/p>\n\n<p>Seminario abierto \u201cPaternity Leave \u2013 Latte Papa or NASCAR Dads?\u201d by Stephan K\u00f6ppe, <br\/>(University College Dublin, School of Social Policy, Social Work and Social Justice) celebrado el 03\/05\/23 en el IGOP (UAB). Link: <a href=\"https:\/\/igop.uab.cat\/2024\/11\/18\/cicle-de-seminaris-oberts-igop\/\" target=\"_blank\" rel=\"noreferrer noopener\">https:\/\/igop.uab.cat\/2024\/11\/18\/cicle-de-seminaris-oberts-igop\/<\/a>  <\/p>\n\n<p>Seminario abierto \u201cParental leave and day-care policy, take-up consequences and changing normative beliefs: Evidence from two survey experiments\u201d por Pia Schrober, (University of T\u00fcbingen) celebrado el 01\/02\/2024 en el IGOP (UAB). Link: https:\/\/igop.uab.cat\/2024\/01\/24\/open-seminar-parental-leave-and-day-care-policy\/  <\/p>\n\n<p>Seminario abierto \u201c\u00bfPremio o penalizaci\u00f3n por paternidad? El impacto del nacimiento de los hijos en los salarios de los hombres en Espa\u00f1a desde un enfoque interseccional\u201d por Irene Lapuerta (Universidad P\u00fablica de Navarra) celebrado el 19\/02\/2025 en el IGOP (UAB). Link: <a href=\"https:\/\/igop.uab.cat\/2024\/11\/18\/cicle-de-seminaris-oberts-igop\/\" target=\"_blank\" rel=\"noreferrer noopener\">https:\/\/igop.uab.cat\/2024\/11\/18\/cicle-de-seminaris-oberts-igop\/<\/a>   <\/p>\n\n<p>Seminario abierto \u201cParenting Leaves and Inequalities: Lessons learned and Future Challenges\u201d impartido por la Profesora Ivana Dobrotic (Universidad de Zagreb) celebrado el 15 de febrero de 2023 en IGOP (UAB). Enlace: https:\/\/igop.uab.cat\/es\/2023\/02\/09\/open-seminar-parenting-leaves-and-inequalities-lessons-learned-and-future-challenges\/<\/p>\n\n<p><strong>Conferencias<\/strong><\/p>\n\n<p>Dobrotic, I. &amp; Le\u00f3n, M. (Julio 2025). \u201cFamily Policy, Gender and Intersecting Inequalities.\u201d Para ser presentado en el 5\u00ba ISA Forum of Sociology en Rabat, Marruecos. Enlace: <a href=\"https:\/\/isaconf.confex.com\/isaconf\/forum2025\/webprogrampreliminary\/Session21762.html\" target=\"_blank\" rel=\"noreferrer noopener\">https:\/\/isaconf.confex.com\/isaconf\/forum2025\/webprogrampreliminary\/Session21762.html<\/a>     <\/p>\n\n<p>Gonz\u00e1lez, S. &amp; Marinova, D. M. (Septiembre 2024). \u201cEqual Leave, Equal Division of Care Work? Evidence from the 2021 Reform of Equal and Non-Transferable Birth Permits in Spain.\u201d Presentado en el encuentro anual del European Consortium for Sociological Research en Barcelona.   <\/p>\n\n<p>Marinova, D. M. &amp; Le\u00f3n, M. (Julio 2024). \u201cGenerous paternity leave in a segmented labor market: A cautionary tale of paternity leave take-up in Spain.\u201d Presentado en la biannual European Conference on Politics and Gender en Ghent, Belgium. Link: <a href=\"https:\/\/ecpr.eu\/Events\/253\" target=\"_blank\" rel=\"noreferrer noopener\">https:\/\/ecpr.eu\/Events\/253<\/a>     <\/p>\n\n<p>Bell\u00f3n, P. M (Julio 2024). \u201cEqual Leave, Solo Impact: When Equal, Non-Transferable Paternity Leave Reduces the Motherhood Penalty in Spain.\u201d Presentado en la European Conference on Politics and Gender en Ghent, Belgium. Link: <a href=\"https:\/\/ecpr.eu\/Events\/253\" target=\"_blank\" rel=\"noreferrer noopener\">https:\/\/ecpr.eu\/Events\/253<\/a>    <\/p>\n\n<p>Bell\u00f3n, P. M (Junio 2024). \u201cUnderstanding Work-Life Balance: Content Analysis of Open-Ended Responses from Newborns\u2019 Parents in Spain.\u201d Presentado en Spring School, Milan, Italy. Link: <a href=\"https:\/\/www.transforming-care.net\/spring-school-researching-care-and-care-policy-in-europe\/\" target=\"_blank\" rel=\"noreferrer noopener\">https:\/\/www.transforming-care.net\/spring-school-researching-care-and-care-policy-in-europe\/<\/a>     <\/p>\n\n<p>Marinova, D. M. &amp; Le\u00f3n, M. (Junio 2024). \u201cGenerous paternity leave in a segmented labor market: A cautionary tale of paternity leave take-up in Spain.\u201d Presentado en el annual meetings of the Society for the Advancement of Socio-Economics en Limerick, Ireland. Link: <a href=\"https:\/\/sase.org\/event\/2024-limerick\/\" target=\"_blank\" rel=\"noreferrer noopener\">https:\/\/sase.org\/event\/2024-limerick\/<\/a>     <\/p>\n\n<p>Bell\u00f3n, P. M (Junio 2024). \u201cUnderstanding Work-Life Balance: Content Analysis of Open-Ended Responses from Newborns\u2019 Parents in Spain.\u201d Presentado en SASE Annual Meeting at Limerick University, Limerick, Ireland. Link: <a href=\"https:\/\/sase.org\/event\/2024-limerick\/\" target=\"_blank\" rel=\"noreferrer noopener\">https:\/\/sase.org\/event\/2024-limerick\/<\/a>     <\/p>\n\n<p>Bell\u00f3n, P. M. &amp; Marinova, D. M. (Julio 2023). \u201cClosing the gender gap? The labor market effects of the 2021 paternity leave reform in Spain.\u201d Presentado en el annual meetings of Red Espa\u00f1ola de Pol\u00edtica Social (REPS) en Mallorca en VIII Congreso Catal\u00e1n Internacional de Sociolog\u00eda en Barcelona, Spain.   <\/p>\n\n<p>Ca\u00f1ero, J. &amp; Marinova, D. M. (Julio 2023). \u201cActitudes hacia la igualdad e intransferibilidad de los permisos por nacimiento en Espa\u00f1a.\u201d Presentado en el congreso anual de la Red Espa\u00f1ola de Pol\u00edtica Social (REPS) en Mallorca i el VIII Congreso Catal\u00e1n Internacional de Sociolog\u00eda en Barcelona, Spain.   <\/p>\n\n<p>Marinova, D. M. &amp; Le\u00f3n, M. (Marzo 2023). \u201cDesigualdad en el acceso a la paternidad? La ampliaci\u00f3n de los permisos de paternidad en Espa\u00f1a.\u201d Presentado en el VIII Congreso Econom\u00eda Feminista en Barcelona, Spain. Link: <a href=\"https:\/\/symposium.uoc.edu\/84715\/detail\/viii-congreso-de-economia-feminista.html\" target=\"_blank\" rel=\"noreferrer noopener\">https:\/\/symposium.uoc.edu\/84715\/detail\/viii-congreso-de-economia-feminista.html<\/a>     <\/p>\n\n<p>Marinova, D. M. &amp; Le\u00f3n, M. (Julio 2023). \u201cLeave take-up among Spanish moms and dads after the extension of paternity leave: The effects of economic and labor market inequalities.\u201d Presentado en el VIII Congreso Catal\u00e1n Internacional de Sociolog\u00eda en Barcelona, Spain. Link: <a href=\"https:\/\/8ccis.iec.cat\/index.html\" target=\"_blank\" rel=\"noreferrer noopener\">https:\/\/8ccis.iec.cat\/index.html<\/a>     <\/p>\n\n<p>Marinova, D. M. &amp; Le\u00f3n, M. (October 2023). \u201cGenerous paternity leave in a segmented labor market: A cautionary tale of paternity leave take-up in Spain.\u201d Presented at 1\u00aa Sesi\u00f3n del Grupo Permanente de G\u00e9nero y Pol\u00edtica, University of Deusto, Bilbao, Spain. Link: <a href=\"https:\/\/agenda.deusto.es\/genero-y-politica-1a-sesion-del-grupo-permanente-genero-y-politica-de-la-asociacion-espanola-de-ciencia-politica-y-de-la-administracion\/\" target=\"_blank\" rel=\"noreferrer noopener\">https:\/\/agenda.deusto.es\/genero-y-politica-1a-sesion-del-grupo-permanente-genero-y-politica-de-la-asociacion-espanola-de-ciencia-politica-y-de-la-administracion\/<\/a>   <\/p>\n\n<p>Datos del proyecto fueron presentados en las jornadas organizadas por el Ministerio de Igualdad de Espa\u00f1a, \u00abEncuentro Feminista Internacional\u00bb, celebradas el 25\/02\/2023 en la Universidad Complutense de Madrid por la investigadora del proyecto, Julia Ca\u00f1ero Ruiz. Enlace a la charla (en el minuto 1:10: <a href=\"https:\/\/www.youtube.com\/watch?v=tjbpORl1RXI&amp;list=PLMXzkNaN1GD1CtO-wF36VprzCZDwdBBVg&amp;index=17\" target=\"_blank\" rel=\"noreferrer noopener\">https:\/\/www.youtube.com\/watch?v=tjbpORl1RXI&amp;list=PLMXzkNaN1GD1CtO-wF36VprzCZDwdBBVg&amp;index=17<\/a>) Enlace al programa de las jornadas: <a href=\"https:\/\/eif2023.es\/\">https:\/\/eif2023.es\/<\/a><\/p>\n\n<p>Nuestro proyecto fue seleccionado como \u201cproyecto destacado\u201d para participar en una iniciativa de comunicaci\u00f3n cient\u00edfico-t\u00e9cnica de proyectos financiados por la Agencia Estatal de Investigaci\u00f3n a trav\u00e9s de su p\u00e1gina web y redes sociales. 8\/3\/2023. Enlace a la web: <a href=\"https:\/\/www.aei.gob.es\/en\/awarded-grants\/featured-grants\/proyecto-idi-2020-generacion-conocimiento-bajas-paternidad-largas\" target=\"_blank\" rel=\"noreferrer noopener\">https:\/\/www.aei.gob.es\/en\/awarded-grants\/featured-grants\/proyecto-idi-2020-generacion-conocimiento-bajas-paternidad-largas<\/a> <\/p>\n\n<p>Danislava Marinova presented a research paper titled \u201cDesigualdades en el acceso a la paternidad? La ampliaci\u00f3n de los permisos de paternidad\u201d (Inequalities in access to paternity leave? The extensi\u00f3n of paternity leave entitlements in Spain) en el VIII<sup>o<\/sup> Congreso Econom\u00eda Feminista celebrado en marzo 16-18 de 2023 en Barcelona, Spain. Enlace al programa del congreso: <a href=\"https:\/\/drive.google.com\/file\/d\/1R0J0jIhX7jYO1jh8cvhqzau_EQRCQjRw\/view\" target=\"_blank\" rel=\"noreferrer noopener\">Congreso EcoFem 2023 Sesiones paralelas.pdf &#8211; Google Drive<\/a><\/p>\n","protected":false},"excerpt":{"rendered":"<p>Seminarios Seminario abierto \u201cPaternity Leave \u2013 Latte Papa or NASCAR Dads?\u201d by Stephan K\u00f6ppe, (University College Dublin, School of Social Policy, Social Work and Social Justice) celebrado el 03\/05\/23 en el IGOP (UAB). Link: https:\/\/igop.uab.cat\/2024\/11\/18\/cicle-de-seminaris-oberts-igop\/ Seminario abierto \u201cParental leave and day-care policy, take-up consequences and changing normative beliefs: Evidence from two survey experiments\u201d por Pia [&hellip;]<\/p>\n","protected":false},"author":34,"featured_media":0,"parent":0,"menu_order":0,"comment_status":"closed","ping_status":"closed","template":"","meta":{"footnotes":""},"class_list":["post-58","page","type-page","status-publish","hentry"],"_links":{"self":[{"href":"https:\/\/webs.uab.cat\/fairleave\/es\/wp-json\/wp\/v2\/pages\/58","targetHints":{"allow":["GET"]}}],"collection":[{"href":"https:\/\/webs.uab.cat\/fairleave\/es\/wp-json\/wp\/v2\/pages"}],"about":[{"href":"https:\/\/webs.uab.cat\/fairleave\/es\/wp-json\/wp\/v2\/types\/page"}],"author":[{"embeddable":true,"href":"https:\/\/webs.uab.cat\/fairleave\/es\/wp-json\/wp\/v2\/users\/34"}],"replies":[{"embeddable":true,"href":"https:\/\/webs.uab.cat\/fairleave\/es\/wp-json\/wp\/v2\/comments?post=58"}],"version-history":[{"count":3,"href":"https:\/\/webs.uab.cat\/fairleave\/es\/wp-json\/wp\/v2\/pages\/58\/revisions"}],"predecessor-version":[{"id":137,"href":"https:\/\/webs.uab.cat\/fairleave\/es\/wp-json\/wp\/v2\/pages\/58\/revisions\/137"}],"wp:attachment":[{"href":"https:\/\/webs.uab.cat\/fairleave\/es\/wp-json\/wp\/v2\/media?parent=58"}],"curies":[{"name":"wp","href":"https:\/\/api.w.org\/{rel}","templated":true}]}}