{"id":69,"date":"2023-03-23T01:14:35","date_gmt":"2023-03-22T23:14:35","guid":{"rendered":"https:\/\/webs.uab.cat\/fairleave\/trabaja-con-nosotras-https-webs-uab-cat-fairleave-work-with-us\/"},"modified":"2023-04-18T11:03:56","modified_gmt":"2023-04-18T09:03:56","slug":"trabaja-con-nosotras-https-webs-uab-cat-fairleave-work-with-us","status":"publish","type":"page","link":"https:\/\/webs.uab.cat\/fairleave\/es\/trabaja-con-nosotras-https-webs-uab-cat-fairleave-work-with-us\/","title":{"rendered":"Trabaja con nosotras"},"content":{"rendered":"\n<div style=\"height:20px\" aria-hidden=\"true\" class=\"wp-block-spacer\"><\/div>\n\n\n\n<p>\u00bfTe gustar\u00eda hacer un doctorado, un posdoctorado o una estancia en un proyecto relacionado con FAIRLEAVE? En esta p\u00e1gina encontrar\u00e1s informaci\u00f3n sobre c\u00f3mo unirte a nosotros en la UAB.<\/p>\n\n\n\n<div style=\"height:20px\" aria-hidden=\"true\" class=\"wp-block-spacer\"><\/div>\n\n\n\n<p><strong><u>Investigadores\/as de doctorado<\/u><\/strong><\/p>\n\n\n\n<p>Si quieres hacer tu doctorado en un tema relacionado con FAIRLEAVE, estaremos encantados de discutir tu encaje con nuestros intereses\/temas de investigaci\u00f3n y tus oportunidades de financiaci\u00f3n. Contacta con la IP, Danislava Marinova, en dani.marinova@uab.cat.<\/p>\n\n\n\n<p>Puede encontrar m\u00e1s informaci\u00f3n sobre el programa de doctorado en Pol\u00edtica, Pol\u00edticas y Relaciones Internacionales de la UAB aqu\u00ed [url: <a href=\"https:\/\/www.uab.cat\/web\/postgraduate\/phds\/all-phd-programmes\/general-information\/politics-policies-and-international-relations-1345467765430.html?param2=1345674105712\" target=\"_blank\" rel=\"noreferrer noopener\">https:\/\/www.uab.cat\/web\/postgraduate\/phds\/all-phd-programmes\/general-information\/politics-policies-and-international-relations-1345467765430.html?param2=1345674105712<\/a> ].<\/p>\n\n\n\n<div style=\"height:20px\" aria-hidden=\"true\" class=\"wp-block-spacer\"><\/div>\n\n\n\n<p><strong><u>Programas postdoctorales<\/u><\/strong><\/p>\n\n\n\n<p>Estamos encantados de patrocinar a los solicitantes interesados en aplicar a los programas postdoctorales que se enumeran a continuaci\u00f3n. Si desea presentar su candidatura, p\u00f3ngase en contacto con la IP, Danislava Marinova, en <a href=\"mailto:dani.marinova@uab.cat\" target=\"_blank\" rel=\"noreferrer noopener\">dani.marinova@uab.cat<\/a>.<\/p>\n\n\n\n<ul class=\"wp-block-list\"><li><strong>Beca de investigaci\u00f3n Juan de la Cierva<\/strong> <br>[url: <a href=\"https:\/\/www.aei.gob.es\/convocatorias\/buscador-convocatorias\/ayudas-contratos-juan-cierva-formacion-2021\" target=\"_blank\" rel=\"noreferrer noopener\">https:\/\/www.aei.gob.es\/convocatorias\/buscador-convocatorias\/ayudas-contratos-juan-cierva-formacion-2021<\/a>]<\/li><\/ul>\n\n\n\n<ul class=\"wp-block-list\"><li><strong>Beca de investigaci\u00f3n Beatriu de Pin\u00f3s<\/strong> <br>(url: <a href=\"https:\/\/www.aei.gob.es\/convocatorias\/buscador-convocatorias\/ayudas-contratos-juan-cierva-formacion-2021\" target=\"_blank\" rel=\"noreferrer noopener\">https:\/\/www.aei.gob.es\/convocatorias\/buscador-convocatorias\/ayudas-contratos-juan-cierva-formacion-2021<\/a>)<\/li><\/ul>\n\n\n\n<ul class=\"wp-block-list\"><li><strong>Marie Sk\u0142odowska-Curie Individual Fellowship<\/strong> <br>(url: <a rel=\"noreferrer noopener\" href=\"https:\/\/marie-sklodowska-curie-actions.ec.europa.eu\/actions\/postdoctoral-fellowships\" target=\"_blank\">https:\/\/marie-sklodowska-curie-actions.ec.europa.eu\/actions\/postdoctoral-fellowships<\/a>)<\/li><\/ul>\n\n\n\n<div style=\"height:20px\" aria-hidden=\"true\" class=\"wp-block-spacer\"><\/div>\n\n\n\n<p><strong><u>Investigadores visitantes<\/u><\/strong><\/p>\n\n\n\n<p>Estaremos encantados de acogerle como investigador visitante en nuestro grupo. Podemos ofrecerle un espacio de oficina compartido en el campus principal de la UAB y un lugar para presentar en nuestro seminario. Si desea participar como investigador visitante, p\u00f3ngase en contacto con la IP, Danislava Marinova, en dani.marinova@uab.cat.<\/p>\n\n\n\n<p>Oportunidades de financiaci\u00f3n para investigadores visitantes:<\/p>\n\n\n\n<ul class=\"wp-block-list\"><li><strong>IEA Visiting Researcher Program <\/strong><br>[url<strong>: <\/strong><a rel=\"noreferrer noopener\" href=\"https:\/\/presidencia.gencat.cat\/en\/ambits_d_actuacio\/desenvolupament_autogovern\/institut-destudis-autogovern\/recerca\/\" target=\"_blank\">https:\/\/presidencia.gencat.cat\/en\/ambits_d_actuacio\/desenvolupament_autogovern\/institut-destudis-autogovern\/recerca\/<\/a> ]<\/li><\/ul>\n\n\n\n<ul class=\"wp-block-list\"><li><strong>European Consortium of Innovative Universities (ECIU) mobility fund<\/strong> <br>[url: <a href=\"https:\/\/www.eciu.eu\/for-university-staff\/researchers-mobility-fund\" target=\"_blank\" rel=\"noreferrer noopener\">https:\/\/www.eciu.eu\/for-university-staff\/researchers-mobility-fund<\/a> ]<\/li><\/ul>\n","protected":false},"excerpt":{"rendered":"<p>\u00bfTe gustar\u00eda hacer un doctorado, un posdoctorado o una estancia en un proyecto relacionado con FAIRLEAVE? En esta p\u00e1gina encontrar\u00e1s informaci\u00f3n sobre c\u00f3mo unirte a nosotros en la UAB. Investigadores\/as de doctorado Si quieres hacer tu doctorado en un tema relacionado con FAIRLEAVE, estaremos encantados de discutir tu encaje con nuestros intereses\/temas de investigaci\u00f3n y [&hellip;]<\/p>\n","protected":false},"author":34,"featured_media":0,"parent":0,"menu_order":0,"comment_status":"closed","ping_status":"closed","template":"","meta":{"footnotes":""},"class_list":["post-69","page","type-page","status-publish","hentry"],"_links":{"self":[{"href":"https:\/\/webs.uab.cat\/fairleave\/es\/wp-json\/wp\/v2\/pages\/69","targetHints":{"allow":["GET"]}}],"collection":[{"href":"https:\/\/webs.uab.cat\/fairleave\/es\/wp-json\/wp\/v2\/pages"}],"about":[{"href":"https:\/\/webs.uab.cat\/fairleave\/es\/wp-json\/wp\/v2\/types\/page"}],"author":[{"embeddable":true,"href":"https:\/\/webs.uab.cat\/fairleave\/es\/wp-json\/wp\/v2\/users\/34"}],"replies":[{"embeddable":true,"href":"https:\/\/webs.uab.cat\/fairleave\/es\/wp-json\/wp\/v2\/comments?post=69"}],"version-history":[{"count":5,"href":"https:\/\/webs.uab.cat\/fairleave\/es\/wp-json\/wp\/v2\/pages\/69\/revisions"}],"predecessor-version":[{"id":96,"href":"https:\/\/webs.uab.cat\/fairleave\/es\/wp-json\/wp\/v2\/pages\/69\/revisions\/96"}],"wp:attachment":[{"href":"https:\/\/webs.uab.cat\/fairleave\/es\/wp-json\/wp\/v2\/media?parent=69"}],"curies":[{"name":"wp","href":"https:\/\/api.w.org\/{rel}","templated":true}]}}