{"id":18,"date":"2013-11-29T11:20:06","date_gmt":"2013-11-29T10:20:06","guid":{"rendered":"http:\/\/blogs.uab.cat\/felicityhandcv\/?page_id=18"},"modified":"2013-11-29T11:20:06","modified_gmt":"2013-11-29T10:20:06","slug":"admin","status":"publish","type":"page","link":"https:\/\/webs.uab.cat\/felicityhandcv\/admin\/","title":{"rendered":"Admin"},"content":{"rendered":"<h1><strong>2012-2015<br \/>\n<\/strong><\/h1>\n<p>Vicedegana d&#8217;Ordenaci\u00f3 Acad\u00e8mica i de Professorat de la Facultat de Lletres &#8211; Vicedean of the Faculty of Arts. Responsible for Academic Affairs and Teaching Staff.<\/p>\n<h1><strong>2009- 2012<\/strong><\/h1>\n<p>Vicedegana de Professorat, d&#8217;Estudiants i PAS de la Facultat de Lletres &#8211; Vicedean of the Faculty of Arts. Responsible for Students, Teaching and Admin Staff.<\/p>\n<h1><strong>2004-2006<\/strong><\/h1>\n<p>Coordinadora de la Titulaci\u00f3 de Filologia Anglesa &#8211; Degree Coordinator for English Studies<\/p>\n<h1><strong>2003-2005<\/strong><\/h1>\n<p>Delegada del deg\u00e0 per a la Comunicaci\u00f3 i Relacions amb Secund\u00e0ria (Facultat de Lletres) . Dean&#8217;s delegate for Communication and Relations with Secondary Schools (Faculty of Arts)<\/p>\n<h1>2002 &#8211; 2004<\/h1>\n<p>Coordinadora general del Departament de Filologia Anglesa &#8211; General Coordinator of the English Department<\/p>\n<h1>1998-2000<\/h1>\n<p>Coordinadora de la Titulaci\u00f3 de Filologia Anglesa &#8211; Degree Coordinator for English Studies<\/p>\n<h1>1996-1998<\/h1>\n<p>Coordinadora del Programa Erasmus de la Facultat de Lletres &#8211; Faculty Coordinator of the Erasmus Programme<\/p>\n<h1>1995<\/h1>\n<h4>(Sept &#8211; Dec)<\/h4>\n<p>Coordinadora del Tercer Cicle de Filologia Anglesa &#8211; Coordinator of the Doctoral Programme of English Studies<\/p>\n<h1><\/h1>\n<h1>Examing Boards<\/h1>\n<p>Since 1998 I have participated in the entrance exams for university (PAU) and have been president of a board since 2000.<\/p>\n<p>&nbsp;<\/p>\n<p>&nbsp;<\/p>\n","protected":false},"excerpt":{"rendered":"<p>2012-2015 Vicedegana d&#8217;Ordenaci\u00f3 Acad\u00e8mica i de Professorat de la Facultat de Lletres &#8211; Vicedean of the Faculty of Arts. Responsible for Academic Affairs and Teaching Staff. 2009- 2012 Vicedegana de Professorat, d&#8217;Estudiants i PAS de la Facultat de Lletres &#8211; Vicedean of the Faculty of Arts. Responsible for Students, Teaching and Admin Staff. 2004-2006 Coordinadora [&hellip;]<\/p>\n","protected":false},"author":38,"featured_media":0,"parent":0,"menu_order":6,"comment_status":"closed","ping_status":"closed","template":"","meta":{"footnotes":""},"class_list":["post-18","page","type-page","status-publish","hentry"],"_links":{"self":[{"href":"https:\/\/webs.uab.cat\/felicityhandcv\/wp-json\/wp\/v2\/pages\/18","targetHints":{"allow":["GET"]}}],"collection":[{"href":"https:\/\/webs.uab.cat\/felicityhandcv\/wp-json\/wp\/v2\/pages"}],"about":[{"href":"https:\/\/webs.uab.cat\/felicityhandcv\/wp-json\/wp\/v2\/types\/page"}],"author":[{"embeddable":true,"href":"https:\/\/webs.uab.cat\/felicityhandcv\/wp-json\/wp\/v2\/users\/38"}],"replies":[{"embeddable":true,"href":"https:\/\/webs.uab.cat\/felicityhandcv\/wp-json\/wp\/v2\/comments?post=18"}],"version-history":[{"count":0,"href":"https:\/\/webs.uab.cat\/felicityhandcv\/wp-json\/wp\/v2\/pages\/18\/revisions"}],"wp:attachment":[{"href":"https:\/\/webs.uab.cat\/felicityhandcv\/wp-json\/wp\/v2\/media?parent=18"}],"curies":[{"name":"wp","href":"https:\/\/api.w.org\/{rel}","templated":true}]}}