{"id":60,"date":"2013-12-05T20:43:29","date_gmt":"2013-12-05T19:43:29","guid":{"rendered":"http:\/\/blogs.uab.cat\/felicityhandcv\/?page_id=60"},"modified":"2013-12-05T20:43:29","modified_gmt":"2013-12-05T19:43:29","slug":"erasmus-staff-mobility","status":"publish","type":"page","link":"https:\/\/webs.uab.cat\/felicityhandcv\/teaching\/erasmus-staff-mobility\/","title":{"rendered":"Erasmus Staff Mobility"},"content":{"rendered":"<p>1994\u00a0 Ruhr-Universit\u00e4t, Bochum,\u00a0 <strong>Germany<\/strong>.\u00a0\u00a0 1 week &#8211; British Asian writing<\/p>\n<p>1995\u00a0 Manchester Metropolitan University,\u00a0 <strong>UK<\/strong>.\u00a0 I week &#8211; Indian literature in English<\/p>\n<p>2001 University of\u00a0 Sofia, <strong>Bulgaria<\/strong>. 1 week &#8211; British Asian Women Writers<\/p>\n<p>2003\u00a0 University of Cyprus, Nicosia, <strong>Cyprus<\/strong>. \u00a0 1 week &#8211; Migrant Writing in Britain<\/p>\n<p>2005 University of Helsinki, <strong>Finland<\/strong>.\u00a0\u00a0 1 week &#8211; Indian Writers of the Diaspora<\/p>\n<p>2006 University of\u00a0 Iceland (H\u00e1sk\u00f3li \u00cdslands), <strong>Iceland<\/strong>. 1 week &#8211; Intensive course in postcolonial literature from India &amp; Africa.<\/p>\n<p>2007\u00a0 Queen\u00b4s University Belfast, <strong>UK<\/strong>. 1 week &#8211; South Asian Writers of the Diaspora<\/p>\n<p>2008 Liverpool Hope University, <strong>UK<\/strong>. 1 week &#8211;\u00a0 The cinema of Satyajit Ray<\/p>\n<p>2009 Universidade do Minho, <strong>Portugal<\/strong>.\u00a0 1 week &#8211; Multicultural Britain<\/p>\n<p>2010\u00a0 Liverpool Hope University, <strong>UK.<\/strong> 1 week &#8211;\u00a0 Bollywood cinema<\/p>\n<p>2011\u00a0 Universit\u00e9 de la Reuni\u00f3n, <strong>France<\/strong>. 1 week &#8211;\u00a0 East African and Indian Writing<\/p>\n<p>2012\u00a0 University of Stockholm, <strong>Sweden<\/strong>.\u00a0 1 week &#8211; Bollywood.\u00a0 IndoCaribbean Writing.<\/p>\n<p>2014 Liverpool Hope University, <strong>UK<\/strong> .\u00a0 1 week &#8211; \u00a0 Bollywood:\u00a0 Mani Ratnam&#8217;s Terrorism Trilogy<\/p>\n<p>2015 University of Bucharest, <strong>Romania<\/strong>.\u00a0 3 days.\u00a0 Indian Cinema &amp; Indian Ocean Writing<\/p>\n<p>2019 University of Vilnius, Lithuania.\u00a0 3 days.\u00a0 Crime Writing and Environmental Issues in India<\/p>\n","protected":false},"excerpt":{"rendered":"<p>1994\u00a0 Ruhr-Universit\u00e4t, Bochum,\u00a0 Germany.\u00a0\u00a0 1 week &#8211; British Asian writing 1995\u00a0 Manchester Metropolitan University,\u00a0 UK.\u00a0 I week &#8211; Indian literature in English 2001 University of\u00a0 Sofia, Bulgaria. 1 week &#8211; British Asian Women Writers 2003\u00a0 University of Cyprus, Nicosia, Cyprus. \u00a0 1 week &#8211; Migrant Writing in Britain 2005 University of Helsinki, Finland.\u00a0\u00a0 1 week [&hellip;]<\/p>\n","protected":false},"author":38,"featured_media":0,"parent":17,"menu_order":3,"comment_status":"closed","ping_status":"closed","template":"","meta":{"footnotes":""},"class_list":["post-60","page","type-page","status-publish","hentry"],"_links":{"self":[{"href":"https:\/\/webs.uab.cat\/felicityhandcv\/wp-json\/wp\/v2\/pages\/60","targetHints":{"allow":["GET"]}}],"collection":[{"href":"https:\/\/webs.uab.cat\/felicityhandcv\/wp-json\/wp\/v2\/pages"}],"about":[{"href":"https:\/\/webs.uab.cat\/felicityhandcv\/wp-json\/wp\/v2\/types\/page"}],"author":[{"embeddable":true,"href":"https:\/\/webs.uab.cat\/felicityhandcv\/wp-json\/wp\/v2\/users\/38"}],"replies":[{"embeddable":true,"href":"https:\/\/webs.uab.cat\/felicityhandcv\/wp-json\/wp\/v2\/comments?post=60"}],"version-history":[{"count":0,"href":"https:\/\/webs.uab.cat\/felicityhandcv\/wp-json\/wp\/v2\/pages\/60\/revisions"}],"up":[{"embeddable":true,"href":"https:\/\/webs.uab.cat\/felicityhandcv\/wp-json\/wp\/v2\/pages\/17"}],"wp:attachment":[{"href":"https:\/\/webs.uab.cat\/felicityhandcv\/wp-json\/wp\/v2\/media?parent=60"}],"curies":[{"name":"wp","href":"https:\/\/api.w.org\/{rel}","templated":true}]}}