{"id":76,"date":"2013-12-05T21:06:48","date_gmt":"2013-12-05T20:06:48","guid":{"rendered":"http:\/\/blogs.uab.cat\/felicityhandcv\/?page_id=76"},"modified":"2013-12-05T21:06:48","modified_gmt":"2013-12-05T20:06:48","slug":"1999-2008","status":"publish","type":"page","link":"https:\/\/webs.uab.cat\/felicityhandcv\/conferences-2\/1999-2008\/","title":{"rendered":"1999-2008"},"content":{"rendered":"<h1><strong>2008<\/strong><\/h1>\n<p>\u201cThe Confession, the Effusion of Blood and the Allegator: Lindsey Collen\u00b4s <i>Mutiny<\/i>\u201d, <strong>EACLALS (Association for Commonwealth Literature and Language Studies)<\/strong>, Venice, Italy.\u00a0 March 2008<\/p>\n<p>\u201cLa identidad mauriciana:\u00a0 tensiones religiosas y \u00e9tnicas\u201d, <strong>VI Congreso de Estudios Africanos en el Mundo Ib\u00e9rico<\/strong>, Las Palmas de Gran Canaria, Spain.\u00a0 May 2008<\/p>\n<p>\u201cThe Portrayal of Ethnic Violence in India: Bollywood vs Art Cinema\u201d, <strong>Genre, Ideology and Culture in the Cinema. XI Jornadas de Literatura y Cine en Lengua Inglesa\/ XIII SERCIA Conference\/ XIII Cultura &amp; Power Conference<\/strong>, Jaca, Spain.\u00a0\u00a0 September,\u00a0 2008<\/p>\n<p>&#8220;Salman Rushdie\u00b4s Paradise Lost\u201d, <strong>XXXII\u00a0 Asociaci\u00f3n Espa\u00f1ola de Estudios Anglo-Norteamericanos &#8211; AEDEAN<\/strong>, Palma de Mallorca, Spain.\u00a0 November 2008<\/p>\n<p>\u201cBeyond the Constraints of <i>Izzat<\/i>.\u00a0 The Portrayal of East African Asian Women\u201d, <strong>Colloque International \u201cLe regard de l\u2019 Autre\u201d<\/strong>, University of Madras, Chennai, India.\u00a0\u00a0 December\u00a0 2008<\/p>\n<h1><strong>2007<\/strong><\/h1>\n<p>\u201cAmritsar and the Easter Rising: Guilt and Glory\u201d, <strong>India &amp; Ireland Conference<\/strong>, Jawaharlal Nehru University, Delhi, India, January 2007<\/p>\n<p>\u201cQuestioning Diasporic Identity in the Works of Ved Mehta\u201d, <strong>Globalization and Diaspora: Changing Contours of Locality and Identity in the 21<sup>st<\/sup> Century<\/strong>, Centre for the Study of Indian Diaspora University of Hyderabad, India, January, 2007<\/p>\n<p>\u201cRecreating India in East Africa\u201d, <strong>India in the World<\/strong>, Universidad de C\u00f3rdoba, Spain.\u00a0 July, 2007<\/p>\n<p>\u201cSurvival Tactics in Vassanji\u2019s <i>The In-Between World of Vikram Lall<\/i>\u201d, <strong>ACLALS (Association for Commonwealth Literature and Language Studies)<\/strong>, University of British Columbia, Vancouver, Canada.\u00a0 August, 2007.<\/p>\n<p>\u201cHistoricising globalisation: postmodern historiography and\/vs. cultural studies\u201d, <strong>Culture &amp; Power: the Plots of History<\/strong>, Universidad de Oviedo, Spain. September 2007<\/p>\n<p>\u201cIs there a <i>koin\u00e9 <\/i>in Narrating Diasporic Experiences of\u00a0 \u2018Indianness\u2019 ?\u201d\u00a0 <strong>XXXI\u00a0 Asociaci\u00f3n Espa\u00f1ola de Estudios Anglo-Norteamericanos (AEDEAN)<\/strong>, Universidade da Coru\u00f1a, Spain.\u00a0 November 2007<\/p>\n<p>with Mar Garc\u00eda, &#8220;Enjeux po\u00e9tiques et id\u00e9ologiques de la repr\u00e9sentation du f\u00e9minin dans le champ litt\u00e9raire mauricien\u00a0: Lindsey Collen et Ananda Devi&#8221;,\u00a0 <strong>Repr\u00e9sentations compares du feminine en Orient et en Occident<\/strong>, Universit\u00e9 de La Reuni\u00f3n,\u00a0 La Reuni\u00f3n, November, 2007<\/p>\n<h1>\u00a0<strong>2006<\/strong><\/h1>\n<p>\u201cFight or Flight? Tensions in Ved Mehta\u2019s early autobiographical works\u201d. <strong>MESEA\u00a0 (Society for Multi-Ethnic Studies in Europe and the Americas)<\/strong> Pamplona, Spain, 2006<\/p>\n<p>\u201cThe Zanzibari Novel in English?\u00a0 Abdulrazak Gurnah\u2019s use of the Oral Tradition\u201d. <strong>ISOLA\u00a0 (International Society for Oral Literature in Africa)<\/strong>\u00a0 University of the West Indies, Trinidad. July 2006<\/p>\n<p>\u201cStory-telling as an Antidote to Disempowerment\u201d, <strong>Afr@europeans<\/strong>.\u00a0 Le\u00f3n, Spain,\u00a0 October 2006<\/p>\n<h1><strong>2005<\/strong><\/h1>\n<p>\u201cNo Fear of Life and Safety, Just Greed.\u00a0 Migrants in the Work of Abdulrazak Gurnah\u201d, <strong>Triennial Conference Association for Commonwealth Literature and Language Studies (EACLALS)<\/strong>, Malta, 2005<\/p>\n<p>Putting East Africa on the Literary Map: Some Recent Fiction by Abdulrazak Gurnah\u201d, <strong>\u00c1frica Traducida<\/strong>, Soria, Spain, 2005<\/p>\n<h1><strong>2004<\/strong><\/h1>\n<p>\u201cThe Amritsar Massacre: A Turning Point in Indian Nationalism\u201d, <strong>India &amp; Ireland Conference<\/strong>. Galway, Ireland, 2004<\/p>\n<p>\u201cPortraying London\u2019s Banglatown: From <i>Vigilantes<\/i> to <i>Brick Lane<\/i>\u201d, <strong>13th Triennial Conference Association for Commonwealth Literature and Language Studies (ACLALS),<\/strong> Hyderabad, India, 2004<\/p>\n<p>\u201c A Verdict For or Against Globalisation? Hindu Nationalism, \u201cIndia Shining\u201d and the 2004 Elections\u201d, <strong>Culture &amp; Power: Globalisation<\/strong>, Burgos, Spain, 2004<\/p>\n<h1><strong>2001<\/strong><\/h1>\n<p>\u201cOut-Britishing the Brits: Humour in Zadie Smith\u2019s <i>White Teeth<\/i> and BBC TV\u2019s <i>Goodness Gracious Me!<\/i>\u201d, <strong>British Braids Conference<\/strong>, Brunel University, London, UK, 2001<\/p>\n<p>\u201cThe Amritsar massacre or the Beginning of the End of the Raj\u201d, <strong>VII Culture &amp; Power: (Mis)representations<\/strong>, Alcal\u00e1 de Henares, Spain, 2001<\/p>\n<p>\u201cGoing for an English\u201d: Reconciling Post-Colonial British Identities, <strong>12th Triennial Conference Association for Commonwealth Literature and Language Studies (ACLALS)<\/strong>, Canberra, Australia, 2001<\/p>\n<h1><strong>2000<\/strong><\/h1>\n<p><b>\u00a0<\/b>\u201cWhite Saviours and Brown Thugs: Images of India in Contemporary Western Cinema\u201d, <strong>I International Conference on India<\/strong>, Valladolid, Spain, 2000<\/p>\n<h1><strong>1999<\/strong><\/h1>\n<p>\u201cLayers of Africanness: Britain\u2019s African Sub-Colonies\u201d,<strong> European Association for Commonwealth\u00a0 Literature and Language Studies (EACLALS)<\/strong>, T\u00fcbingen, Germany, 1999<\/p>\n<p>\u201cWhat Is History, Sir? Confliciting Discourses on East African Asians\u201d, <strong>V Culture &amp; Power: Challenging Discourses<\/strong>, Valencia, Spain, 1999<\/p>\n<p>&nbsp;<\/p>\n","protected":false},"excerpt":{"rendered":"<p>2008 \u201cThe Confession, the Effusion of Blood and the Allegator: Lindsey Collen\u00b4s Mutiny\u201d, EACLALS (Association for Commonwealth Literature and Language Studies), Venice, Italy.\u00a0 March 2008 \u201cLa identidad mauriciana:\u00a0 tensiones religiosas y \u00e9tnicas\u201d, VI Congreso de Estudios Africanos en el Mundo Ib\u00e9rico, Las Palmas de Gran Canaria, Spain.\u00a0 May 2008 \u201cThe Portrayal of Ethnic Violence in [&hellip;]<\/p>\n","protected":false},"author":38,"featured_media":0,"parent":217,"menu_order":7,"comment_status":"closed","ping_status":"closed","template":"","meta":{"footnotes":""},"class_list":["post-76","page","type-page","status-publish","hentry"],"_links":{"self":[{"href":"https:\/\/webs.uab.cat\/felicityhandcv\/wp-json\/wp\/v2\/pages\/76","targetHints":{"allow":["GET"]}}],"collection":[{"href":"https:\/\/webs.uab.cat\/felicityhandcv\/wp-json\/wp\/v2\/pages"}],"about":[{"href":"https:\/\/webs.uab.cat\/felicityhandcv\/wp-json\/wp\/v2\/types\/page"}],"author":[{"embeddable":true,"href":"https:\/\/webs.uab.cat\/felicityhandcv\/wp-json\/wp\/v2\/users\/38"}],"replies":[{"embeddable":true,"href":"https:\/\/webs.uab.cat\/felicityhandcv\/wp-json\/wp\/v2\/comments?post=76"}],"version-history":[{"count":0,"href":"https:\/\/webs.uab.cat\/felicityhandcv\/wp-json\/wp\/v2\/pages\/76\/revisions"}],"up":[{"embeddable":true,"href":"https:\/\/webs.uab.cat\/felicityhandcv\/wp-json\/wp\/v2\/pages\/217"}],"wp:attachment":[{"href":"https:\/\/webs.uab.cat\/felicityhandcv\/wp-json\/wp\/v2\/media?parent=76"}],"curies":[{"name":"wp","href":"https:\/\/api.w.org\/{rel}","templated":true}]}}