{"id":88,"date":"2013-12-07T19:09:31","date_gmt":"2013-12-07T18:09:31","guid":{"rendered":"http:\/\/blogs.uab.cat\/felicityhandcv\/?page_id=88"},"modified":"2013-12-07T19:09:31","modified_gmt":"2013-12-07T18:09:31","slug":"financed-projects","status":"publish","type":"page","link":"https:\/\/webs.uab.cat\/felicityhandcv\/research\/financed-projects\/","title":{"rendered":"Financed Projects"},"content":{"rendered":"<h1><\/h1>\n<h1>2019-2022<\/h1>\n<p><em>Comunidades rizom\u00e1ticas: mitos de integraci\u00f3n en el mundo indoce\u00e1nico<\/em> Rhizomatic Communities: Myths of Belonging in the Indian Ocean World\u00a0 (PGC2018-095648-B-I00)<\/p>\n<ul>\n<li>Financed by the Spanish Ministry of Science, Innovation and Universities<\/li>\n<li>Head of project: Felicity Hand<\/li>\n<li>Members of project: 11<\/li>\n<\/ul>\n<h1>2018-2019<\/h1>\n<p>Escriure mite i mem\u00f2ria: la lluita dels xagossians contra la injust\u00edcia cultural &#8211;\u00a0Writing Myth and Memory to Fight Cultural Injustice Against Chagossians<\/p>\n<ul>\n<li>Financed by the Autonomous University Solidarity Foundation<\/li>\n<li>Members of project:\u00a0 Felicity Hand and Esther Pujolr\u00e0s<\/li>\n<li><a href=\"https:\/\/blogs.uab.cat\/whentheislandwassold\/\">https:\/\/blogs.uab.cat\/whentheislandwassold\/<\/a><\/li>\n<\/ul>\n<h1><strong>2016-2017<\/strong><\/h1>\n<p>Traumes In\/visibles: Construir la pau mitjan\u00e7ant l&#8217;escriptura &#8211; In\/visible Traumas: Building Peace Through Writing<\/p>\n<ul>\n<li>Financed by the Autonomous University Solidarity Foundation<\/li>\n<li>Members of project: \u00a0Esther Pujolr\u00e0s and Felicity Hand<\/li>\n<\/ul>\n<h1><strong>2015-2018<\/strong><\/h1>\n<p><em>La est\u00e9tica del recuerdo: empat\u00eda, identificaci\u00f3n, duelo.\u00a0 <\/em>The Aesthetics of Remembering: Empathy, Identification, Mourning\u00a0 (FFI2015-63739-P)<\/p>\n<ul>\n<li>Financed by the Spanish Ministry of Economy and Competitiveness<\/li>\n<li>Head of project: Felicity Hand<\/li>\n<li>Members of project: 12<\/li>\n<\/ul>\n<h1><strong>2013-2015<\/strong><\/h1>\n<p><i>Tallers d\u2019escriptura com a ter\u00e0pia per a v\u00edctimes de viol\u00e8ncia de g\u00e8nere<\/i> \u2013 Creative Writing Workshops as Therapy for Victims of Gender Violence<\/p>\n<ul>\n<li>Financed by the Autonomous University Solidarity Foundation<\/li>\n<li>Members of project: Felicity Hand and Esther Pujolr\u00e0s<\/li>\n<li><a href=\"http:\/\/blogs.uab.cat\/nalubaale\/\">http:\/\/blogs.uab.cat\/nalubaale\/<\/a><\/li>\n<\/ul>\n<h1><strong> 2012-2015<\/strong><\/h1>\n<p><i>Redes y relaciones en<\/i><b> <\/b><i>las literaturas del Oc\u00e9ano \u00cdndico<\/i>.\u00a0 Relations and Networks in Indian Ocean Writing\u00a0 (FFI2012-32626)<\/p>\n<ul>\n<li>Financed by the Spanish Ministry of Economy and Competitiveness<\/li>\n<li>Head of project: Felicity Hand<\/li>\n<li>Members of project: 7<\/li>\n<\/ul>\n<h1><strong>2010-2011<\/strong><\/h1>\n<p>AFRIC, centre d\u2019innovaci\u00f3 d\u2019idees i oportunitats. Fase 2. Tanz\u00e0nia<\/p>\n<ul>\n<li>Financed by the Autonomous University Solidarity Foundation<\/li>\n<li>Head of project: Jordi Bacaria<\/li>\n<li>Members of project: 5<\/li>\n<\/ul>\n<h1><strong>2009-2012<\/strong><\/h1>\n<p><i>Nuevas cartograf\u00edas de la indianidad en las literaturas del Oc\u00e9ano Indico: memoria, filiaci\u00f3n, trauma.<\/i> New Cartographies of Indianness in the Literatures of the Indian Ocean: Memory, Connection, Trauma. (FFI2009-07711)<\/p>\n<ul>\n<li>Financed by the Spanish Ministry of Science and Innovation<\/li>\n<li>Head of project: Felicity Hand<\/li>\n<li>Members of project: 11<\/li>\n<\/ul>\n<h1><strong>2006-2009<\/strong><\/h1>\n<p><em>La<\/em><i> hibridaci\u00f3n en la producci\u00f3n literaria indioce\u00e1nica en lengua inglesa y francesa: convergencias y divergencias. <\/i><i>Estudio contrastivo de un sistema literario emergente. &#8211; <\/i>Hybridity in Indian Ocean Literature in English and French: Convergences and Divergences. Contrastive Study of an Emerging Literary System. (HUM2006-02725)<\/p>\n<ul>\n<li>Financed by the Spanish Ministry of Education<\/li>\n<li>Head of project: Felicity Hand<\/li>\n<li>Members of project: 10<\/li>\n<\/ul>\n<h1><strong>1997-2000<\/strong><\/h1>\n<p><em>A<\/em><i>n\u00e1lisis del desarrollo de la literatura y cultura africana angl\u00f3fona<\/i> \u2013 Analysis of the development of Anglophone African literature and culture<\/p>\n<ul>\n<li>Financed by the Spanish Ministry of Education<\/li>\n<li>Head of project: Felicity Hand<\/li>\n<li>Members of project: 7<\/li>\n<\/ul>\n<h1><strong>1995-1997\u00a0\u00a0<\/strong><\/h1>\n<p><i>La influencia de la literatura africana en la formaci\u00f3n de\u00a0 los c\u00e1nones literarios de Europa Oc<\/i><i>cidental<\/i> \u2013 The influence of African literature in the formation of Western European literary canons.<\/p>\n<ul>\n<li>Financed by: Universitat Aut\u00f2noma de Barcelona &amp; Catalan Regional Government<\/li>\n<li>Head of project: Felicity Hand<\/li>\n<li>Members of project: 4<\/li>\n<\/ul>\n","protected":false},"excerpt":{"rendered":"<p>2019-2022 Comunidades rizom\u00e1ticas: mitos de integraci\u00f3n en el mundo indoce\u00e1nico Rhizomatic Communities: Myths of Belonging in the Indian Ocean World\u00a0 (PGC2018-095648-B-I00) Financed by the Spanish Ministry of Science, Innovation and Universities Head of project: Felicity Hand Members of project: 11 2018-2019 Escriure mite i mem\u00f2ria: la lluita dels xagossians contra la injust\u00edcia cultural &#8211;\u00a0Writing Myth [&hellip;]<\/p>\n","protected":false},"author":38,"featured_media":0,"parent":14,"menu_order":1,"comment_status":"closed","ping_status":"closed","template":"","meta":{"footnotes":""},"class_list":["post-88","page","type-page","status-publish","hentry"],"_links":{"self":[{"href":"https:\/\/webs.uab.cat\/felicityhandcv\/wp-json\/wp\/v2\/pages\/88","targetHints":{"allow":["GET"]}}],"collection":[{"href":"https:\/\/webs.uab.cat\/felicityhandcv\/wp-json\/wp\/v2\/pages"}],"about":[{"href":"https:\/\/webs.uab.cat\/felicityhandcv\/wp-json\/wp\/v2\/types\/page"}],"author":[{"embeddable":true,"href":"https:\/\/webs.uab.cat\/felicityhandcv\/wp-json\/wp\/v2\/users\/38"}],"replies":[{"embeddable":true,"href":"https:\/\/webs.uab.cat\/felicityhandcv\/wp-json\/wp\/v2\/comments?post=88"}],"version-history":[{"count":0,"href":"https:\/\/webs.uab.cat\/felicityhandcv\/wp-json\/wp\/v2\/pages\/88\/revisions"}],"up":[{"embeddable":true,"href":"https:\/\/webs.uab.cat\/felicityhandcv\/wp-json\/wp\/v2\/pages\/14"}],"wp:attachment":[{"href":"https:\/\/webs.uab.cat\/felicityhandcv\/wp-json\/wp\/v2\/media?parent=88"}],"curies":[{"name":"wp","href":"https:\/\/api.w.org\/{rel}","templated":true}]}}