{"id":40,"date":"2025-02-21T21:53:54","date_gmt":"2025-02-21T19:53:54","guid":{"rendered":"https:\/\/webs.uab.cat\/fipbec\/?page_id=40"},"modified":"2025-05-12T19:28:33","modified_gmt":"2025-05-12T17:28:33","slug":"inici","status":"publish","type":"page","link":"https:\/\/webs.uab.cat\/fipbec\/","title":{"rendered":"Inici"},"content":{"rendered":"\n<h2 class=\"wp-block-heading\">Formaci\u00f3 Inicial amb Pr\u00e0ctiques Basades en Evid\u00e8ncia Cient\u00edfica (FIPBEC)<\/h2>\n\n\n\n<div class=\"wp-block-columns is-layout-flex wp-container-core-columns-is-layout-9d6595d7 wp-block-columns-is-layout-flex\">\n<div class=\"wp-block-column is-vertically-aligned-top is-layout-flow wp-block-column-is-layout-flow\">\n<figure class=\"wp-block-image alignwide size-large\"><img loading=\"lazy\" decoding=\"async\" width=\"1024\" height=\"346\" src=\"https:\/\/webs.uab.cat\/fipbec\/wp-content\/uploads\/sites\/624\/2025\/04\/FIPBEC-2-2-1024x346.jpg\" alt=\"\" class=\"wp-image-272\" srcset=\"https:\/\/webs.uab.cat\/fipbec\/wp-content\/uploads\/sites\/624\/2025\/04\/FIPBEC-2-2-1024x346.jpg 1024w, https:\/\/webs.uab.cat\/fipbec\/wp-content\/uploads\/sites\/624\/2025\/04\/FIPBEC-2-2-300x101.jpg 300w, https:\/\/webs.uab.cat\/fipbec\/wp-content\/uploads\/sites\/624\/2025\/04\/FIPBEC-2-2-768x259.jpg 768w, https:\/\/webs.uab.cat\/fipbec\/wp-content\/uploads\/sites\/624\/2025\/04\/FIPBEC-2-2-1536x518.jpg 1536w, https:\/\/webs.uab.cat\/fipbec\/wp-content\/uploads\/sites\/624\/2025\/04\/FIPBEC-2-2-1200x405.jpg 1200w, https:\/\/webs.uab.cat\/fipbec\/wp-content\/uploads\/sites\/624\/2025\/04\/FIPBEC-2-2.jpg 1600w\" sizes=\"auto, (max-width: 1024px) 100vw, 1024px\" \/><\/figure>\n\n\n\n<p>El projecte &#8220;Formaci\u00f3 Inicial amb Pr\u00e0ctiques Basades en Evid\u00e8ncia Cient\u00edfica&#8221; pret\u00e9n dissenyar i implementar un Programa de Formaci\u00f3 en Escriptura i Retroacci\u00f3 basat en Evid\u00e8ncies Cient\u00edfiques (PEREC) dins de les assignatures de did\u00e0ctica de la llengua a les facultats d\u2019educaci\u00f3 per tal d&#8217;oferir estrat\u00e8gies als futurs docents de prim\u00e0ria a l&#8217;hora d&#8217;ensenyar a escriure i donar retroacci\u00f3 correctiva escrita (RCE) a partir d&#8217;evid\u00e8ncies cient\u00edfiques.<\/p>\n\n\n\n<p><\/p>\n<\/div>\n<\/div>\n\n\n\n<h2 class=\"wp-block-heading\">El projecte FIPBEC i els Objectius de Desenvolupament Sostenible<\/h2>\n\n\n\n<div class=\"wp-block-columns is-layout-flex wp-container-core-columns-is-layout-9d6595d7 wp-block-columns-is-layout-flex\">\n<div class=\"wp-block-column is-layout-flow wp-block-column-is-layout-flow\" style=\"flex-basis:100%\">\n<figure class=\"wp-block-gallery has-nested-images columns-default is-cropped wp-block-gallery-1 is-layout-flex wp-block-gallery-is-layout-flex\">\n<figure class=\"wp-block-image size-large\"><img loading=\"lazy\" decoding=\"async\" width=\"1024\" height=\"1024\" data-id=\"285\" src=\"https:\/\/webs.uab.cat\/fipbec\/wp-content\/uploads\/sites\/624\/2025\/04\/ods4-1024x1024.jpg\" alt=\"\" class=\"wp-image-285\" \/><\/figure>\n\n\n\n<figure class=\"wp-block-image size-large\"><img loading=\"lazy\" decoding=\"async\" width=\"1024\" height=\"1024\" data-id=\"284\" src=\"https:\/\/webs.uab.cat\/fipbec\/wp-content\/uploads\/sites\/624\/2025\/04\/ods5-1024x1024.jpg\" alt=\"\" class=\"wp-image-284\" \/><\/figure>\n<\/figure>\n<\/div>\n<\/div>\n\n\n\n<blockquote class=\"wp-block-quote is-layout-flow wp-block-quote-is-layout-flow\">\n<p>El projecte FIPBEC planteja garantir en infants, joves i adults, homes i dones la compet\u00e8ncia en escriptura, i eliminar les disparitats de g\u00e8nere a l&#8217;educaci\u00f3 i oferir acc\u00e9s en condicions d&#8217;igualtat a tots els nivells de l&#8217;ensenyament i la formaci\u00f3 professional.<\/p>\n<\/blockquote>\n\n\n\n<p><\/p>\n\n\n\n<p><\/p>\n\n\n\n<p><\/p>\n","protected":false},"excerpt":{"rendered":"<p>Formaci\u00f3 Inicial amb Pr\u00e0ctiques Basades en Evid\u00e8ncia Cient\u00edfica (FIPBEC) El projecte &#8220;Formaci\u00f3 Inicial amb Pr\u00e0ctiques Basades en Evid\u00e8ncia Cient\u00edfica&#8221; pret\u00e9n dissenyar i implementar un Programa de Formaci\u00f3 en Escriptura i Retroacci\u00f3 basat en Evid\u00e8ncies Cient\u00edfiques (PEREC) dins de les assignatures de did\u00e0ctica de la llengua a les facultats d\u2019educaci\u00f3 per tal d&#8217;oferir estrat\u00e8gies als futurs [&hellip;]<\/p>\n","protected":false},"author":3034,"featured_media":0,"parent":0,"menu_order":0,"comment_status":"closed","ping_status":"closed","template":"","meta":{"footnotes":""},"class_list":["post-40","page","type-page","status-publish","hentry"],"_links":{"self":[{"href":"https:\/\/webs.uab.cat\/fipbec\/wp-json\/wp\/v2\/pages\/40","targetHints":{"allow":["GET"]}}],"collection":[{"href":"https:\/\/webs.uab.cat\/fipbec\/wp-json\/wp\/v2\/pages"}],"about":[{"href":"https:\/\/webs.uab.cat\/fipbec\/wp-json\/wp\/v2\/types\/page"}],"author":[{"embeddable":true,"href":"https:\/\/webs.uab.cat\/fipbec\/wp-json\/wp\/v2\/users\/3034"}],"replies":[{"embeddable":true,"href":"https:\/\/webs.uab.cat\/fipbec\/wp-json\/wp\/v2\/comments?post=40"}],"version-history":[{"count":47,"href":"https:\/\/webs.uab.cat\/fipbec\/wp-json\/wp\/v2\/pages\/40\/revisions"}],"predecessor-version":[{"id":320,"href":"https:\/\/webs.uab.cat\/fipbec\/wp-json\/wp\/v2\/pages\/40\/revisions\/320"}],"wp:attachment":[{"href":"https:\/\/webs.uab.cat\/fipbec\/wp-json\/wp\/v2\/media?parent=40"}],"curies":[{"name":"wp","href":"https:\/\/api.w.org\/{rel}","templated":true}]}}