{"id":48,"date":"2025-02-23T19:13:51","date_gmt":"2025-02-23T17:13:51","guid":{"rendered":"https:\/\/webs.uab.cat\/fipbec\/?page_id=48"},"modified":"2025-05-28T22:41:48","modified_gmt":"2025-05-28T20:41:48","slug":"recursos","status":"publish","type":"page","link":"https:\/\/webs.uab.cat\/fipbec\/recursos\/","title":{"rendered":"Recursos"},"content":{"rendered":"\n<p><strong>Bibliografia d&#8217;inter\u00e8s sobre retroacci\u00f3 en context catal\u00e0<\/strong><\/p>\n\n\n\n<p>Comajoan-Colom\u00e9, L., Birello, M., &amp; Salguero, T. (en premsa). Written corrective feedback at the university: Teachers&#8217; detection of errors and impact of different forms of feedback. <em>The Canadian Journal of Applied Linguistics.<\/em><\/p>\n\n\n\n<p>Birello, M., Comajoan-Colom\u00e9, L., &amp; Salguero, T. (Eds.)(en premsa). <em>La retroalimentaci\u00f3n correctiva en L1 y L2 para la mejora de la competencia escrita.<\/em> Octaedro.<\/p>\n\n\n\n<p>Birello, M., Comajoan-Colom\u00e9, L., &amp; Salguero, T. (2024). Corregim a mida. <em>Articles: Revista de did\u00e0ctica de la llengua i de la literatura, 101<\/em>, 32-39.<\/p>\n\n\n\n<p>Comajoan\u2010Colom\u00e9, L., &amp; Salguero, T. (2024). Typologies of Written Corrective Feedback.&nbsp;<em>The TESOL Encyclopedia of English Language Teaching<\/em>, 1-8. <a href=\"https:\/\/doi.org\/10.1002\/9781118784235.eelt1023.pub2\">https:\/\/doi.org\/10.1002\/9781118784235.eelt1023.pub2<\/a><\/p>\n\n\n\n<p>Sans Bertran, M. T., &amp; Birello, M. (2021). La retroacci\u00f3 correctiva oral amb estudiants adults poc escolaritzats.&nbsp;<em>CLIL: Journal of Innovation and Research in Plurilingual and Pluricultural Education<\/em>,&nbsp;<em>4<\/em>(2), 0049-62. <a href=\"https:\/\/doi.org\/10.5565\/rev\/clil.69\">https:\/\/doi.org\/10.5565\/rev\/clil.69<\/a><\/p>\n\n\n\n<p><strong>Altra bibliografia d&#8217;inter\u00e8s:<\/strong><\/p>\n\n\n\n<p class=\"has-text-align-left has-small-font-size\">Biber, D., Nekrasova, T., &amp; Horn, B. (2014). The effectiveness of feedback for L1-English and L2-Writing development: A meta-analysis. <em>ETS Research Report Series, 2011<\/em>, i-99.&nbsp;<\/p>\n\n\n\n<p class=\"has-text-align-left has-small-font-size\">Bitchener, J., &amp; Ferris, D. (2012). <em>Written corrective feedback in second language acquisition and writing<\/em>. Routledge.&nbsp;<\/p>\n\n\n\n<p class=\"has-text-align-left has-small-font-size\">Camps, A. (Coord.). (2003). <em>Seq\u00fc\u00e8ncies did\u00e0ctiques per aprendre a escriure<\/em>. Gra\u00f3.&nbsp;<\/p>\n\n\n\n<p class=\"has-text-align-left has-small-font-size\">Dekker, I., &amp; Meeter, M. (2022). Evidence-based education: Objections and future directions. <em>Frontiers in Education, 7<\/em>, 941410. <a href=\"https:\/\/doi.org\/10.3389\/feduc.2022.941410\" target=\"_blank\" rel=\"noreferrer noopener\">https:\/\/doi.org\/10.3389\/feduc.2022.941410<\/a>&nbsp;<\/p>\n\n\n\n<p class=\"has-text-align-left has-small-font-size\">Dolz, J., Gagnon, R., &amp; Ribera, P. (2013). <em>Producci\u00f3 escrita i dificultats d\u2019aprenentatge<\/em>. Gra\u00f3.&nbsp;<\/p>\n\n\n\n<p class=\"has-text-align-left has-small-font-size\">Graham, S. (2019). Changing how writing is taught. <em>Review of Research in Education, 43<\/em>, 277-303. <a href=\"https:\/\/doi.org\/10.3102\/0091732X18821125\" target=\"_blank\" rel=\"noreferrer noopener\">https:\/\/doi.org\/10.3102\/0091732X18821125<\/a>&nbsp;<\/p>\n\n\n\n<p class=\"has-text-align-left has-small-font-size\">Graham, S., &amp; Perin, D. (2007). A meta-analysis of writing instruction for adolescent students. <em>Journal of Educational Psychology, 99<\/em>, 445-476. <a href=\"https:\/\/doi.org\/10.1037\/0022-0663.99.3.445\" target=\"_blank\" rel=\"noreferrer noopener\">https:\/\/doi.org\/10.1037\/0022-0663.99.3.445<\/a>&nbsp;<\/p>\n\n\n\n<p class=\"has-text-align-left has-small-font-size\">Graham, S., &amp; Harris, K. (2016). A path to better writing: Evidence-based practices in the classroom. <em>The Reading Teacher, 69<\/em>, 359-365.&nbsp;<\/p>\n\n\n\n<p class=\"has-text-align-left has-small-font-size\">Harris, K. R., Lane, K. L., Graham, S., Driscoll, S. A., Sandmel, K., Brindle, M., &amp; Schatschneider, C. (2012). Practice-based professional development for self-regulated strategies development in writing: A randomized controlled study. <em>Journal of Teacher Education, 63<\/em>(2), 103-119. <a href=\"https:\/\/doi.org\/10.1177\/0022487111429005\" target=\"_blank\" rel=\"noreferrer noopener\">https:\/\/doi.org\/10.1177\/0022487111429005<\/a>&nbsp;<\/p>\n\n\n\n<p class=\"has-text-align-left has-small-font-size\">McKeown, D., Brindle, M., Harris, K. R., Sandmel, K., Steinbrecher, T. D., Graham, S., Lane, K. L., &amp; Oakes, W. P. (2018). Teachers\u2019 voices: Perceptions of effective professional development and classwide implementation of self-regulated strategy development in writing. <em>American Educational Research Journal, 56<\/em>(3). <a href=\"https:\/\/doi.org\/10.3102\/0002831218804146\" target=\"_blank\" rel=\"noreferrer noopener\">https:\/\/doi.org\/10.3102\/0002831218804146<\/a>&nbsp;<\/p>\n\n\n\n<p class=\"has-text-align-left has-small-font-size\">McKeown, D., Wijekumar, K., Owens, J., Harris, K., Graham, S., Lei, P., &amp; FitzPatrick, E. (2023). Professional development for evidence-based SRSD writing instruction: Elevating fourth-grade outcomes. <em>Contemporary Educational Psychology, 73<\/em>, 102152.&nbsp;<\/p>\n\n\n\n<p class=\"has-text-align-left has-small-font-size\">Milian, M. (2012). El model de seq\u00fc\u00e8ncia did\u00e0ctica vint anys despr\u00e9s: Un model v\u00e0lid per ensenyar a aprendre i per aprendre a ensenyar. <em>Articles de Did\u00e0ctica de la Llengua i la Literatura, 57<\/em>, 8-21.&nbsp;<\/p>\n\n\n\n<p class=\"has-text-align-left has-small-font-size\">Nassaji, H., &amp; Kartchava, E. (Eds.). (2021). <em>The Cambridge Handbook of Corrective Feedback in Second Language Learning and Teaching<\/em>. Cambridge University Press.&nbsp;<\/p>\n\n\n\n<p class=\"has-text-align-left has-small-font-size\">Ribas i Seix, T. (2011). Avaluar a l\u2019\u00e0rea de llengua i literatura. A. Camps (Coord.), <em>Did\u00e0ctica de la llengua catalana i la literatura<\/em> (pp. 165-180). Gra\u00f3.&nbsp;<\/p>\n\n\n\n<p class=\"has-text-align-left has-small-font-size\">S\u00e1nchez-Rivero, R., Alves, R. A., Limpo, T., &amp; Fidalgo, R. (2021). An\u00e1lisis de una encuesta sobre la ense\u00f1anza de la escritura en la educaci\u00f3n obligatoria: Pr\u00e1cticas y variables del profesorado. <em>Revista Espa\u00f1ola de Pedagog\u00eda, 79<\/em>(279), 321-340. <a href=\"https:\/\/doi.org\/10.22550\/REP79-2-2021-01\" target=\"_blank\" rel=\"noreferrer noopener\">https:\/\/doi.org\/10.22550\/REP79-2-2021-01<\/a>&nbsp;<\/p>\n\n\n\n<p class=\"has-text-align-left has-small-font-size\">Tedick, D., &amp; Lyster, R. (2020). <em>Scaffolding language development in immersion and dual language classrooms<\/em>. Routledge.&nbsp;<\/p>\n\n\n\n<p><\/p>\n","protected":false},"excerpt":{"rendered":"<p>Bibliografia d&#8217;inter\u00e8s sobre retroacci\u00f3 en context catal\u00e0 Comajoan-Colom\u00e9, L., Birello, M., &amp; Salguero, T. (en premsa). Written corrective feedback at the university: Teachers&#8217; detection of errors and impact of different forms of feedback. The Canadian Journal of Applied Linguistics. Birello, M., Comajoan-Colom\u00e9, L., &amp; Salguero, T. (Eds.)(en premsa). La retroalimentaci\u00f3n correctiva en L1 y L2 [&hellip;]<\/p>\n","protected":false},"author":3034,"featured_media":0,"parent":0,"menu_order":4,"comment_status":"closed","ping_status":"closed","template":"","meta":{"footnotes":""},"class_list":["post-48","page","type-page","status-publish","hentry"],"_links":{"self":[{"href":"https:\/\/webs.uab.cat\/fipbec\/wp-json\/wp\/v2\/pages\/48","targetHints":{"allow":["GET"]}}],"collection":[{"href":"https:\/\/webs.uab.cat\/fipbec\/wp-json\/wp\/v2\/pages"}],"about":[{"href":"https:\/\/webs.uab.cat\/fipbec\/wp-json\/wp\/v2\/types\/page"}],"author":[{"embeddable":true,"href":"https:\/\/webs.uab.cat\/fipbec\/wp-json\/wp\/v2\/users\/3034"}],"replies":[{"embeddable":true,"href":"https:\/\/webs.uab.cat\/fipbec\/wp-json\/wp\/v2\/comments?post=48"}],"version-history":[{"count":15,"href":"https:\/\/webs.uab.cat\/fipbec\/wp-json\/wp\/v2\/pages\/48\/revisions"}],"predecessor-version":[{"id":323,"href":"https:\/\/webs.uab.cat\/fipbec\/wp-json\/wp\/v2\/pages\/48\/revisions\/323"}],"wp:attachment":[{"href":"https:\/\/webs.uab.cat\/fipbec\/wp-json\/wp\/v2\/media?parent=48"}],"curies":[{"name":"wp","href":"https:\/\/api.w.org\/{rel}","templated":true}]}}