{"id":67,"date":"2025-02-23T19:48:39","date_gmt":"2025-02-23T17:48:39","guid":{"rendered":"https:\/\/webs.uab.cat\/fipbec\/?page_id=67"},"modified":"2025-03-29T22:28:00","modified_gmt":"2025-03-29T20:28:00","slug":"contacte","status":"publish","type":"page","link":"https:\/\/webs.uab.cat\/fipbec\/contacte\/","title":{"rendered":"Contacte"},"content":{"rendered":"\n<p><\/p>\n\n\n\n<div class=\"wp-block-columns is-layout-flex wp-container-core-columns-is-layout-9d6595d7 wp-block-columns-is-layout-flex\">\n<div class=\"wp-block-column is-layout-flow wp-block-column-is-layout-flow\">\n<p class=\"wp-block-uab-alerta alerta\">Facultat de Ci\u00e8ncies de l\u2019Educaci\u00f3 Edifici G5, Pl. del Coneixement, s\/n, Campus de la UAB, 08193 Bellaterra\u00a0(Cerdanyola del Vall\u00e8s) Adre\u00e7a electr\u00f2nica: wcfconf@wcfproject.com Tel\u00e8fon: 935811678<\/p>\n<\/div>\n<\/div>\n\n\n\n<p><\/p>\n","protected":false},"excerpt":{"rendered":"","protected":false},"author":3034,"featured_media":0,"parent":0,"menu_order":6,"comment_status":"closed","ping_status":"closed","template":"","meta":{"footnotes":""},"class_list":["post-67","page","type-page","status-publish","hentry"],"_links":{"self":[{"href":"https:\/\/webs.uab.cat\/fipbec\/wp-json\/wp\/v2\/pages\/67","targetHints":{"allow":["GET"]}}],"collection":[{"href":"https:\/\/webs.uab.cat\/fipbec\/wp-json\/wp\/v2\/pages"}],"about":[{"href":"https:\/\/webs.uab.cat\/fipbec\/wp-json\/wp\/v2\/types\/page"}],"author":[{"embeddable":true,"href":"https:\/\/webs.uab.cat\/fipbec\/wp-json\/wp\/v2\/users\/3034"}],"replies":[{"embeddable":true,"href":"https:\/\/webs.uab.cat\/fipbec\/wp-json\/wp\/v2\/comments?post=67"}],"version-history":[{"count":5,"href":"https:\/\/webs.uab.cat\/fipbec\/wp-json\/wp\/v2\/pages\/67\/revisions"}],"predecessor-version":[{"id":232,"href":"https:\/\/webs.uab.cat\/fipbec\/wp-json\/wp\/v2\/pages\/67\/revisions\/232"}],"wp:attachment":[{"href":"https:\/\/webs.uab.cat\/fipbec\/wp-json\/wp\/v2\/media?parent=67"}],"curies":[{"name":"wp","href":"https:\/\/api.w.org\/{rel}","templated":true}]}}