{"id":14,"date":"2023-03-17T17:01:37","date_gmt":"2023-03-17T15:01:37","guid":{"rendered":"https:\/\/webs.uab.cat\/fled\/?page_id=14"},"modified":"2023-03-21T17:16:35","modified_gmt":"2023-03-21T15:16:35","slug":"fled-team","status":"publish","type":"page","link":"https:\/\/webs.uab.cat\/fled\/fled-team\/","title":{"rendered":"FLeD Team"},"content":{"rendered":"\n<p>This project involves six partner universities: Universitat Aut\u00f2noma de Barcelona (Spain), Sofia University (Bulgaria), Pompeu Fabra University (Spain), Universit\u00e0 di Trento (Italy), Universitetet i Stavanger (Norway), and Universidade Aberta (Portugal).<\/p>\n\n\n\n<h2 class=\"wp-block-heading\">Universitat Aut\u00f2noma de Barcelona<\/h2>\n\n\n\n<figure class=\"wp-block-gallery has-nested-images columns-3 is-cropped wp-block-gallery-1 is-layout-flex wp-block-gallery-is-layout-flex\">\n<figure class=\"wp-block-image size-large is-style-default\"><img loading=\"lazy\" decoding=\"async\" width=\"1000\" height=\"1024\" data-id=\"15\" src=\"https:\/\/webs.uab.cat\/fled\/wp-content\/uploads\/sites\/314\/2023\/03\/Ingrid-1000x1024.jpg\" alt=\"\" class=\"wp-image-15\" srcset=\"https:\/\/webs.uab.cat\/fled\/wp-content\/uploads\/sites\/314\/2023\/03\/Ingrid-1000x1024.jpg 1000w, https:\/\/webs.uab.cat\/fled\/wp-content\/uploads\/sites\/314\/2023\/03\/Ingrid-293x300.jpg 293w, https:\/\/webs.uab.cat\/fled\/wp-content\/uploads\/sites\/314\/2023\/03\/Ingrid-768x787.jpg 768w, https:\/\/webs.uab.cat\/fled\/wp-content\/uploads\/sites\/314\/2023\/03\/Ingrid-1500x1536.jpg 1500w, https:\/\/webs.uab.cat\/fled\/wp-content\/uploads\/sites\/314\/2023\/03\/Ingrid-1999x2048.jpg 1999w, https:\/\/webs.uab.cat\/fled\/wp-content\/uploads\/sites\/314\/2023\/03\/Ingrid-1200x1229.jpg 1200w, https:\/\/webs.uab.cat\/fled\/wp-content\/uploads\/sites\/314\/2023\/03\/Ingrid-1980x2028.jpg 1980w\" sizes=\"auto, (max-width: 1000px) 100vw, 1000px\" \/><figcaption>Ingrid Noguera. <br>Assistant Professor of Educational Theories, FLeD Project Coordinator.<\/figcaption><\/figure>\n\n\n\n<figure class=\"wp-block-image size-large\"><img loading=\"lazy\" decoding=\"async\" width=\"2560\" height=\"2392\" data-id=\"16\" src=\"https:\/\/webs.uab.cat\/fled\/wp-content\/uploads\/sites\/314\/2023\/03\/Paloma-scaled.jpg\" alt=\"\" class=\"wp-image-16\" srcset=\"https:\/\/webs.uab.cat\/fled\/wp-content\/uploads\/sites\/314\/2023\/03\/Paloma-scaled.jpg 2560w, https:\/\/webs.uab.cat\/fled\/wp-content\/uploads\/sites\/314\/2023\/03\/Paloma-300x280.jpg 300w, https:\/\/webs.uab.cat\/fled\/wp-content\/uploads\/sites\/314\/2023\/03\/Paloma-1024x957.jpg 1024w, https:\/\/webs.uab.cat\/fled\/wp-content\/uploads\/sites\/314\/2023\/03\/Paloma-768x718.jpg 768w, https:\/\/webs.uab.cat\/fled\/wp-content\/uploads\/sites\/314\/2023\/03\/Paloma-1536x1435.jpg 1536w, https:\/\/webs.uab.cat\/fled\/wp-content\/uploads\/sites\/314\/2023\/03\/Paloma-2048x1914.jpg 2048w, https:\/\/webs.uab.cat\/fled\/wp-content\/uploads\/sites\/314\/2023\/03\/Paloma-1200x1121.jpg 1200w, https:\/\/webs.uab.cat\/fled\/wp-content\/uploads\/sites\/314\/2023\/03\/Paloma-1980x1850.jpg 1980w\" sizes=\"auto, (max-width: 2560px) 100vw, 2560px\" \/><figcaption>Paloma<\/figcaption><\/figure>\n\n\n\n<figure class=\"wp-block-image size-large\"><img loading=\"lazy\" decoding=\"async\" width=\"2408\" height=\"2560\" data-id=\"17\" src=\"https:\/\/webs.uab.cat\/fled\/wp-content\/uploads\/sites\/314\/2023\/03\/IMG_0379-scaled.jpg\" alt=\"\" class=\"wp-image-17\" srcset=\"https:\/\/webs.uab.cat\/fled\/wp-content\/uploads\/sites\/314\/2023\/03\/IMG_0379-scaled.jpg 2408w, https:\/\/webs.uab.cat\/fled\/wp-content\/uploads\/sites\/314\/2023\/03\/IMG_0379-282x300.jpg 282w, https:\/\/webs.uab.cat\/fled\/wp-content\/uploads\/sites\/314\/2023\/03\/IMG_0379-963x1024.jpg 963w, https:\/\/webs.uab.cat\/fled\/wp-content\/uploads\/sites\/314\/2023\/03\/IMG_0379-768x817.jpg 768w, https:\/\/webs.uab.cat\/fled\/wp-content\/uploads\/sites\/314\/2023\/03\/IMG_0379-1445x1536.jpg 1445w, https:\/\/webs.uab.cat\/fled\/wp-content\/uploads\/sites\/314\/2023\/03\/IMG_0379-1926x2048.jpg 1926w, https:\/\/webs.uab.cat\/fled\/wp-content\/uploads\/sites\/314\/2023\/03\/IMG_0379-1200x1276.jpg 1200w, https:\/\/webs.uab.cat\/fled\/wp-content\/uploads\/sites\/314\/2023\/03\/IMG_0379-1980x2105.jpg 1980w\" sizes=\"auto, (max-width: 2408px) 100vw, 2408px\" \/><figcaption>Laura<\/figcaption><\/figure>\n\n\n\n<figure class=\"wp-block-image size-large\"><img loading=\"lazy\" decoding=\"async\" width=\"2049\" height=\"2560\" data-id=\"18\" src=\"https:\/\/webs.uab.cat\/fled\/wp-content\/uploads\/sites\/314\/2023\/03\/IMG_0365-scaled.jpg\" alt=\"\" class=\"wp-image-18\" srcset=\"https:\/\/webs.uab.cat\/fled\/wp-content\/uploads\/sites\/314\/2023\/03\/IMG_0365-scaled.jpg 2049w, https:\/\/webs.uab.cat\/fled\/wp-content\/uploads\/sites\/314\/2023\/03\/IMG_0365-240x300.jpg 240w, https:\/\/webs.uab.cat\/fled\/wp-content\/uploads\/sites\/314\/2023\/03\/IMG_0365-820x1024.jpg 820w, https:\/\/webs.uab.cat\/fled\/wp-content\/uploads\/sites\/314\/2023\/03\/IMG_0365-768x960.jpg 768w, https:\/\/webs.uab.cat\/fled\/wp-content\/uploads\/sites\/314\/2023\/03\/IMG_0365-1229x1536.jpg 1229w, https:\/\/webs.uab.cat\/fled\/wp-content\/uploads\/sites\/314\/2023\/03\/IMG_0365-1639x2048.jpg 1639w, https:\/\/webs.uab.cat\/fled\/wp-content\/uploads\/sites\/314\/2023\/03\/IMG_0365-1200x1499.jpg 1200w, https:\/\/webs.uab.cat\/fled\/wp-content\/uploads\/sites\/314\/2023\/03\/IMG_0365-1980x2474.jpg 1980w\" sizes=\"auto, (max-width: 2049px) 100vw, 2049px\" \/><figcaption>Claudia Paredes. Post-doc Researcher, FLeD Project Manager.<\/figcaption><\/figure>\n\n\n\n<figure class=\"wp-block-image size-large\"><img loading=\"lazy\" decoding=\"async\" width=\"989\" height=\"1024\" data-id=\"51\" src=\"https:\/\/webs.uab.cat\/fled\/wp-content\/uploads\/sites\/314\/2023\/03\/PalomaS-989x1024.jpg\" alt=\"\" class=\"wp-image-51\" srcset=\"https:\/\/webs.uab.cat\/fled\/wp-content\/uploads\/sites\/314\/2023\/03\/PalomaS-989x1024.jpg 989w, https:\/\/webs.uab.cat\/fled\/wp-content\/uploads\/sites\/314\/2023\/03\/PalomaS-290x300.jpg 290w, https:\/\/webs.uab.cat\/fled\/wp-content\/uploads\/sites\/314\/2023\/03\/PalomaS-768x795.jpg 768w, https:\/\/webs.uab.cat\/fled\/wp-content\/uploads\/sites\/314\/2023\/03\/PalomaS-1484x1536.jpg 1484w, https:\/\/webs.uab.cat\/fled\/wp-content\/uploads\/sites\/314\/2023\/03\/PalomaS-1978x2048.jpg 1978w, https:\/\/webs.uab.cat\/fled\/wp-content\/uploads\/sites\/314\/2023\/03\/PalomaS-1200x1242.jpg 1200w, https:\/\/webs.uab.cat\/fled\/wp-content\/uploads\/sites\/314\/2023\/03\/PalomaS-1980x2050.jpg 1980w\" sizes=\"auto, (max-width: 989px) 100vw, 989px\" \/><figcaption>Paloma Sep\u00falveda. PhD  Candidate in Education.<\/figcaption><\/figure>\n<\/figure>\n\n\n\n<p class=\"has-text-align-center\"><\/p>\n\n\n\n<h2 class=\"wp-block-heading\">Universitat Pompeu Fabra<\/h2>\n\n\n\n<figure class=\"wp-block-gallery has-nested-images columns-default is-cropped wp-block-gallery-2 is-layout-flex wp-block-gallery-is-layout-flex\">\n<figure class=\"wp-block-image size-large\"><img loading=\"lazy\" decoding=\"async\" width=\"400\" height=\"400\" data-id=\"22\" src=\"https:\/\/webs.uab.cat\/fled\/wp-content\/uploads\/sites\/314\/2023\/03\/Davinia_96x96-4.png\" alt=\"UPF\" class=\"wp-image-22\" srcset=\"https:\/\/webs.uab.cat\/fled\/wp-content\/uploads\/sites\/314\/2023\/03\/Davinia_96x96-4.png 400w, https:\/\/webs.uab.cat\/fled\/wp-content\/uploads\/sites\/314\/2023\/03\/Davinia_96x96-4-300x300.png 300w, https:\/\/webs.uab.cat\/fled\/wp-content\/uploads\/sites\/314\/2023\/03\/Davinia_96x96-4-150x150.png 150w\" sizes=\"auto, (max-width: 400px) 100vw, 400px\" \/><figcaption>Davinia Hern\u00e1ndez-Leo. Full Professor, ICT Department.<\/figcaption><\/figure>\n\n\n\n<figure class=\"wp-block-image size-large\"><img loading=\"lazy\" decoding=\"async\" width=\"400\" height=\"400\" data-id=\"23\" src=\"https:\/\/webs.uab.cat\/fled\/wp-content\/uploads\/sites\/314\/2023\/03\/Laia-Albo\u0301_.jpeg\" alt=\"UPF\" class=\"wp-image-23\" srcset=\"https:\/\/webs.uab.cat\/fled\/wp-content\/uploads\/sites\/314\/2023\/03\/Laia-Albo\u0301_.jpeg 400w, https:\/\/webs.uab.cat\/fled\/wp-content\/uploads\/sites\/314\/2023\/03\/Laia-Albo\u0301_-300x300.jpeg 300w, https:\/\/webs.uab.cat\/fled\/wp-content\/uploads\/sites\/314\/2023\/03\/Laia-Albo\u0301_-150x150.jpeg 150w\" sizes=\"auto, (max-width: 400px) 100vw, 400px\" \/><figcaption>Laia Alb\u00f3. Researcher.<\/figcaption><\/figure>\n<\/figure>\n\n\n\n<h2 class=\"wp-block-heading\">Sofia University<\/h2>\n\n\n\n<figure class=\"wp-block-gallery has-nested-images columns-default is-cropped wp-block-gallery-3 is-layout-flex wp-block-gallery-is-layout-flex\">\n<figure class=\"wp-block-image size-large\"><img loading=\"lazy\" decoding=\"async\" width=\"2560\" height=\"2535\" data-id=\"24\" src=\"https:\/\/webs.uab.cat\/fled\/wp-content\/uploads\/sites\/314\/2023\/03\/IMG_0334-scaled.jpg\" alt=\"\" class=\"wp-image-24\" srcset=\"https:\/\/webs.uab.cat\/fled\/wp-content\/uploads\/sites\/314\/2023\/03\/IMG_0334-scaled.jpg 2560w, https:\/\/webs.uab.cat\/fled\/wp-content\/uploads\/sites\/314\/2023\/03\/IMG_0334-300x297.jpg 300w, https:\/\/webs.uab.cat\/fled\/wp-content\/uploads\/sites\/314\/2023\/03\/IMG_0334-1024x1014.jpg 1024w, https:\/\/webs.uab.cat\/fled\/wp-content\/uploads\/sites\/314\/2023\/03\/IMG_0334-150x150.jpg 150w, https:\/\/webs.uab.cat\/fled\/wp-content\/uploads\/sites\/314\/2023\/03\/IMG_0334-768x760.jpg 768w, https:\/\/webs.uab.cat\/fled\/wp-content\/uploads\/sites\/314\/2023\/03\/IMG_0334-1536x1521.jpg 1536w, https:\/\/webs.uab.cat\/fled\/wp-content\/uploads\/sites\/314\/2023\/03\/IMG_0334-2048x2028.jpg 2048w, https:\/\/webs.uab.cat\/fled\/wp-content\/uploads\/sites\/314\/2023\/03\/IMG_0334-1200x1188.jpg 1200w, https:\/\/webs.uab.cat\/fled\/wp-content\/uploads\/sites\/314\/2023\/03\/IMG_0334-1980x1961.jpg 1980w\" sizes=\"auto, (max-width: 2560px) 100vw, 2560px\" \/><figcaption>Roumiana Peytcheva-Forsyth. Professor in Educational Technology at Faculty of Education, Director of SU Distance Education Center<\/figcaption><\/figure>\n\n\n\n<figure class=\"wp-block-image size-large\"><img loading=\"lazy\" decoding=\"async\" width=\"1707\" height=\"2560\" data-id=\"25\" src=\"https:\/\/webs.uab.cat\/fled\/wp-content\/uploads\/sites\/314\/2023\/03\/Veronica-Racheva-scaled.jpg\" alt=\"\" class=\"wp-image-25\" srcset=\"https:\/\/webs.uab.cat\/fled\/wp-content\/uploads\/sites\/314\/2023\/03\/Veronica-Racheva-scaled.jpg 1707w, https:\/\/webs.uab.cat\/fled\/wp-content\/uploads\/sites\/314\/2023\/03\/Veronica-Racheva-200x300.jpg 200w, https:\/\/webs.uab.cat\/fled\/wp-content\/uploads\/sites\/314\/2023\/03\/Veronica-Racheva-683x1024.jpg 683w, https:\/\/webs.uab.cat\/fled\/wp-content\/uploads\/sites\/314\/2023\/03\/Veronica-Racheva-768x1152.jpg 768w, https:\/\/webs.uab.cat\/fled\/wp-content\/uploads\/sites\/314\/2023\/03\/Veronica-Racheva-1024x1536.jpg 1024w, https:\/\/webs.uab.cat\/fled\/wp-content\/uploads\/sites\/314\/2023\/03\/Veronica-Racheva-1365x2048.jpg 1365w, https:\/\/webs.uab.cat\/fled\/wp-content\/uploads\/sites\/314\/2023\/03\/Veronica-Racheva-1200x1800.jpg 1200w, https:\/\/webs.uab.cat\/fled\/wp-content\/uploads\/sites\/314\/2023\/03\/Veronica-Racheva-1980x2970.jpg 1980w\" sizes=\"auto, (max-width: 1707px) 100vw, 1707px\" \/><figcaption>Veronica Racheva. Assistant Professor, PhD at Faculty of Education.<\/figcaption><\/figure>\n\n\n\n<figure class=\"wp-block-image size-large\"><img loading=\"lazy\" decoding=\"async\" width=\"1707\" height=\"2560\" data-id=\"26\" src=\"https:\/\/webs.uab.cat\/fled\/wp-content\/uploads\/sites\/314\/2023\/03\/Stoyan-Saev-scaled.jpg\" alt=\"\" class=\"wp-image-26\" srcset=\"https:\/\/webs.uab.cat\/fled\/wp-content\/uploads\/sites\/314\/2023\/03\/Stoyan-Saev-scaled.jpg 1707w, https:\/\/webs.uab.cat\/fled\/wp-content\/uploads\/sites\/314\/2023\/03\/Stoyan-Saev-200x300.jpg 200w, https:\/\/webs.uab.cat\/fled\/wp-content\/uploads\/sites\/314\/2023\/03\/Stoyan-Saev-683x1024.jpg 683w, https:\/\/webs.uab.cat\/fled\/wp-content\/uploads\/sites\/314\/2023\/03\/Stoyan-Saev-768x1152.jpg 768w, https:\/\/webs.uab.cat\/fled\/wp-content\/uploads\/sites\/314\/2023\/03\/Stoyan-Saev-1024x1536.jpg 1024w, https:\/\/webs.uab.cat\/fled\/wp-content\/uploads\/sites\/314\/2023\/03\/Stoyan-Saev-1365x2048.jpg 1365w, https:\/\/webs.uab.cat\/fled\/wp-content\/uploads\/sites\/314\/2023\/03\/Stoyan-Saev-1200x1800.jpg 1200w, https:\/\/webs.uab.cat\/fled\/wp-content\/uploads\/sites\/314\/2023\/03\/Stoyan-Saev-1980x2970.jpg 1980w\" sizes=\"auto, (max-width: 1707px) 100vw, 1707px\" \/><figcaption>Stoyan Saev. Head Assistant Professor, PhD at Faculty of Education, Sofia University.<\/figcaption><\/figure>\n\n\n\n<figure class=\"wp-block-image size-large\"><img loading=\"lazy\" decoding=\"async\" width=\"1707\" height=\"2560\" data-id=\"27\" src=\"https:\/\/webs.uab.cat\/fled\/wp-content\/uploads\/sites\/314\/2023\/03\/Blagovesna-Yovkova-scaled.jpg\" alt=\"\" class=\"wp-image-27\" srcset=\"https:\/\/webs.uab.cat\/fled\/wp-content\/uploads\/sites\/314\/2023\/03\/Blagovesna-Yovkova-scaled.jpg 1707w, https:\/\/webs.uab.cat\/fled\/wp-content\/uploads\/sites\/314\/2023\/03\/Blagovesna-Yovkova-200x300.jpg 200w, https:\/\/webs.uab.cat\/fled\/wp-content\/uploads\/sites\/314\/2023\/03\/Blagovesna-Yovkova-683x1024.jpg 683w, https:\/\/webs.uab.cat\/fled\/wp-content\/uploads\/sites\/314\/2023\/03\/Blagovesna-Yovkova-768x1152.jpg 768w, https:\/\/webs.uab.cat\/fled\/wp-content\/uploads\/sites\/314\/2023\/03\/Blagovesna-Yovkova-1024x1536.jpg 1024w, https:\/\/webs.uab.cat\/fled\/wp-content\/uploads\/sites\/314\/2023\/03\/Blagovesna-Yovkova-1365x2048.jpg 1365w, https:\/\/webs.uab.cat\/fled\/wp-content\/uploads\/sites\/314\/2023\/03\/Blagovesna-Yovkova-1200x1800.jpg 1200w, https:\/\/webs.uab.cat\/fled\/wp-content\/uploads\/sites\/314\/2023\/03\/Blagovesna-Yovkova-1980x2970.jpg 1980w\" sizes=\"auto, (max-width: 1707px) 100vw, 1707px\" \/><figcaption>Blagovesna\u00a0Yovkova.\u00a0Associate Professor, PhD at Faculty of Education.<\/figcaption><\/figure>\n<\/figure>\n\n\n\n<h2 class=\"wp-block-heading\">Universit\u00e0 di Trento<\/h2>\n\n\n\n<figure class=\"wp-block-gallery has-nested-images columns-default is-cropped wp-block-gallery-4 is-layout-flex wp-block-gallery-is-layout-flex\">\n<figure class=\"wp-block-image size-large\"><img loading=\"lazy\" decoding=\"async\" width=\"2560\" height=\"2182\" data-id=\"28\" src=\"https:\/\/webs.uab.cat\/fled\/wp-content\/uploads\/sites\/314\/2023\/03\/Anna-Serbati-scaled.jpg\" alt=\"\" class=\"wp-image-28\" srcset=\"https:\/\/webs.uab.cat\/fled\/wp-content\/uploads\/sites\/314\/2023\/03\/Anna-Serbati-scaled.jpg 2560w, https:\/\/webs.uab.cat\/fled\/wp-content\/uploads\/sites\/314\/2023\/03\/Anna-Serbati-300x256.jpg 300w, https:\/\/webs.uab.cat\/fled\/wp-content\/uploads\/sites\/314\/2023\/03\/Anna-Serbati-1024x873.jpg 1024w, https:\/\/webs.uab.cat\/fled\/wp-content\/uploads\/sites\/314\/2023\/03\/Anna-Serbati-768x655.jpg 768w, https:\/\/webs.uab.cat\/fled\/wp-content\/uploads\/sites\/314\/2023\/03\/Anna-Serbati-1536x1309.jpg 1536w, https:\/\/webs.uab.cat\/fled\/wp-content\/uploads\/sites\/314\/2023\/03\/Anna-Serbati-2048x1746.jpg 2048w, https:\/\/webs.uab.cat\/fled\/wp-content\/uploads\/sites\/314\/2023\/03\/Anna-Serbati-1200x1023.jpg 1200w, https:\/\/webs.uab.cat\/fled\/wp-content\/uploads\/sites\/314\/2023\/03\/Anna-Serbati-1980x1688.jpg 1980w\" sizes=\"auto, (max-width: 2560px) 100vw, 2560px\" \/><figcaption>Anna Serbati. Associate Professor of Educational Research, Member of the Teaching Learning Center scientific board, Member of the Quality Assurance Unit.<\/figcaption><\/figure>\n\n\n\n<figure class=\"wp-block-image size-large\"><img loading=\"lazy\" decoding=\"async\" width=\"2560\" height=\"2428\" data-id=\"29\" src=\"https:\/\/webs.uab.cat\/fled\/wp-content\/uploads\/sites\/314\/2023\/03\/Italia-scaled.jpg\" alt=\"\" class=\"wp-image-29\" srcset=\"https:\/\/webs.uab.cat\/fled\/wp-content\/uploads\/sites\/314\/2023\/03\/Italia-scaled.jpg 2560w, https:\/\/webs.uab.cat\/fled\/wp-content\/uploads\/sites\/314\/2023\/03\/Italia-300x285.jpg 300w, https:\/\/webs.uab.cat\/fled\/wp-content\/uploads\/sites\/314\/2023\/03\/Italia-1024x971.jpg 1024w, https:\/\/webs.uab.cat\/fled\/wp-content\/uploads\/sites\/314\/2023\/03\/Italia-768x728.jpg 768w, https:\/\/webs.uab.cat\/fled\/wp-content\/uploads\/sites\/314\/2023\/03\/Italia-1536x1457.jpg 1536w, https:\/\/webs.uab.cat\/fled\/wp-content\/uploads\/sites\/314\/2023\/03\/Italia-2048x1943.jpg 2048w, https:\/\/webs.uab.cat\/fled\/wp-content\/uploads\/sites\/314\/2023\/03\/Italia-1200x1138.jpg 1200w, https:\/\/webs.uab.cat\/fled\/wp-content\/uploads\/sites\/314\/2023\/03\/Italia-1980x1878.jpg 1980w\" sizes=\"auto, (max-width: 2560px) 100vw, 2560px\" \/><figcaption>Daniele Agostini. Assistant Professor of Experimental Pedagogy.<\/figcaption><\/figure>\n\n\n\n<figure class=\"wp-block-image size-large\"><img loading=\"lazy\" decoding=\"async\" width=\"720\" height=\"720\" data-id=\"30\" src=\"https:\/\/webs.uab.cat\/fled\/wp-content\/uploads\/sites\/314\/2023\/03\/Arianna-Bentenuto.jpg\" alt=\"\" class=\"wp-image-30\" srcset=\"https:\/\/webs.uab.cat\/fled\/wp-content\/uploads\/sites\/314\/2023\/03\/Arianna-Bentenuto.jpg 720w, https:\/\/webs.uab.cat\/fled\/wp-content\/uploads\/sites\/314\/2023\/03\/Arianna-Bentenuto-300x300.jpg 300w, https:\/\/webs.uab.cat\/fled\/wp-content\/uploads\/sites\/314\/2023\/03\/Arianna-Bentenuto-150x150.jpg 150w\" sizes=\"auto, (max-width: 720px) 100vw, 720px\" \/><figcaption>Arianna Bentenuto. Assistant Professor.<\/figcaption><\/figure>\n\n\n\n<figure class=\"wp-block-image size-large\"><img loading=\"lazy\" decoding=\"async\" width=\"401\" height=\"621\" data-id=\"31\" src=\"https:\/\/webs.uab.cat\/fled\/wp-content\/uploads\/sites\/314\/2023\/03\/Gianluca-Esposito.png\" alt=\"\" class=\"wp-image-31\" srcset=\"https:\/\/webs.uab.cat\/fled\/wp-content\/uploads\/sites\/314\/2023\/03\/Gianluca-Esposito.png 401w, https:\/\/webs.uab.cat\/fled\/wp-content\/uploads\/sites\/314\/2023\/03\/Gianluca-Esposito-194x300.png 194w\" sizes=\"auto, (max-width: 401px) 100vw, 401px\" \/><figcaption>Gianluca Esposito. Full Professor, Chair of the Ph.D. Program in Cognitive Science.<\/figcaption><\/figure>\n\n\n\n<figure class=\"wp-block-image size-large\"><img loading=\"lazy\" decoding=\"async\" width=\"1155\" height=\"1091\" data-id=\"32\" src=\"https:\/\/webs.uab.cat\/fled\/wp-content\/uploads\/sites\/314\/2023\/03\/Paola-Venuti.jpg\" alt=\"\" class=\"wp-image-32\" srcset=\"https:\/\/webs.uab.cat\/fled\/wp-content\/uploads\/sites\/314\/2023\/03\/Paola-Venuti.jpg 1155w, https:\/\/webs.uab.cat\/fled\/wp-content\/uploads\/sites\/314\/2023\/03\/Paola-Venuti-300x283.jpg 300w, https:\/\/webs.uab.cat\/fled\/wp-content\/uploads\/sites\/314\/2023\/03\/Paola-Venuti-1024x967.jpg 1024w, https:\/\/webs.uab.cat\/fled\/wp-content\/uploads\/sites\/314\/2023\/03\/Paola-Venuti-768x725.jpg 768w\" sizes=\"auto, (max-width: 1155px) 100vw, 1155px\" \/><figcaption>Paola Venuti. Full Professor of Clinica Psychopathology &#8211; Vice-Rector for Teaching and Learning.<\/figcaption><\/figure>\n\n\n\n<figure class=\"wp-block-image size-large\"><img loading=\"lazy\" decoding=\"async\" width=\"1766\" height=\"2158\" data-id=\"33\" src=\"https:\/\/webs.uab.cat\/fled\/wp-content\/uploads\/sites\/314\/2023\/03\/Simona-de-Falco.jpeg\" alt=\"\" class=\"wp-image-33\" srcset=\"https:\/\/webs.uab.cat\/fled\/wp-content\/uploads\/sites\/314\/2023\/03\/Simona-de-Falco.jpeg 1766w, https:\/\/webs.uab.cat\/fled\/wp-content\/uploads\/sites\/314\/2023\/03\/Simona-de-Falco-246x300.jpeg 246w, https:\/\/webs.uab.cat\/fled\/wp-content\/uploads\/sites\/314\/2023\/03\/Simona-de-Falco-838x1024.jpeg 838w, https:\/\/webs.uab.cat\/fled\/wp-content\/uploads\/sites\/314\/2023\/03\/Simona-de-Falco-768x938.jpeg 768w, https:\/\/webs.uab.cat\/fled\/wp-content\/uploads\/sites\/314\/2023\/03\/Simona-de-Falco-1257x1536.jpeg 1257w, https:\/\/webs.uab.cat\/fled\/wp-content\/uploads\/sites\/314\/2023\/03\/Simona-de-Falco-1676x2048.jpeg 1676w, https:\/\/webs.uab.cat\/fled\/wp-content\/uploads\/sites\/314\/2023\/03\/Simona-de-Falco-1200x1466.jpeg 1200w\" sizes=\"auto, (max-width: 1766px) 100vw, 1766px\" \/><figcaption>Simona de Falco. Associate Professor.<\/figcaption><\/figure>\n<\/figure>\n\n\n\n<h2 class=\"wp-block-heading\">Universitetet i Stavanger<\/h2>\n\n\n\n<figure class=\"wp-block-image size-large\"><img loading=\"lazy\" decoding=\"async\" width=\"1024\" height=\"1004\" src=\"https:\/\/webs.uab.cat\/fled\/wp-content\/uploads\/sites\/314\/2023\/03\/IMG_0326-1024x1004.jpg\" alt=\"\" class=\"wp-image-35\" srcset=\"https:\/\/webs.uab.cat\/fled\/wp-content\/uploads\/sites\/314\/2023\/03\/IMG_0326-1024x1004.jpg 1024w, https:\/\/webs.uab.cat\/fled\/wp-content\/uploads\/sites\/314\/2023\/03\/IMG_0326-300x294.jpg 300w, https:\/\/webs.uab.cat\/fled\/wp-content\/uploads\/sites\/314\/2023\/03\/IMG_0326-768x753.jpg 768w, https:\/\/webs.uab.cat\/fled\/wp-content\/uploads\/sites\/314\/2023\/03\/IMG_0326-1536x1506.jpg 1536w, https:\/\/webs.uab.cat\/fled\/wp-content\/uploads\/sites\/314\/2023\/03\/IMG_0326-2048x2008.jpg 2048w, https:\/\/webs.uab.cat\/fled\/wp-content\/uploads\/sites\/314\/2023\/03\/IMG_0326-1200x1177.jpg 1200w, https:\/\/webs.uab.cat\/fled\/wp-content\/uploads\/sites\/314\/2023\/03\/IMG_0326-1980x1942.jpg 1980w\" sizes=\"auto, (max-width: 1024px) 100vw, 1024px\" \/><figcaption>Kenan Dikilitas. Professor of University Pedagogy.<\/figcaption><\/figure>\n\n\n\n<h2 class=\"wp-block-heading\">Universidade Aberta<\/h2>\n\n\n\n<p><\/p>\n\n\n\n<figure class=\"wp-block-gallery has-nested-images columns-default is-cropped wp-block-gallery-5 is-layout-flex wp-block-gallery-is-layout-flex\"><\/figure>\n\n\n\n<figure class=\"wp-block-gallery has-nested-images columns-default is-cropped wp-block-gallery-6 is-layout-flex wp-block-gallery-is-layout-flex\"><\/figure>\n","protected":false},"excerpt":{"rendered":"<p>This project involves six partner universities: Universitat Aut\u00f2noma de Barcelona (Spain), Sofia University (Bulgaria), Pompeu Fabra University (Spain), Universit\u00e0 di Trento (Italy), Universitetet i Stavanger (Norway), and Universidade Aberta (Portugal). Universitat Aut\u00f2noma de Barcelona Universitat Pompeu Fabra Sofia University Universit\u00e0 di Trento Universitetet i Stavanger Universidade Aberta<\/p>\n","protected":false},"author":2611,"featured_media":0,"parent":0,"menu_order":0,"comment_status":"closed","ping_status":"closed","template":"","meta":{"footnotes":""},"class_list":["post-14","page","type-page","status-publish","hentry"],"_links":{"self":[{"href":"https:\/\/webs.uab.cat\/fled\/wp-json\/wp\/v2\/pages\/14","targetHints":{"allow":["GET"]}}],"collection":[{"href":"https:\/\/webs.uab.cat\/fled\/wp-json\/wp\/v2\/pages"}],"about":[{"href":"https:\/\/webs.uab.cat\/fled\/wp-json\/wp\/v2\/types\/page"}],"author":[{"embeddable":true,"href":"https:\/\/webs.uab.cat\/fled\/wp-json\/wp\/v2\/users\/2611"}],"replies":[{"embeddable":true,"href":"https:\/\/webs.uab.cat\/fled\/wp-json\/wp\/v2\/comments?post=14"}],"version-history":[{"count":10,"href":"https:\/\/webs.uab.cat\/fled\/wp-json\/wp\/v2\/pages\/14\/revisions"}],"predecessor-version":[{"id":54,"href":"https:\/\/webs.uab.cat\/fled\/wp-json\/wp\/v2\/pages\/14\/revisions\/54"}],"wp:attachment":[{"href":"https:\/\/webs.uab.cat\/fled\/wp-json\/wp\/v2\/media?parent=14"}],"curies":[{"name":"wp","href":"https:\/\/api.w.org\/{rel}","templated":true}]}}